{"id":1927,"date":"2021-05-02T19:29:33","date_gmt":"2021-05-02T17:29:33","guid":{"rendered":"https:\/\/lescreationsde.celineinmyworldmedium.com\/?post_type=product&#038;p=1927"},"modified":"2024-03-11T00:18:32","modified_gmt":"2024-03-10T23:18:32","slug":"boucles-doreilles-fleurs-de-vie","status":"publish","type":"product","link":"https:\/\/lescreationsde.celineinmyworldmedium.com\/index.php\/produit\/boucles-doreilles-fleurs-de-vie\/","title":{"rendered":"Boucles d&rsquo;oreilles Fleurs de vie"},"content":{"rendered":"<h4>La vertu de la fleur de vie :<\/h4>\n<p><strong><em>La Fleur de Vie, est un symbole universel de protection, d\u2019harmonie, de cr\u00e9ativit\u00e9, de fertilit\u00e9, d\u2019ancrage et d\u2019abondance.<\/em><\/strong><\/p>\n<p>La fleur de vie est un symbole g\u00e9om\u00e9trique tr\u00e8s ancien. Bas\u00e9 sur une s\u00e9rie de cercles de m\u00eame dimension, ils s\u2019entrecroisent en rosace. On obtient une forme hexagonale. \u00c0 l\u2019int\u00e9rieur de laquelle le centre de chaque cercle est positionn\u00e9 sur la circonf\u00e9rence de six cercles qui l\u2019entourent. La fleur de vie est g\u00e9n\u00e9ralement repr\u00e9sent\u00e9e par 19 cercles.<\/p>\n<p><em>(Fabriqu\u00e9es sur crochets en plastique semi-rigide antiallerg\u00e8ne. Possibilit\u00e9 de les confectionner sur crochets argent\u00e9s.)<\/em><\/p>\n","protected":false},"excerpt":{"rendered":"<table>\n<tbody>\n<tr>\n<td style=\"texte-align: left; color: gray; border: none;\"><strong>Hors frais d\u2019exp\u00e9dition<\/strong><\/td>\n<\/tr>\n<tr>\n<td style=\"texte-align: left; color: gray; border: none;\"><strong>Bijoux confectionn\u00e9s sur-mesure, sur commande<br \/>Les couleurs et motifs des pierres varient d&rsquo;un bijou \u00e0 un autre<br \/>D\u00e9lai de confection environ 30 jours<\/strong><\/td>\n<\/tr>\n<tr>\n<td style=\"texte-align: left; color: green; border: none;\"><a href=\"https:\/\/lescreationsde.celineinmyworldmedium.com\/index.php\/categorie-produit\/catalogue\/accessoires\/crochets-boucles-doreilles\/\" target=\"_blank\" rel=\"noopener\"><strong>Voir les diff\u00e9rents crochets<\/strong><\/a><\/td>\n<\/tr>\n<\/tbody>\n<\/table>\n","protected":false},"featured_media":1929,"comment_status":"open","ping_status":"closed","template":"","meta":[],"product_brand":[],"product_cat":[48,110],"product_tag":[152,42,44,38,47,43,41,40,39,23,745,25,36,34,26,37,35,16,24,45,17,33,32,27,89,22,28],"class_list":{"0":"post-1927","1":"product","2":"type-product","3":"status-publish","4":"has-post-thumbnail","6":"product_cat-boucles-doreilles","7":"product_cat-boutique","8":"product_tag-amour","9":"product_tag-bijou","10":"product_tag-bijou-energetique","11":"product_tag-bijoux","12":"product_tag-bijoux-anti-allergies","13":"product_tag-bijoux-energetiques","14":"product_tag-bijoux-fait-main","15":"product_tag-bijoux-personnalises","16":"product_tag-bijoux-sur-mesure","17":"product_tag-boucles-doreilles","18":"product_tag-boucles-doreilles-fleurs-de-vie","19":"product_tag-bracelet","20":"product_tag-bracelet-femme","21":"product_tag-bracelet-homme","22":"product_tag-bracelets","23":"product_tag-bracelets-femme","24":"product_tag-bracelets-homme","25":"product_tag-collier","26":"product_tag-collier-femme","27":"product_tag-collier-personnalise","28":"product_tag-colliers","29":"product_tag-energetique","30":"product_tag-lithotherapie","31":"product_tag-pierre","32":"product_tag-pierre-naturelle","33":"product_tag-pierre-semi-precieuse","34":"product_tag-pierres-naturelles","36":"first","37":"instock","38":"shipping-taxable","39":"purchasable","40":"product-type-variable"},"yoast_head":"<!-- This site is optimized with the Yoast SEO plugin v27.2 - https:\/\/yoast.com\/product\/yoast-seo-wordpress\/ -->\n<title>Les cr\u00e9ations de C\u00e9line Inmyworld - Boucles d&#039;oreilles Fleurs de vie<\/title>\n<meta name=\"description\" content=\"La Fleur de Vie, est un symbole universel de protection, d\u2019harmonie, de cr\u00e9ativit\u00e9, de fertilit\u00e9, d\u2019ancrage et d\u2019abondance.\" \/>\n<meta name=\"robots\" content=\"index, follow, max-snippet:-1, max-image-preview:large, max-video-preview:-1\" \/>\n<link rel=\"canonical\" href=\"https:\/\/lescreationsde.celineinmyworldmedium.com\/index.php\/produit\/boucles-doreilles-fleurs-de-vie\/\" \/>\n<meta property=\"og:locale\" content=\"fr_FR\" \/>\n<meta property=\"og:type\" content=\"article\" \/>\n<meta property=\"og:title\" content=\"Les cr\u00e9ations de C\u00e9line Inmyworld - Boucles d&#039;oreilles Fleurs de vie\" \/>\n<meta property=\"og:description\" content=\"La Fleur de Vie, est un symbole universel de protection, d\u2019harmonie, de cr\u00e9ativit\u00e9, de fertilit\u00e9, d\u2019ancrage et d\u2019abondance.\" \/>\n<meta property=\"og:url\" content=\"https:\/\/lescreationsde.celineinmyworldmedium.com\/index.php\/produit\/boucles-doreilles-fleurs-de-vie\/\" \/>\n<meta property=\"og:site_name\" content=\"Les cr\u00e9ations de C\u00e9line Inmyworld\" \/>\n<meta property=\"article:modified_time\" content=\"2024-03-10T23:18:32+00:00\" \/>\n<meta property=\"og:image\" content=\"https:\/\/lescreationsde.celineinmyworldmedium.com\/wp-content\/uploads\/2021\/05\/Boucles_d-oreilles_Fleurs_de_vie.jpg\" \/>\n\t<meta property=\"og:image:width\" content=\"2048\" \/>\n\t<meta property=\"og:image:height\" content=\"2048\" \/>\n\t<meta property=\"og:image:type\" content=\"image\/jpeg\" \/>\n<meta name=\"twitter:card\" content=\"summary_large_image\" \/>\n<meta name=\"twitter:label1\" content=\"Dur\u00e9e de lecture estim\u00e9e\" \/>\n\t<meta name=\"twitter:data1\" content=\"1 minute\" \/>\n<script type=\"application\/ld+json\" class=\"yoast-schema-graph\">{\"@context\":\"https:\/\/schema.org\",\"@graph\":[{\"@type\":\"WebPage\",\"@id\":\"https:\/\/lescreationsde.celineinmyworldmedium.com\/index.php\/produit\/boucles-doreilles-fleurs-de-vie\/\",\"url\":\"https:\/\/lescreationsde.celineinmyworldmedium.com\/index.php\/produit\/boucles-doreilles-fleurs-de-vie\/\",\"name\":\"Les cr\u00e9ations de C\u00e9line Inmyworld - Boucles d'oreilles Fleurs de vie\",\"isPartOf\":{\"@id\":\"https:\/\/lescreationsde.celineinmyworldmedium.com\/#website\"},\"primaryImageOfPage\":{\"@id\":\"https:\/\/lescreationsde.celineinmyworldmedium.com\/index.php\/produit\/boucles-doreilles-fleurs-de-vie\/#primaryimage\"},\"image\":{\"@id\":\"https:\/\/lescreationsde.celineinmyworldmedium.com\/index.php\/produit\/boucles-doreilles-fleurs-de-vie\/#primaryimage\"},\"thumbnailUrl\":\"https:\/\/lescreationsde.celineinmyworldmedium.com\/wp-content\/uploads\/2021\/05\/Boucles_d-oreilles_Fleurs_de_vie.jpg\",\"datePublished\":\"2021-05-02T17:29:33+00:00\",\"dateModified\":\"2024-03-10T23:18:32+00:00\",\"description\":\"La Fleur de Vie, est un symbole universel de protection, d\u2019harmonie, de cr\u00e9ativit\u00e9, de fertilit\u00e9, d\u2019ancrage et d\u2019abondance.\",\"breadcrumb\":{\"@id\":\"https:\/\/lescreationsde.celineinmyworldmedium.com\/index.php\/produit\/boucles-doreilles-fleurs-de-vie\/#breadcrumb\"},\"inLanguage\":\"fr-FR\",\"potentialAction\":[{\"@type\":\"ReadAction\",\"target\":[\"https:\/\/lescreationsde.celineinmyworldmedium.com\/index.php\/produit\/boucles-doreilles-fleurs-de-vie\/\"]}]},{\"@type\":\"ImageObject\",\"inLanguage\":\"fr-FR\",\"@id\":\"https:\/\/lescreationsde.celineinmyworldmedium.com\/index.php\/produit\/boucles-doreilles-fleurs-de-vie\/#primaryimage\",\"url\":\"https:\/\/lescreationsde.celineinmyworldmedium.com\/wp-content\/uploads\/2021\/05\/Boucles_d-oreilles_Fleurs_de_vie.jpg\",\"contentUrl\":\"https:\/\/lescreationsde.celineinmyworldmedium.com\/wp-content\/uploads\/2021\/05\/Boucles_d-oreilles_Fleurs_de_vie.jpg\",\"width\":2048,\"height\":2048,\"caption\":\"Boucles d'oreilles Fleurs de vie\"},{\"@type\":\"BreadcrumbList\",\"@id\":\"https:\/\/lescreationsde.celineinmyworldmedium.com\/index.php\/produit\/boucles-doreilles-fleurs-de-vie\/#breadcrumb\",\"itemListElement\":[{\"@type\":\"ListItem\",\"position\":1,\"name\":\"Accueil\",\"item\":\"https:\/\/lescreationsde.celineinmyworldmedium.com\/\"},{\"@type\":\"ListItem\",\"position\":2,\"name\":\"Produits\",\"item\":\"https:\/\/lescreationsde.celineinmyworldmedium.com\/index.php\/boutique\/\"},{\"@type\":\"ListItem\",\"position\":3,\"name\":\"Boucles d&#8217;oreilles Fleurs de vie\"}]},{\"@type\":\"WebSite\",\"@id\":\"https:\/\/lescreationsde.celineinmyworldmedium.com\/#website\",\"url\":\"https:\/\/lescreationsde.celineinmyworldmedium.com\/\",\"name\":\"Les cr\u00e9ations de C\u00e9line Inmyworld\",\"description\":\"Cr\u00e9ation de bijoux personnalis\u00e9s, sur-mesure, en pierres semi-pr\u00e9cieuses de qualit\u00e9. Bracelets, boucles d&#039;oreilles, colliers, sautoirs, malas, cha\u00eenes de cheville, bagues...\u2764\",\"publisher\":{\"@id\":\"https:\/\/lescreationsde.celineinmyworldmedium.com\/#organization\"},\"potentialAction\":[{\"@type\":\"SearchAction\",\"target\":{\"@type\":\"EntryPoint\",\"urlTemplate\":\"https:\/\/lescreationsde.celineinmyworldmedium.com\/?s={search_term_string}\"},\"query-input\":{\"@type\":\"PropertyValueSpecification\",\"valueRequired\":true,\"valueName\":\"search_term_string\"}}],\"inLanguage\":\"fr-FR\"},{\"@type\":\"Organization\",\"@id\":\"https:\/\/lescreationsde.celineinmyworldmedium.com\/#organization\",\"name\":\"Les cr\u00e9ations de C\u00e9line Inmyworld\",\"url\":\"https:\/\/lescreationsde.celineinmyworldmedium.com\/\",\"logo\":{\"@type\":\"ImageObject\",\"inLanguage\":\"fr-FR\",\"@id\":\"https:\/\/lescreationsde.celineinmyworldmedium.com\/#\/schema\/logo\/image\/\",\"url\":\"https:\/\/lescreationsde.celineinmyworldmedium.com\/wp-content\/uploads\/2021\/03\/logo_creations3.png\",\"contentUrl\":\"https:\/\/lescreationsde.celineinmyworldmedium.com\/wp-content\/uploads\/2021\/03\/logo_creations3.png\",\"width\":613,\"height\":190,\"caption\":\"Les cr\u00e9ations de C\u00e9line Inmyworld\"},\"image\":{\"@id\":\"https:\/\/lescreationsde.celineinmyworldmedium.com\/#\/schema\/logo\/image\/\"}}]}<\/script>\n<!-- \/ Yoast SEO plugin. -->","yoast_head_json":{"title":"Les cr\u00e9ations de C\u00e9line Inmyworld - Boucles d'oreilles Fleurs de vie","description":"La Fleur de Vie, est un symbole universel de protection, d\u2019harmonie, de cr\u00e9ativit\u00e9, de fertilit\u00e9, d\u2019ancrage et d\u2019abondance.","robots":{"index":"index","follow":"follow","max-snippet":"max-snippet:-1","max-image-preview":"max-image-preview:large","max-video-preview":"max-video-preview:-1"},"canonical":"https:\/\/lescreationsde.celineinmyworldmedium.com\/index.php\/produit\/boucles-doreilles-fleurs-de-vie\/","og_locale":"fr_FR","og_type":"article","og_title":"Les cr\u00e9ations de C\u00e9line Inmyworld - Boucles d'oreilles Fleurs de vie","og_description":"La Fleur de Vie, est un symbole universel de protection, d\u2019harmonie, de cr\u00e9ativit\u00e9, de fertilit\u00e9, d\u2019ancrage et d\u2019abondance.","og_url":"https:\/\/lescreationsde.celineinmyworldmedium.com\/index.php\/produit\/boucles-doreilles-fleurs-de-vie\/","og_site_name":"Les cr\u00e9ations de C\u00e9line Inmyworld","article_modified_time":"2024-03-10T23:18:32+00:00","og_image":[{"width":2048,"height":2048,"url":"https:\/\/lescreationsde.celineinmyworldmedium.com\/wp-content\/uploads\/2021\/05\/Boucles_d-oreilles_Fleurs_de_vie.jpg","type":"image\/jpeg"}],"twitter_card":"summary_large_image","twitter_misc":{"Dur\u00e9e de lecture estim\u00e9e":"1 minute"},"schema":{"@context":"https:\/\/schema.org","@graph":[{"@type":"WebPage","@id":"https:\/\/lescreationsde.celineinmyworldmedium.com\/index.php\/produit\/boucles-doreilles-fleurs-de-vie\/","url":"https:\/\/lescreationsde.celineinmyworldmedium.com\/index.php\/produit\/boucles-doreilles-fleurs-de-vie\/","name":"Les cr\u00e9ations de C\u00e9line Inmyworld - Boucles d'oreilles Fleurs de vie","isPartOf":{"@id":"https:\/\/lescreationsde.celineinmyworldmedium.com\/#website"},"primaryImageOfPage":{"@id":"https:\/\/lescreationsde.celineinmyworldmedium.com\/index.php\/produit\/boucles-doreilles-fleurs-de-vie\/#primaryimage"},"image":{"@id":"https:\/\/lescreationsde.celineinmyworldmedium.com\/index.php\/produit\/boucles-doreilles-fleurs-de-vie\/#primaryimage"},"thumbnailUrl":"https:\/\/lescreationsde.celineinmyworldmedium.com\/wp-content\/uploads\/2021\/05\/Boucles_d-oreilles_Fleurs_de_vie.jpg","datePublished":"2021-05-02T17:29:33+00:00","dateModified":"2024-03-10T23:18:32+00:00","description":"La Fleur de Vie, est un symbole universel de protection, d\u2019harmonie, de cr\u00e9ativit\u00e9, de fertilit\u00e9, d\u2019ancrage et d\u2019abondance.","breadcrumb":{"@id":"https:\/\/lescreationsde.celineinmyworldmedium.com\/index.php\/produit\/boucles-doreilles-fleurs-de-vie\/#breadcrumb"},"inLanguage":"fr-FR","potentialAction":[{"@type":"ReadAction","target":["https:\/\/lescreationsde.celineinmyworldmedium.com\/index.php\/produit\/boucles-doreilles-fleurs-de-vie\/"]}]},{"@type":"ImageObject","inLanguage":"fr-FR","@id":"https:\/\/lescreationsde.celineinmyworldmedium.com\/index.php\/produit\/boucles-doreilles-fleurs-de-vie\/#primaryimage","url":"https:\/\/lescreationsde.celineinmyworldmedium.com\/wp-content\/uploads\/2021\/05\/Boucles_d-oreilles_Fleurs_de_vie.jpg","contentUrl":"https:\/\/lescreationsde.celineinmyworldmedium.com\/wp-content\/uploads\/2021\/05\/Boucles_d-oreilles_Fleurs_de_vie.jpg","width":2048,"height":2048,"caption":"Boucles d'oreilles Fleurs de vie"},{"@type":"BreadcrumbList","@id":"https:\/\/lescreationsde.celineinmyworldmedium.com\/index.php\/produit\/boucles-doreilles-fleurs-de-vie\/#breadcrumb","itemListElement":[{"@type":"ListItem","position":1,"name":"Accueil","item":"https:\/\/lescreationsde.celineinmyworldmedium.com\/"},{"@type":"ListItem","position":2,"name":"Produits","item":"https:\/\/lescreationsde.celineinmyworldmedium.com\/index.php\/boutique\/"},{"@type":"ListItem","position":3,"name":"Boucles d&#8217;oreilles Fleurs de vie"}]},{"@type":"WebSite","@id":"https:\/\/lescreationsde.celineinmyworldmedium.com\/#website","url":"https:\/\/lescreationsde.celineinmyworldmedium.com\/","name":"Les cr\u00e9ations de C\u00e9line Inmyworld","description":"Cr\u00e9ation de bijoux personnalis\u00e9s, sur-mesure, en pierres semi-pr\u00e9cieuses de qualit\u00e9. Bracelets, boucles d&#039;oreilles, colliers, sautoirs, malas, cha\u00eenes de cheville, bagues...\u2764","publisher":{"@id":"https:\/\/lescreationsde.celineinmyworldmedium.com\/#organization"},"potentialAction":[{"@type":"SearchAction","target":{"@type":"EntryPoint","urlTemplate":"https:\/\/lescreationsde.celineinmyworldmedium.com\/?s={search_term_string}"},"query-input":{"@type":"PropertyValueSpecification","valueRequired":true,"valueName":"search_term_string"}}],"inLanguage":"fr-FR"},{"@type":"Organization","@id":"https:\/\/lescreationsde.celineinmyworldmedium.com\/#organization","name":"Les cr\u00e9ations de C\u00e9line Inmyworld","url":"https:\/\/lescreationsde.celineinmyworldmedium.com\/","logo":{"@type":"ImageObject","inLanguage":"fr-FR","@id":"https:\/\/lescreationsde.celineinmyworldmedium.com\/#\/schema\/logo\/image\/","url":"https:\/\/lescreationsde.celineinmyworldmedium.com\/wp-content\/uploads\/2021\/03\/logo_creations3.png","contentUrl":"https:\/\/lescreationsde.celineinmyworldmedium.com\/wp-content\/uploads\/2021\/03\/logo_creations3.png","width":613,"height":190,"caption":"Les cr\u00e9ations de C\u00e9line Inmyworld"},"image":{"@id":"https:\/\/lescreationsde.celineinmyworldmedium.com\/#\/schema\/logo\/image\/"}}]}},"jetpack_sharing_enabled":true,"_links":{"self":[{"href":"https:\/\/lescreationsde.celineinmyworldmedium.com\/index.php\/wp-json\/wp\/v2\/product\/1927","targetHints":{"allow":["GET"]}}],"collection":[{"href":"https:\/\/lescreationsde.celineinmyworldmedium.com\/index.php\/wp-json\/wp\/v2\/product"}],"about":[{"href":"https:\/\/lescreationsde.celineinmyworldmedium.com\/index.php\/wp-json\/wp\/v2\/types\/product"}],"replies":[{"embeddable":true,"href":"https:\/\/lescreationsde.celineinmyworldmedium.com\/index.php\/wp-json\/wp\/v2\/comments?post=1927"}],"wp:featuredmedia":[{"embeddable":true,"href":"https:\/\/lescreationsde.celineinmyworldmedium.com\/index.php\/wp-json\/wp\/v2\/media\/1929"}],"wp:attachment":[{"href":"https:\/\/lescreationsde.celineinmyworldmedium.com\/index.php\/wp-json\/wp\/v2\/media?parent=1927"}],"wp:term":[{"taxonomy":"product_brand","embeddable":true,"href":"https:\/\/lescreationsde.celineinmyworldmedium.com\/index.php\/wp-json\/wp\/v2\/product_brand?post=1927"},{"taxonomy":"product_cat","embeddable":true,"href":"https:\/\/lescreationsde.celineinmyworldmedium.com\/index.php\/wp-json\/wp\/v2\/product_cat?post=1927"},{"taxonomy":"product_tag","embeddable":true,"href":"https:\/\/lescreationsde.celineinmyworldmedium.com\/index.php\/wp-json\/wp\/v2\/product_tag?post=1927"}],"curies":[{"name":"wp","href":"https:\/\/api.w.org\/{rel}","templated":true}]}}