{"id":1921,"date":"2021-05-02T18:17:41","date_gmt":"2021-05-02T16:17:41","guid":{"rendered":"https:\/\/lescreationsde.celineinmyworldmedium.com\/?post_type=product&#038;p=1921"},"modified":"2024-03-10T23:51:48","modified_gmt":"2024-03-10T22:51:48","slug":"bracelet-chemin-de-vie-personnalise-en-agate-a-lamelles-botswana-etc","status":"publish","type":"product","link":"https:\/\/lescreationsde.celineinmyworldmedium.com\/index.php\/produit\/bracelet-chemin-de-vie-personnalise-en-agate-a-lamelles-botswana-etc\/","title":{"rendered":"Bracelet Chemin de vie (personnalis\u00e9) en Agate \u00e0 lamelles (Botswana), etc&#8230;"},"content":{"rendered":"<p><em>Bracelet Chemin de vie (personnalis\u00e9) en Agate \u00e0 lamelles (Botswana), Agate indienne, Tourmaline noire, Aigue-marine et Citrine.<\/em><\/p>\n<h4><strong>1 &#8211;\u00a0<\/strong>Les vertus de l\u2019agate \u00e0 lamelles (agate du botswana) :<\/h4>\n<p>Domaine<strong> spirituel<\/strong>, celui de l\u2019\u00eatre humain avec ses intentions, ses buts ou ses pr\u00e9occupations existentielles :<\/p>\n<p><strong>Conscience de soi, \u00e9quilibre entre activit\u00e9 et repos.<\/strong><\/p>\n<p>Domaine de <strong>l\u2019\u00e2me<\/strong> ou du subconscient, ainsi que les notions de temp\u00e9rament, de sentiments, de sensations, de r\u00eaves, de v\u00e9cu sur le plan animique, d\u2019habitudes et de r\u00e9actions inconscientes :<\/p>\n<p><strong>Barri\u00e8re contre les influences ind\u00e9sirables.<\/strong><\/p>\n<p>Domaine <strong>mental<\/strong> avec les id\u00e9es, la raison, les convictions, les consid\u00e9rations, ainsi que le mode de pens\u00e9e et d\u2019action consciente :<\/p>\n<p><strong>Favorise la capacit\u00e9 de voir les d\u00e9tails et la concentration sur l\u2019essentiel.<\/strong><\/p>\n<p>Domaine <strong>physique<\/strong> ou corporel, l\u2019ensemble de l\u2019organisme avec les sens, les organes et les fonctions :<\/p>\n<p><strong>Favorable pour l\u2019\u00e9quilibre, les nerfs, les sens, la peau, les poumons, l\u2019intestin et la vessie.<\/strong><\/p>\n<h4>2 \u2013 Les vertus de l&rsquo;agate indienne :<\/h4>\n<p>Domaine spirituel, celui de l\u2019\u00eatre humain avec ses intentions, ses buts ou ses pr\u00e9occupations existentielles :<\/p>\n<p><strong>Chance, abondance, courage.<\/strong><\/p>\n<p>Domaine de l\u2019\u00e2me ou du subconscient, ainsi que les notions de temp\u00e9rament, de sentiments, de sensations, de r\u00eaves, de v\u00e9cu sur le plan animique, d\u2019habitudes et de r\u00e9actions inconscientes :<\/p>\n<p><strong>Amour, protection, s\u00e9curit\u00e9.<\/strong><\/p>\n<p>Domaine mental avec les id\u00e9es, la raison, les convictions, les consid\u00e9rations, ainsi que le mode de pens\u00e9e et d\u2019action consciente :<\/p>\n<p><strong>Elle a pour r\u00f4le de dissiper tous les \u00e9l\u00e9ments int\u00e9rieurement perturbants et les chocs \u00e9motionnels pour instaurer un sentiment de s\u00e9curit\u00e9.<\/strong><\/p>\n<p>Domaine physique ou corporel, l\u2019ensemble de l\u2019organisme avec les sens, les organes et les fonctions :<\/p>\n<p><strong>Pallie \u00e0 tous type de blocage \u00e9nerg\u00e9tique en apportant un \u00e9quilibre sur le plan physique, \u00e9motionnel et intellectuel. Permet de stabiliser l\u2019aura et l\u2019\u00e9nergie du corps physique.<\/strong><\/p>\n<h4><strong>3 &#8211; <\/strong>Les vertus de l\u2019aigue-marine :<\/h4>\n<p>Domaine <strong>spirituel<\/strong>, celui de l\u2019\u00eatre humain avec ses intentions, ses buts ou ses pr\u00e9occupations existentielles :<\/p>\n<p><strong>Clairvoyance, pr\u00e9voyance.<\/strong><\/p>\n<p>Domaine de <strong>l\u2019\u00e2me<\/strong> ou du subconscient, ainsi que les notions de temp\u00e9rament, de sentiments, de sensations, de r\u00eaves, de v\u00e9cu sur le plan animique, d\u2019habitudes et de r\u00e9actions inconscientes :<\/p>\n<p><strong>Favorise l\u2019endurance, la discipline, la l\u00e9g\u00e8ret\u00e9 et la s\u00e9r\u00e9nit\u00e9.<\/strong><\/p>\n<p>Domaine <strong>mental<\/strong> avec les id\u00e9es, la raison, les convictions, les consid\u00e9rations, ainsi que le mode de pens\u00e9e et d\u2019action consciente :<\/p>\n<p><strong>Permet de sortir de la confusion, incite \u00e0 aller jusqu\u2019au bout de ce qui n\u2019a pas \u00e9t\u00e9 termin\u00e9.<\/strong><\/p>\n<p>Domaine <strong>physique<\/strong> ou corporel, l\u2019ensemble de l\u2019organisme avec les sens, les organes et les fonctions :<\/p>\n<p><strong>Aide en cas d\u2019allergies, de rhume des foins, de troubles des yeux et des voies respiratoires, de la thyro\u00efde et de la vessie.<\/strong><\/p>\n<h4>4 &#8211; Les vertus <strong>de la citrine (1) :<\/strong><\/h4>\n<p>Domaine <strong>spirituel<\/strong>, celui de l\u2019\u00eatre humain avec ses intentions, ses buts ou ses pr\u00e9occupations existentielles :<\/p>\n<p><strong>Confiance en soi.<\/strong><\/p>\n<p>Domaine de <strong>l\u2019\u00e2me<\/strong> ou du subconscient, ainsi que les notions de temp\u00e9rament, de sentiments, de sensations, de r\u00eaves, de v\u00e9cu sur le plan animique, d\u2019habitudes et de r\u00e9actions inconscientes :<\/p>\n<p><strong>Rend extraverti et stimule l\u2019envie de faire de nouvelles exp\u00e9riences.<\/strong><\/p>\n<p>Domaine <strong>mental<\/strong> avec les id\u00e9es, la raison, les convictions, les consid\u00e9rations, ainsi que le mode de pens\u00e9e et d\u2019action consciente :<\/p>\n<p><strong>Permet d\u2019assimiler et de comprendre des impressions assimil\u00e9es.<\/strong><\/p>\n<p>Domaine <strong>physique<\/strong> ou corporel, l\u2019ensemble de l\u2019organisme avec les sens, les organes et les fonctions :<\/p>\n<p><strong>Fortifie les nerfs, att\u00e9nue la sensibilit\u00e9 au climat et peut aider en cas d\u2019\u00e9nur\u00e9sie.<\/strong><\/p>\n<h4>5 &#8211; <strong>Les vertus de la tourmaline noire :<\/strong><\/h4>\n<p>Domaine <strong>spirituel<\/strong>, celui de l\u2019\u00eatre humain avec ses intentions, ses buts ou ses pr\u00e9occupations existentielles :<\/p>\n<p><strong>Neutralit\u00e9.<\/strong><\/p>\n<p>Domaine de <strong>l\u2019\u00e2me<\/strong> ou du subconscient, ainsi que les notions de temp\u00e9rament, de sentiments, de sensations, de r\u00eaves, de v\u00e9cu sur le plan animique, d\u2019habitudes et de r\u00e9actions inconscientes :<\/p>\n<p><strong>Favorise la s\u00e9r\u00e9nit\u00e9, att\u00e9nue le stress, prot\u00e8ge des influences ext\u00e9rieures, am\u00e9liore le sommeil.<\/strong><\/p>\n<p>Domaine <strong>mental<\/strong> avec les id\u00e9es, la raison, les convictions, les consid\u00e9rations, ainsi que le mode de pens\u00e9e et d\u2019action consciente :<\/p>\n<p><strong>Rend sobre, clair, logique et rationnel.<\/strong><\/p>\n<p>Domaine <strong>physique<\/strong> ou corporel, l\u2019ensemble de l\u2019organisme avec les sens, les organes et les fonctions :<\/p>\n<p><strong>Aide en cas d\u2019exposition aux rayonnements, de douleurs, de tensions et de sensations d\u2019engourdissement, \u00e9limine les blocages \u00e9nerg\u00e9tiques dus aux cicatrices.<\/strong><\/p>\n","protected":false},"excerpt":{"rendered":"<table>\n<tbody>\n<tr>\n<td style=\"texte-align: left; color: gray; border: none;\"><strong>Hors frais d&rsquo;exp\u00e9dition<\/strong><\/td>\n<\/tr>\n<tr>\n<td style=\"texte-align: left; color: gray; border: none;\"><strong>Bijoux confectionn\u00e9s sur-mesure, sur commande<br \/>Les couleurs et motifs des pierres varient d&rsquo;un bijou \u00e0 un autre<br \/>D\u00e9lai de confection environ 30 jours<\/strong><\/td>\n<\/tr>\n<tr>\n<td style=\"texte-align: left; color: blue; border: none;\"><a style=\"color: #a15fe2;\" href=\"https:\/\/lescreationsde.celineinmyworldmedium.com\/index.php\/mesurer-son-tour-de-poignet-pour-bracelets\/\" target=\"_blank\" rel=\"noopener\"><strong>Comment mesurer son tour de poignet<\/strong><\/a><\/td>\n<\/tr>\n<\/tbody>\n<\/table>\n","protected":false},"featured_media":1923,"comment_status":"open","ping_status":"closed","template":"","meta":[],"product_brand":[],"product_cat":[31,459,54,643,540],"product_tag":[743,147,58,152,106,42,44,38,47,43,41,40,39,23,25,632,701,36,34,26,37,35,737,16,24,45,17,255,33,32,27,22,28,149,439],"class_list":{"0":"post-1921","1":"product","2":"type-product","3":"status-publish","4":"has-post-thumbnail","6":"product_cat-bracelets","7":"product_cat-agate-pierres-boutique","8":"product_cat-aigue-marine","9":"product_cat-citrine-pierres","10":"product_cat-tourmaline-pierres","11":"product_tag-agate-a-lamelles-botswana","12":"product_tag-agate-indienne","13":"product_tag-aigue-marine","14":"product_tag-amour","15":"product_tag-argent","16":"product_tag-bijou","17":"product_tag-bijou-energetique","18":"product_tag-bijoux","19":"product_tag-bijoux-anti-allergies","20":"product_tag-bijoux-energetiques","21":"product_tag-bijoux-fait-main","22":"product_tag-bijoux-personnalises","23":"product_tag-bijoux-sur-mesure","24":"product_tag-boucles-doreilles","25":"product_tag-bracelet","26":"product_tag-bracelet-anti-stress","27":"product_tag-bracelet-chemin-de-vie-personnalise","28":"product_tag-bracelet-femme","29":"product_tag-bracelet-homme","30":"product_tag-bracelets","31":"product_tag-bracelets-femme","32":"product_tag-bracelets-homme","33":"product_tag-citrine-1","34":"product_tag-collier","35":"product_tag-collier-femme","36":"product_tag-collier-personnalise","37":"product_tag-colliers","38":"product_tag-cornaline","39":"product_tag-energetique","40":"product_tag-lithotherapie","41":"product_tag-pierre","42":"product_tag-pierre-semi-precieuse","43":"product_tag-pierres-naturelles","44":"product_tag-protection","45":"product_tag-tourmaline-noire","47":"first","48":"instock","49":"shipping-taxable","50":"purchasable","51":"product-type-variable"},"yoast_head":"<!-- This site is optimized with the Yoast SEO plugin v27.2 - https:\/\/yoast.com\/product\/yoast-seo-wordpress\/ -->\n<title>Bracelet Chemin de vie (personnalis\u00e9) en Agate \u00e0 lamelles (Botswana)<\/title>\n<meta name=\"description\" content=\"Aide en cas d\u2019allergies, de rhume des foins, de troubles des yeux et des voies respiratoires, de la thyro\u00efde et de la vessie. Neutralit\u00e9.\" \/>\n<meta name=\"robots\" content=\"index, follow, max-snippet:-1, max-image-preview:large, max-video-preview:-1\" \/>\n<link rel=\"canonical\" href=\"https:\/\/lescreationsde.celineinmyworldmedium.com\/index.php\/produit\/bracelet-chemin-de-vie-personnalise-en-agate-a-lamelles-botswana-etc\/\" \/>\n<meta property=\"og:locale\" content=\"fr_FR\" \/>\n<meta property=\"og:type\" content=\"article\" \/>\n<meta property=\"og:title\" content=\"Bracelet Chemin de vie (personnalis\u00e9) en Agate \u00e0 lamelles (Botswana)\" \/>\n<meta property=\"og:description\" content=\"Aide en cas d\u2019allergies, de rhume des foins, de troubles des yeux et des voies respiratoires, de la thyro\u00efde et de la vessie. Neutralit\u00e9.\" \/>\n<meta property=\"og:url\" content=\"https:\/\/lescreationsde.celineinmyworldmedium.com\/index.php\/produit\/bracelet-chemin-de-vie-personnalise-en-agate-a-lamelles-botswana-etc\/\" \/>\n<meta property=\"og:site_name\" content=\"Les cr\u00e9ations de C\u00e9line Inmyworld\" \/>\n<meta property=\"article:modified_time\" content=\"2024-03-10T22:51:48+00:00\" \/>\n<meta property=\"og:image\" content=\"https:\/\/lescreationsde.celineinmyworldmedium.com\/wp-content\/uploads\/2021\/05\/Bracelet_Chemin_de_vie_personnalise_en_Agate_a_lamelles_Botswana_etc.jpg\" \/>\n\t<meta property=\"og:image:width\" content=\"1080\" \/>\n\t<meta property=\"og:image:height\" content=\"1032\" \/>\n\t<meta property=\"og:image:type\" content=\"image\/jpeg\" \/>\n<meta name=\"twitter:card\" content=\"summary_large_image\" \/>\n<meta name=\"twitter:label1\" content=\"Dur\u00e9e de lecture estim\u00e9e\" \/>\n\t<meta name=\"twitter:data1\" content=\"3 minutes\" \/>\n<script type=\"application\/ld+json\" class=\"yoast-schema-graph\">{\"@context\":\"https:\/\/schema.org\",\"@graph\":[{\"@type\":\"WebPage\",\"@id\":\"https:\/\/lescreationsde.celineinmyworldmedium.com\/index.php\/produit\/bracelet-chemin-de-vie-personnalise-en-agate-a-lamelles-botswana-etc\/\",\"url\":\"https:\/\/lescreationsde.celineinmyworldmedium.com\/index.php\/produit\/bracelet-chemin-de-vie-personnalise-en-agate-a-lamelles-botswana-etc\/\",\"name\":\"Bracelet Chemin de vie (personnalis\u00e9) en Agate \u00e0 lamelles (Botswana)\",\"isPartOf\":{\"@id\":\"https:\/\/lescreationsde.celineinmyworldmedium.com\/#website\"},\"primaryImageOfPage\":{\"@id\":\"https:\/\/lescreationsde.celineinmyworldmedium.com\/index.php\/produit\/bracelet-chemin-de-vie-personnalise-en-agate-a-lamelles-botswana-etc\/#primaryimage\"},\"image\":{\"@id\":\"https:\/\/lescreationsde.celineinmyworldmedium.com\/index.php\/produit\/bracelet-chemin-de-vie-personnalise-en-agate-a-lamelles-botswana-etc\/#primaryimage\"},\"thumbnailUrl\":\"https:\/\/lescreationsde.celineinmyworldmedium.com\/wp-content\/uploads\/2021\/05\/Bracelet_Chemin_de_vie_personnalise_en_Agate_a_lamelles_Botswana_etc.jpg\",\"datePublished\":\"2021-05-02T16:17:41+00:00\",\"dateModified\":\"2024-03-10T22:51:48+00:00\",\"description\":\"Aide en cas d\u2019allergies, de rhume des foins, de troubles des yeux et des voies respiratoires, de la thyro\u00efde et de la vessie. Neutralit\u00e9.\",\"breadcrumb\":{\"@id\":\"https:\/\/lescreationsde.celineinmyworldmedium.com\/index.php\/produit\/bracelet-chemin-de-vie-personnalise-en-agate-a-lamelles-botswana-etc\/#breadcrumb\"},\"inLanguage\":\"fr-FR\",\"potentialAction\":[{\"@type\":\"ReadAction\",\"target\":[\"https:\/\/lescreationsde.celineinmyworldmedium.com\/index.php\/produit\/bracelet-chemin-de-vie-personnalise-en-agate-a-lamelles-botswana-etc\/\"]}]},{\"@type\":\"ImageObject\",\"inLanguage\":\"fr-FR\",\"@id\":\"https:\/\/lescreationsde.celineinmyworldmedium.com\/index.php\/produit\/bracelet-chemin-de-vie-personnalise-en-agate-a-lamelles-botswana-etc\/#primaryimage\",\"url\":\"https:\/\/lescreationsde.celineinmyworldmedium.com\/wp-content\/uploads\/2021\/05\/Bracelet_Chemin_de_vie_personnalise_en_Agate_a_lamelles_Botswana_etc.jpg\",\"contentUrl\":\"https:\/\/lescreationsde.celineinmyworldmedium.com\/wp-content\/uploads\/2021\/05\/Bracelet_Chemin_de_vie_personnalise_en_Agate_a_lamelles_Botswana_etc.jpg\",\"width\":1080,\"height\":1032,\"caption\":\"Bracelet Chemin de vie (personnalis\u00e9) en Agate \u00e0 lamelles (Botswana), Agate indienne, Tourmaline noire, Aigue-marine et Citrine\"},{\"@type\":\"BreadcrumbList\",\"@id\":\"https:\/\/lescreationsde.celineinmyworldmedium.com\/index.php\/produit\/bracelet-chemin-de-vie-personnalise-en-agate-a-lamelles-botswana-etc\/#breadcrumb\",\"itemListElement\":[{\"@type\":\"ListItem\",\"position\":1,\"name\":\"Accueil\",\"item\":\"https:\/\/lescreationsde.celineinmyworldmedium.com\/\"},{\"@type\":\"ListItem\",\"position\":2,\"name\":\"Produits\",\"item\":\"https:\/\/lescreationsde.celineinmyworldmedium.com\/index.php\/boutique\/\"},{\"@type\":\"ListItem\",\"position\":3,\"name\":\"Bracelet Chemin de vie (personnalis\u00e9) en Agate \u00e0 lamelles (Botswana), etc&#8230;\"}]},{\"@type\":\"WebSite\",\"@id\":\"https:\/\/lescreationsde.celineinmyworldmedium.com\/#website\",\"url\":\"https:\/\/lescreationsde.celineinmyworldmedium.com\/\",\"name\":\"Les cr\u00e9ations de C\u00e9line Inmyworld\",\"description\":\"Cr\u00e9ation de bijoux personnalis\u00e9s, sur-mesure, en pierres semi-pr\u00e9cieuses de qualit\u00e9. Bracelets, boucles d&#039;oreilles, colliers, sautoirs, malas, cha\u00eenes de cheville, bagues...\u2764\",\"publisher\":{\"@id\":\"https:\/\/lescreationsde.celineinmyworldmedium.com\/#organization\"},\"potentialAction\":[{\"@type\":\"SearchAction\",\"target\":{\"@type\":\"EntryPoint\",\"urlTemplate\":\"https:\/\/lescreationsde.celineinmyworldmedium.com\/?s={search_term_string}\"},\"query-input\":{\"@type\":\"PropertyValueSpecification\",\"valueRequired\":true,\"valueName\":\"search_term_string\"}}],\"inLanguage\":\"fr-FR\"},{\"@type\":\"Organization\",\"@id\":\"https:\/\/lescreationsde.celineinmyworldmedium.com\/#organization\",\"name\":\"Les cr\u00e9ations de C\u00e9line Inmyworld\",\"url\":\"https:\/\/lescreationsde.celineinmyworldmedium.com\/\",\"logo\":{\"@type\":\"ImageObject\",\"inLanguage\":\"fr-FR\",\"@id\":\"https:\/\/lescreationsde.celineinmyworldmedium.com\/#\/schema\/logo\/image\/\",\"url\":\"https:\/\/lescreationsde.celineinmyworldmedium.com\/wp-content\/uploads\/2021\/03\/logo_creations3.png\",\"contentUrl\":\"https:\/\/lescreationsde.celineinmyworldmedium.com\/wp-content\/uploads\/2021\/03\/logo_creations3.png\",\"width\":613,\"height\":190,\"caption\":\"Les cr\u00e9ations de C\u00e9line Inmyworld\"},\"image\":{\"@id\":\"https:\/\/lescreationsde.celineinmyworldmedium.com\/#\/schema\/logo\/image\/\"}}]}<\/script>\n<!-- \/ Yoast SEO plugin. -->","yoast_head_json":{"title":"Bracelet Chemin de vie (personnalis\u00e9) en Agate \u00e0 lamelles (Botswana)","description":"Aide en cas d\u2019allergies, de rhume des foins, de troubles des yeux et des voies respiratoires, de la thyro\u00efde et de la vessie. Neutralit\u00e9.","robots":{"index":"index","follow":"follow","max-snippet":"max-snippet:-1","max-image-preview":"max-image-preview:large","max-video-preview":"max-video-preview:-1"},"canonical":"https:\/\/lescreationsde.celineinmyworldmedium.com\/index.php\/produit\/bracelet-chemin-de-vie-personnalise-en-agate-a-lamelles-botswana-etc\/","og_locale":"fr_FR","og_type":"article","og_title":"Bracelet Chemin de vie (personnalis\u00e9) en Agate \u00e0 lamelles (Botswana)","og_description":"Aide en cas d\u2019allergies, de rhume des foins, de troubles des yeux et des voies respiratoires, de la thyro\u00efde et de la vessie. Neutralit\u00e9.","og_url":"https:\/\/lescreationsde.celineinmyworldmedium.com\/index.php\/produit\/bracelet-chemin-de-vie-personnalise-en-agate-a-lamelles-botswana-etc\/","og_site_name":"Les cr\u00e9ations de C\u00e9line Inmyworld","article_modified_time":"2024-03-10T22:51:48+00:00","og_image":[{"width":1080,"height":1032,"url":"https:\/\/lescreationsde.celineinmyworldmedium.com\/wp-content\/uploads\/2021\/05\/Bracelet_Chemin_de_vie_personnalise_en_Agate_a_lamelles_Botswana_etc.jpg","type":"image\/jpeg"}],"twitter_card":"summary_large_image","twitter_misc":{"Dur\u00e9e de lecture estim\u00e9e":"3 minutes"},"schema":{"@context":"https:\/\/schema.org","@graph":[{"@type":"WebPage","@id":"https:\/\/lescreationsde.celineinmyworldmedium.com\/index.php\/produit\/bracelet-chemin-de-vie-personnalise-en-agate-a-lamelles-botswana-etc\/","url":"https:\/\/lescreationsde.celineinmyworldmedium.com\/index.php\/produit\/bracelet-chemin-de-vie-personnalise-en-agate-a-lamelles-botswana-etc\/","name":"Bracelet Chemin de vie (personnalis\u00e9) en Agate \u00e0 lamelles (Botswana)","isPartOf":{"@id":"https:\/\/lescreationsde.celineinmyworldmedium.com\/#website"},"primaryImageOfPage":{"@id":"https:\/\/lescreationsde.celineinmyworldmedium.com\/index.php\/produit\/bracelet-chemin-de-vie-personnalise-en-agate-a-lamelles-botswana-etc\/#primaryimage"},"image":{"@id":"https:\/\/lescreationsde.celineinmyworldmedium.com\/index.php\/produit\/bracelet-chemin-de-vie-personnalise-en-agate-a-lamelles-botswana-etc\/#primaryimage"},"thumbnailUrl":"https:\/\/lescreationsde.celineinmyworldmedium.com\/wp-content\/uploads\/2021\/05\/Bracelet_Chemin_de_vie_personnalise_en_Agate_a_lamelles_Botswana_etc.jpg","datePublished":"2021-05-02T16:17:41+00:00","dateModified":"2024-03-10T22:51:48+00:00","description":"Aide en cas d\u2019allergies, de rhume des foins, de troubles des yeux et des voies respiratoires, de la thyro\u00efde et de la vessie. Neutralit\u00e9.","breadcrumb":{"@id":"https:\/\/lescreationsde.celineinmyworldmedium.com\/index.php\/produit\/bracelet-chemin-de-vie-personnalise-en-agate-a-lamelles-botswana-etc\/#breadcrumb"},"inLanguage":"fr-FR","potentialAction":[{"@type":"ReadAction","target":["https:\/\/lescreationsde.celineinmyworldmedium.com\/index.php\/produit\/bracelet-chemin-de-vie-personnalise-en-agate-a-lamelles-botswana-etc\/"]}]},{"@type":"ImageObject","inLanguage":"fr-FR","@id":"https:\/\/lescreationsde.celineinmyworldmedium.com\/index.php\/produit\/bracelet-chemin-de-vie-personnalise-en-agate-a-lamelles-botswana-etc\/#primaryimage","url":"https:\/\/lescreationsde.celineinmyworldmedium.com\/wp-content\/uploads\/2021\/05\/Bracelet_Chemin_de_vie_personnalise_en_Agate_a_lamelles_Botswana_etc.jpg","contentUrl":"https:\/\/lescreationsde.celineinmyworldmedium.com\/wp-content\/uploads\/2021\/05\/Bracelet_Chemin_de_vie_personnalise_en_Agate_a_lamelles_Botswana_etc.jpg","width":1080,"height":1032,"caption":"Bracelet Chemin de vie (personnalis\u00e9) en Agate \u00e0 lamelles (Botswana), Agate indienne, Tourmaline noire, Aigue-marine et Citrine"},{"@type":"BreadcrumbList","@id":"https:\/\/lescreationsde.celineinmyworldmedium.com\/index.php\/produit\/bracelet-chemin-de-vie-personnalise-en-agate-a-lamelles-botswana-etc\/#breadcrumb","itemListElement":[{"@type":"ListItem","position":1,"name":"Accueil","item":"https:\/\/lescreationsde.celineinmyworldmedium.com\/"},{"@type":"ListItem","position":2,"name":"Produits","item":"https:\/\/lescreationsde.celineinmyworldmedium.com\/index.php\/boutique\/"},{"@type":"ListItem","position":3,"name":"Bracelet Chemin de vie (personnalis\u00e9) en Agate \u00e0 lamelles (Botswana), etc&#8230;"}]},{"@type":"WebSite","@id":"https:\/\/lescreationsde.celineinmyworldmedium.com\/#website","url":"https:\/\/lescreationsde.celineinmyworldmedium.com\/","name":"Les cr\u00e9ations de C\u00e9line Inmyworld","description":"Cr\u00e9ation de bijoux personnalis\u00e9s, sur-mesure, en pierres semi-pr\u00e9cieuses de qualit\u00e9. Bracelets, boucles d&#039;oreilles, colliers, sautoirs, malas, cha\u00eenes de cheville, bagues...\u2764","publisher":{"@id":"https:\/\/lescreationsde.celineinmyworldmedium.com\/#organization"},"potentialAction":[{"@type":"SearchAction","target":{"@type":"EntryPoint","urlTemplate":"https:\/\/lescreationsde.celineinmyworldmedium.com\/?s={search_term_string}"},"query-input":{"@type":"PropertyValueSpecification","valueRequired":true,"valueName":"search_term_string"}}],"inLanguage":"fr-FR"},{"@type":"Organization","@id":"https:\/\/lescreationsde.celineinmyworldmedium.com\/#organization","name":"Les cr\u00e9ations de C\u00e9line Inmyworld","url":"https:\/\/lescreationsde.celineinmyworldmedium.com\/","logo":{"@type":"ImageObject","inLanguage":"fr-FR","@id":"https:\/\/lescreationsde.celineinmyworldmedium.com\/#\/schema\/logo\/image\/","url":"https:\/\/lescreationsde.celineinmyworldmedium.com\/wp-content\/uploads\/2021\/03\/logo_creations3.png","contentUrl":"https:\/\/lescreationsde.celineinmyworldmedium.com\/wp-content\/uploads\/2021\/03\/logo_creations3.png","width":613,"height":190,"caption":"Les cr\u00e9ations de C\u00e9line Inmyworld"},"image":{"@id":"https:\/\/lescreationsde.celineinmyworldmedium.com\/#\/schema\/logo\/image\/"}}]}},"jetpack_sharing_enabled":true,"_links":{"self":[{"href":"https:\/\/lescreationsde.celineinmyworldmedium.com\/index.php\/wp-json\/wp\/v2\/product\/1921","targetHints":{"allow":["GET"]}}],"collection":[{"href":"https:\/\/lescreationsde.celineinmyworldmedium.com\/index.php\/wp-json\/wp\/v2\/product"}],"about":[{"href":"https:\/\/lescreationsde.celineinmyworldmedium.com\/index.php\/wp-json\/wp\/v2\/types\/product"}],"replies":[{"embeddable":true,"href":"https:\/\/lescreationsde.celineinmyworldmedium.com\/index.php\/wp-json\/wp\/v2\/comments?post=1921"}],"wp:featuredmedia":[{"embeddable":true,"href":"https:\/\/lescreationsde.celineinmyworldmedium.com\/index.php\/wp-json\/wp\/v2\/media\/1923"}],"wp:attachment":[{"href":"https:\/\/lescreationsde.celineinmyworldmedium.com\/index.php\/wp-json\/wp\/v2\/media?parent=1921"}],"wp:term":[{"taxonomy":"product_brand","embeddable":true,"href":"https:\/\/lescreationsde.celineinmyworldmedium.com\/index.php\/wp-json\/wp\/v2\/product_brand?post=1921"},{"taxonomy":"product_cat","embeddable":true,"href":"https:\/\/lescreationsde.celineinmyworldmedium.com\/index.php\/wp-json\/wp\/v2\/product_cat?post=1921"},{"taxonomy":"product_tag","embeddable":true,"href":"https:\/\/lescreationsde.celineinmyworldmedium.com\/index.php\/wp-json\/wp\/v2\/product_tag?post=1921"}],"curies":[{"name":"wp","href":"https:\/\/api.w.org\/{rel}","templated":true}]}}