{"id":1838,"date":"2022-07-12T12:32:47","date_gmt":"2022-07-12T10:32:47","guid":{"rendered":"https:\/\/lescreationsde.celineinmyworldmedium.com\/?post_type=product&#038;p=1838"},"modified":"2024-03-10T23:51:52","modified_gmt":"2024-03-10T22:51:52","slug":"bracelet-chemin-de-vie-personnalise-en-quartz-rose-jade-jaune-etc-avec-bouddha-en-hematite-plaquee-argente","status":"publish","type":"product","link":"https:\/\/lescreationsde.celineinmyworldmedium.com\/index.php\/produit\/bracelet-chemin-de-vie-personnalise-en-quartz-rose-jade-jaune-etc-avec-bouddha-en-hematite-plaquee-argente\/","title":{"rendered":"Bracelet Chemin de vie (personnalis\u00e9) en Quartz rose, Jade jaune, etc&#8230;, avec Bouddha en h\u00e9matite plaqu\u00e9e argent\u00e9"},"content":{"rendered":"<p><em><span id=\"fbPhotoSnowliftCaption\" class=\"fbPhotosPhotoCaption\" tabindex=\"0\" aria-live=\"polite\" data-ft=\"{&quot;tn&quot;:&quot;K&quot;}\"><span class=\"hasCaption\">Bracelet Chemin de vie pour la d\u00e9tente, le calme et la douceur,\u00a0 en Quartz rose, Jade jaune, Mooka\u00efte, Rhodonite et Pierre de lune avec Bouddha en h\u00e9matite plaqu\u00e9e argent\u00e9<\/span><\/span><\/em><\/p>\n<h4>1 &#8211; Les vertus de la pierre de lune :<\/h4>\n<p>Domaine <strong>spirituel<\/strong>, celui de l\u2019\u00eatre humain avec ses intentions, ses buts ou ses pr\u00e9occupations existentielles :<\/p>\n<p><strong>D\u00e9licatesse.<\/strong><\/p>\n<p>Domaine de <strong>l\u2019\u00e2me<\/strong> ou du subconscient, ainsi que les notions de temp\u00e9rament, de sentiments, de sensations, de r\u00eaves, de v\u00e9cu sur le plan animique, d\u2019habitudes et de r\u00e9actions inconscientes :<\/p>\n<p><strong>Am\u00e9liore la capacit\u00e9 sensitive, le sommeil et le souvenir des r\u00eaves.<\/strong><\/p>\n<p>Domaine <strong>mental<\/strong> avec les id\u00e9es, la raison, les convictions, les consid\u00e9rations, ainsi que le mode de pens\u00e9e et d\u2019action consciente :<\/p>\n<p><strong>Favorise l\u2019\u00e9veil et le don de l\u2019observation.<\/strong><\/p>\n<p>Domaine <strong>physique<\/strong> ou corporel, l\u2019ensemble de l\u2019organisme avec les sens, les organes et les fonctions :<\/p>\n<p><strong>R\u00e9tablit la sensation corporelle, r\u00e9gule le cycle hormonal f\u00e9minin et aide en cas de troubles menstruels.<\/strong><\/p>\n<h4>2 &#8211; <strong>Les vertus du quartz rose :<\/strong><\/h4>\n<p>Domaine <strong>spirituel<\/strong>, celui de l\u2019\u00eatre humain avec ses intentions, ses buts ou ses pr\u00e9occupations existentielles :<\/p>\n<p><strong>Sensibilit\u00e9.<\/strong><\/p>\n<p>Domaine de <strong>l\u2019\u00e2me<\/strong> ou du subconscient, ainsi que les notions de temp\u00e9rament, de sentiments, de sensations, de r\u00eaves, de v\u00e9cu sur le plan animique, d\u2019habitudes et de r\u00e9actions inconscientes :<\/p>\n<p><strong>Augmente la capacit\u00e9 intuitive, aide en cas de difficult\u00e9s sexuelles.<\/strong><\/p>\n<p>Domaine <strong>mental<\/strong> avec les id\u00e9es, la raison, les convictions, les consid\u00e9rations, ainsi que le mode de pens\u00e9e et d\u2019action consciente :<\/p>\n<p><strong>Met en lumi\u00e8re ses propres besoins et les d\u00e9sirs d\u2019autrui.<\/strong><\/p>\n<p>Domaine <strong>physique<\/strong> ou corporel, l\u2019ensemble de l\u2019organisme avec les sens, les organes et les fonctions :<\/p>\n<p><strong>Harmonise le rythme cardiaque, stimule les organes sexuels et la fertilit\u00e9.<\/strong><\/p>\n<h4>3 &#8211; Les vertus de la rhodonite (rose) :<\/h4>\n<p>Domaine <strong>spirituel<\/strong>, celui de l\u2019\u00eatre humain avec ses intentions, ses buts ou ses pr\u00e9occupations existentielles :<\/p>\n<p><strong>Cicatrisation.<\/strong><\/p>\n<p>Domaine de <strong>l\u2019\u00e2me<\/strong> ou du subconscient, ainsi que les notions de temp\u00e9rament, de sentiments, de sensations, de r\u00eaves, de v\u00e9cu sur le plan animique, d\u2019habitudes et de r\u00e9actions inconscientes :<\/p>\n<p><strong>Aide \u00e0 pardonner.<\/strong><\/p>\n<p>Domaine <strong>mental<\/strong> avec les id\u00e9es, la raison, les convictions, les consid\u00e9rations, ainsi que le mode de pens\u00e9e et d\u2019action consciente :<\/p>\n<p><strong>Favorise la compr\u00e9hension r\u00e9ciproque.<\/strong><\/p>\n<p>Domaine <strong>physique<\/strong> ou corporel, l\u2019ensemble de l\u2019organisme avec les sens, les organes et les fonctions :<\/p>\n<p><strong>La meilleure pierre en cas de blessure, de saignements, de plaies et de piq\u00fbres d\u2019insectes, fortifie les muscles, le c\u0153ur et la circulation, utile en cas de maladies auto-immunes et d\u2019ulc\u00e8re \u00e0 l\u2019estomac.<\/strong><\/p>\n<h4>4 &#8211; Les vertus de la mooka\u00efte :<\/h4>\n<p>Domaine <strong>spirituel<\/strong>, celui de l\u2019\u00eatre humain avec ses intentions, ses buts ou ses pr\u00e9occupations existentielles :<\/p>\n<p><strong>Exp\u00e9rience.<\/strong><\/p>\n<p>Domaine de <strong>l\u2019\u00e2me<\/strong> ou du subconscient, ainsi que les notions de temp\u00e9rament, de sentiments, de sensations, de r\u00eaves, de v\u00e9cu sur le plan animique, d\u2019habitudes et de r\u00e9actions inconscientes :<\/p>\n<p><strong>Favorise le changement, le plaisir et les exp\u00e9riences intenses.<\/strong><\/p>\n<p>Domaine <strong>mental<\/strong> avec les id\u00e9es, la raison, les convictions, les consid\u00e9rations, ainsi que le mode de pens\u00e9e et d\u2019action consciente :<\/p>\n<p><strong>Rend flexible, incite \u00e0 envisager plusieurs possibilit\u00e9s et \u00e0 toujours choisir celle qui convient.<\/strong><\/p>\n<p>Domaine <strong>physique<\/strong> ou corporel, l\u2019ensemble de l\u2019organisme avec les sens, les organes et les fonctions :<\/p>\n<p><strong>Fortifie la rate, le foie, le syst\u00e8me immunitaire, facilite la purification du sang et la cicatrisation.<\/strong><\/p>\n<h4>5 &#8211; Les vertus du jade (jaune) :<\/h4>\n<p>Domaine <strong>spirituel<\/strong>, celui de l\u2019\u00eatre humain avec ses intentions, ses buts ou ses pr\u00e9occupations existentielles :<\/p>\n<p><strong>\u00c9quilibre.<\/strong><\/p>\n<p>Domaine de <strong>l\u2019\u00e2me<\/strong> ou du subconscient, ainsi que les notions de temp\u00e9rament, de sentiments, de sensations, de r\u00eaves, de v\u00e9cu sur le plan animique, d\u2019habitudes et de r\u00e9actions inconscientes :<\/p>\n<p><strong>Cr\u00e9e un \u00e9quilibre entre repos et activit\u00e9.<\/strong><\/p>\n<p>Domaine <strong>mental<\/strong> avec les id\u00e9es, la raison, les convictions, les consid\u00e9rations, ainsi que le mode de pens\u00e9e et d\u2019action consciente :<\/p>\n<p><strong>Facilite une r\u00e9alisation de soi de mani\u00e8re ludique.<\/strong><\/p>\n<p>Domaine <strong>physique<\/strong> ou corporel, l\u2019ensemble de l\u2019organisme avec les sens, les organes et les fonctions :<\/p>\n<p><strong>R\u00e9gule les nerfs, les reins et les glandes surr\u00e9nales (production d\u2019adr\u00e9naline), contribue \u00e0 harmoniser l\u2019organisme en eau, en sels min\u00e9raux et en acides\/bases.<\/strong><\/p>\n<p><strong>6 &#8211; Les vertus de l\u2019h\u00e9matite (plaqu\u00e9e argent\u00e9) :<\/strong><\/p>\n<p>Domaine <strong>spirituel<\/strong>, celui de l\u2019\u00eatre humain avec ses intentions, ses buts ou ses pr\u00e9occupations existentielles :<\/p>\n<p><strong>Am\u00e9lioration.<\/strong><\/p>\n<p>Domaine de <strong>l\u2019\u00e2me<\/strong> ou du subconscient, ainsi que les notions de temp\u00e9rament, de sentiments, de sensations, de r\u00eaves, de v\u00e9cu sur le plan animique, d\u2019habitudes et de r\u00e9actions inconscientes :<\/p>\n<p><strong>Renforce la volont\u00e9 et met en lumi\u00e8re les d\u00e9sirs inassouvis.<\/strong><\/p>\n<p>Domaine <strong>mental<\/strong> avec les id\u00e9es, la raison, les convictions, les consid\u00e9rations, ainsi que le mode de pens\u00e9e et d\u2019action consciente :<\/p>\n<p><strong>Attire l\u2019attention sur les besoins \u00e9l\u00e9mentaires et le bien-\u00eatre du corps.<\/strong><\/p>\n<p>Domaine <strong>physique<\/strong> ou corporel, l\u2019ensemble de l\u2019organisme avec les sens, les organes et les fonctions :<\/p>\n<p><strong>Favorise l\u2019assimilation du fer et l\u2019h\u00e9matopo\u00ef\u00e8se, fortifie l\u2019intestin gr\u00eale, le gros intestin et les reins.<\/strong><\/p>\n","protected":false},"excerpt":{"rendered":"<table>\n<tbody>\n<tr>\n<td style=\"texte-align: left; color: gray; border: none;\"><strong>Hors frais d&rsquo;exp\u00e9dition<\/strong><\/td>\n<\/tr>\n<tr>\n<td style=\"texte-align: left; color: gray; border: none;\"><strong>Bijoux confectionn\u00e9s sur-mesure, sur commande<br \/>Les couleurs et motifs des pierres varient d&rsquo;un bijou \u00e0 un autre<br \/>D\u00e9lai de confection environ 30 jours<\/strong><\/td>\n<\/tr>\n<tr>\n<td style=\"texte-align: left; color: blue; border: none;\"><a style=\"color: #a15fe2;\" href=\"https:\/\/lescreationsde.celineinmyworldmedium.com\/index.php\/mesurer-son-tour-de-poignet-pour-bracelets\/\" target=\"_blank\" rel=\"noopener\"><strong>Comment mesurer son tour de poignet<\/strong><\/a><\/td>\n<\/tr>\n<\/tbody>\n<\/table>\n","protected":false},"featured_media":1840,"comment_status":"open","ping_status":"closed","template":"","meta":[],"product_brand":[],"product_cat":[31,617,72,712,454,468,711],"product_tag":[152,106,42,44,38,47,43,41,40,39,23,25,707,36,34,26,37,35,16,24,45,17,33,713,298,32,347,27,456,22,28,408,418],"class_list":{"0":"post-1838","1":"product","2":"type-product","3":"status-publish","4":"has-post-thumbnail","6":"product_cat-bracelets","7":"product_cat-hematite-pierres","8":"product_cat-jade","9":"product_cat-mookaite-pierres","10":"product_cat-pierre-de-lune-pierres","11":"product_cat-quartz-pierres","12":"product_cat-rhodonite-pierres","13":"product_tag-amour","14":"product_tag-argent","15":"product_tag-bijou","16":"product_tag-bijou-energetique","17":"product_tag-bijoux","18":"product_tag-bijoux-anti-allergies","19":"product_tag-bijoux-energetiques","20":"product_tag-bijoux-fait-main","21":"product_tag-bijoux-personnalises","22":"product_tag-bijoux-sur-mesure","23":"product_tag-boucles-doreilles","24":"product_tag-bracelet","25":"product_tag-bracelet-chemin-de-vie-personnalise-avec-bouddha","26":"product_tag-bracelet-femme","27":"product_tag-bracelet-homme","28":"product_tag-bracelets","29":"product_tag-bracelets-femme","30":"product_tag-bracelets-homme","31":"product_tag-collier","32":"product_tag-collier-femme","33":"product_tag-collier-personnalise","34":"product_tag-colliers","35":"product_tag-energetique","36":"product_tag-hematite-plaquee-argente","37":"product_tag-jade-jaune","38":"product_tag-lithotherapie","39":"product_tag-mookaite","40":"product_tag-pierre","41":"product_tag-pierre-de-lune","42":"product_tag-pierre-semi-precieuse","43":"product_tag-pierres-naturelles","44":"product_tag-quartz-rose","45":"product_tag-rhodonite-rose","47":"first","48":"instock","49":"shipping-taxable","50":"purchasable","51":"product-type-variable"},"yoast_head":"<!-- This site is optimized with the Yoast SEO plugin v27.2 - https:\/\/yoast.com\/product\/yoast-seo-wordpress\/ -->\n<title>Bracelet Chemin de vie (personnalis\u00e9) en Quartz rose, Jade jaune, etc...<\/title>\n<meta name=\"description\" content=\"\u00c9quilibre. Am\u00e9lioration. Favorise l\u2019assimilation du fer et l\u2019h\u00e9matopo\u00ef\u00e8se, fortifie l\u2019intestin gr\u00eale, le gros intestin et les reins.\" \/>\n<meta name=\"robots\" content=\"index, follow, max-snippet:-1, max-image-preview:large, max-video-preview:-1\" \/>\n<link rel=\"canonical\" href=\"https:\/\/lescreationsde.celineinmyworldmedium.com\/index.php\/produit\/bracelet-chemin-de-vie-personnalise-en-quartz-rose-jade-jaune-etc-avec-bouddha-en-hematite-plaquee-argente\/\" \/>\n<meta property=\"og:locale\" content=\"fr_FR\" \/>\n<meta property=\"og:type\" content=\"article\" \/>\n<meta property=\"og:title\" content=\"Bracelet Chemin de vie (personnalis\u00e9) en Quartz rose, Jade jaune, etc...\" \/>\n<meta property=\"og:description\" content=\"\u00c9quilibre. Am\u00e9lioration. Favorise l\u2019assimilation du fer et l\u2019h\u00e9matopo\u00ef\u00e8se, fortifie l\u2019intestin gr\u00eale, le gros intestin et les reins.\" \/>\n<meta property=\"og:url\" content=\"https:\/\/lescreationsde.celineinmyworldmedium.com\/index.php\/produit\/bracelet-chemin-de-vie-personnalise-en-quartz-rose-jade-jaune-etc-avec-bouddha-en-hematite-plaquee-argente\/\" \/>\n<meta property=\"og:site_name\" content=\"Les cr\u00e9ations de C\u00e9line Inmyworld\" \/>\n<meta property=\"article:modified_time\" content=\"2024-03-10T22:51:52+00:00\" \/>\n<meta property=\"og:image\" content=\"https:\/\/lescreationsde.celineinmyworldmedium.com\/wp-content\/uploads\/2021\/04\/Bracelet_Chemin_de_vie_personnalise_en_Quartz_rose_Jade_jaune_etc_avec_Bouddha.jpg\" \/>\n\t<meta property=\"og:image:width\" content=\"1059\" \/>\n\t<meta property=\"og:image:height\" content=\"1059\" \/>\n\t<meta property=\"og:image:type\" content=\"image\/jpeg\" \/>\n<meta name=\"twitter:card\" content=\"summary_large_image\" \/>\n<meta name=\"twitter:label1\" content=\"Dur\u00e9e de lecture estim\u00e9e\" \/>\n\t<meta name=\"twitter:data1\" content=\"4 minutes\" \/>\n<script type=\"application\/ld+json\" class=\"yoast-schema-graph\">{\"@context\":\"https:\/\/schema.org\",\"@graph\":[{\"@type\":\"WebPage\",\"@id\":\"https:\/\/lescreationsde.celineinmyworldmedium.com\/index.php\/produit\/bracelet-chemin-de-vie-personnalise-en-quartz-rose-jade-jaune-etc-avec-bouddha-en-hematite-plaquee-argente\/\",\"url\":\"https:\/\/lescreationsde.celineinmyworldmedium.com\/index.php\/produit\/bracelet-chemin-de-vie-personnalise-en-quartz-rose-jade-jaune-etc-avec-bouddha-en-hematite-plaquee-argente\/\",\"name\":\"Bracelet Chemin de vie (personnalis\u00e9) en Quartz rose, Jade jaune, etc...\",\"isPartOf\":{\"@id\":\"https:\/\/lescreationsde.celineinmyworldmedium.com\/#website\"},\"primaryImageOfPage\":{\"@id\":\"https:\/\/lescreationsde.celineinmyworldmedium.com\/index.php\/produit\/bracelet-chemin-de-vie-personnalise-en-quartz-rose-jade-jaune-etc-avec-bouddha-en-hematite-plaquee-argente\/#primaryimage\"},\"image\":{\"@id\":\"https:\/\/lescreationsde.celineinmyworldmedium.com\/index.php\/produit\/bracelet-chemin-de-vie-personnalise-en-quartz-rose-jade-jaune-etc-avec-bouddha-en-hematite-plaquee-argente\/#primaryimage\"},\"thumbnailUrl\":\"https:\/\/lescreationsde.celineinmyworldmedium.com\/wp-content\/uploads\/2021\/04\/Bracelet_Chemin_de_vie_personnalise_en_Quartz_rose_Jade_jaune_etc_avec_Bouddha.jpg\",\"datePublished\":\"2022-07-12T10:32:47+00:00\",\"dateModified\":\"2024-03-10T22:51:52+00:00\",\"description\":\"\u00c9quilibre. Am\u00e9lioration. Favorise l\u2019assimilation du fer et l\u2019h\u00e9matopo\u00ef\u00e8se, fortifie l\u2019intestin gr\u00eale, le gros intestin et les reins.\",\"breadcrumb\":{\"@id\":\"https:\/\/lescreationsde.celineinmyworldmedium.com\/index.php\/produit\/bracelet-chemin-de-vie-personnalise-en-quartz-rose-jade-jaune-etc-avec-bouddha-en-hematite-plaquee-argente\/#breadcrumb\"},\"inLanguage\":\"fr-FR\",\"potentialAction\":[{\"@type\":\"ReadAction\",\"target\":[\"https:\/\/lescreationsde.celineinmyworldmedium.com\/index.php\/produit\/bracelet-chemin-de-vie-personnalise-en-quartz-rose-jade-jaune-etc-avec-bouddha-en-hematite-plaquee-argente\/\"]}]},{\"@type\":\"ImageObject\",\"inLanguage\":\"fr-FR\",\"@id\":\"https:\/\/lescreationsde.celineinmyworldmedium.com\/index.php\/produit\/bracelet-chemin-de-vie-personnalise-en-quartz-rose-jade-jaune-etc-avec-bouddha-en-hematite-plaquee-argente\/#primaryimage\",\"url\":\"https:\/\/lescreationsde.celineinmyworldmedium.com\/wp-content\/uploads\/2021\/04\/Bracelet_Chemin_de_vie_personnalise_en_Quartz_rose_Jade_jaune_etc_avec_Bouddha.jpg\",\"contentUrl\":\"https:\/\/lescreationsde.celineinmyworldmedium.com\/wp-content\/uploads\/2021\/04\/Bracelet_Chemin_de_vie_personnalise_en_Quartz_rose_Jade_jaune_etc_avec_Bouddha.jpg\",\"width\":1059,\"height\":1059,\"caption\":\"Bracelet Chemin de vie (personnalis\u00e9) en Quartz rose, Jade jaune, Mooka\u00efte, Rhodonite et Pierre de lune avec Bouddha en h\u00e9matite plaqu\u00e9e argent\u00e9\"},{\"@type\":\"BreadcrumbList\",\"@id\":\"https:\/\/lescreationsde.celineinmyworldmedium.com\/index.php\/produit\/bracelet-chemin-de-vie-personnalise-en-quartz-rose-jade-jaune-etc-avec-bouddha-en-hematite-plaquee-argente\/#breadcrumb\",\"itemListElement\":[{\"@type\":\"ListItem\",\"position\":1,\"name\":\"Accueil\",\"item\":\"https:\/\/lescreationsde.celineinmyworldmedium.com\/\"},{\"@type\":\"ListItem\",\"position\":2,\"name\":\"Produits\",\"item\":\"https:\/\/lescreationsde.celineinmyworldmedium.com\/index.php\/boutique\/\"},{\"@type\":\"ListItem\",\"position\":3,\"name\":\"Bracelet Chemin de vie (personnalis\u00e9) en Quartz rose, Jade jaune, etc&#8230;, avec Bouddha en h\u00e9matite plaqu\u00e9e argent\u00e9\"}]},{\"@type\":\"WebSite\",\"@id\":\"https:\/\/lescreationsde.celineinmyworldmedium.com\/#website\",\"url\":\"https:\/\/lescreationsde.celineinmyworldmedium.com\/\",\"name\":\"Les cr\u00e9ations de C\u00e9line Inmyworld\",\"description\":\"Cr\u00e9ation de bijoux personnalis\u00e9s, sur-mesure, en pierres semi-pr\u00e9cieuses de qualit\u00e9. Bracelets, boucles d&#039;oreilles, colliers, sautoirs, malas, cha\u00eenes de cheville, bagues...\u2764\",\"publisher\":{\"@id\":\"https:\/\/lescreationsde.celineinmyworldmedium.com\/#organization\"},\"potentialAction\":[{\"@type\":\"SearchAction\",\"target\":{\"@type\":\"EntryPoint\",\"urlTemplate\":\"https:\/\/lescreationsde.celineinmyworldmedium.com\/?s={search_term_string}\"},\"query-input\":{\"@type\":\"PropertyValueSpecification\",\"valueRequired\":true,\"valueName\":\"search_term_string\"}}],\"inLanguage\":\"fr-FR\"},{\"@type\":\"Organization\",\"@id\":\"https:\/\/lescreationsde.celineinmyworldmedium.com\/#organization\",\"name\":\"Les cr\u00e9ations de C\u00e9line Inmyworld\",\"url\":\"https:\/\/lescreationsde.celineinmyworldmedium.com\/\",\"logo\":{\"@type\":\"ImageObject\",\"inLanguage\":\"fr-FR\",\"@id\":\"https:\/\/lescreationsde.celineinmyworldmedium.com\/#\/schema\/logo\/image\/\",\"url\":\"https:\/\/lescreationsde.celineinmyworldmedium.com\/wp-content\/uploads\/2021\/03\/logo_creations3.png\",\"contentUrl\":\"https:\/\/lescreationsde.celineinmyworldmedium.com\/wp-content\/uploads\/2021\/03\/logo_creations3.png\",\"width\":613,\"height\":190,\"caption\":\"Les cr\u00e9ations de C\u00e9line Inmyworld\"},\"image\":{\"@id\":\"https:\/\/lescreationsde.celineinmyworldmedium.com\/#\/schema\/logo\/image\/\"}}]}<\/script>\n<!-- \/ Yoast SEO plugin. -->","yoast_head_json":{"title":"Bracelet Chemin de vie (personnalis\u00e9) en Quartz rose, Jade jaune, etc...","description":"\u00c9quilibre. Am\u00e9lioration. Favorise l\u2019assimilation du fer et l\u2019h\u00e9matopo\u00ef\u00e8se, fortifie l\u2019intestin gr\u00eale, le gros intestin et les reins.","robots":{"index":"index","follow":"follow","max-snippet":"max-snippet:-1","max-image-preview":"max-image-preview:large","max-video-preview":"max-video-preview:-1"},"canonical":"https:\/\/lescreationsde.celineinmyworldmedium.com\/index.php\/produit\/bracelet-chemin-de-vie-personnalise-en-quartz-rose-jade-jaune-etc-avec-bouddha-en-hematite-plaquee-argente\/","og_locale":"fr_FR","og_type":"article","og_title":"Bracelet Chemin de vie (personnalis\u00e9) en Quartz rose, Jade jaune, etc...","og_description":"\u00c9quilibre. Am\u00e9lioration. Favorise l\u2019assimilation du fer et l\u2019h\u00e9matopo\u00ef\u00e8se, fortifie l\u2019intestin gr\u00eale, le gros intestin et les reins.","og_url":"https:\/\/lescreationsde.celineinmyworldmedium.com\/index.php\/produit\/bracelet-chemin-de-vie-personnalise-en-quartz-rose-jade-jaune-etc-avec-bouddha-en-hematite-plaquee-argente\/","og_site_name":"Les cr\u00e9ations de C\u00e9line Inmyworld","article_modified_time":"2024-03-10T22:51:52+00:00","og_image":[{"width":1059,"height":1059,"url":"https:\/\/lescreationsde.celineinmyworldmedium.com\/wp-content\/uploads\/2021\/04\/Bracelet_Chemin_de_vie_personnalise_en_Quartz_rose_Jade_jaune_etc_avec_Bouddha.jpg","type":"image\/jpeg"}],"twitter_card":"summary_large_image","twitter_misc":{"Dur\u00e9e de lecture estim\u00e9e":"4 minutes"},"schema":{"@context":"https:\/\/schema.org","@graph":[{"@type":"WebPage","@id":"https:\/\/lescreationsde.celineinmyworldmedium.com\/index.php\/produit\/bracelet-chemin-de-vie-personnalise-en-quartz-rose-jade-jaune-etc-avec-bouddha-en-hematite-plaquee-argente\/","url":"https:\/\/lescreationsde.celineinmyworldmedium.com\/index.php\/produit\/bracelet-chemin-de-vie-personnalise-en-quartz-rose-jade-jaune-etc-avec-bouddha-en-hematite-plaquee-argente\/","name":"Bracelet Chemin de vie (personnalis\u00e9) en Quartz rose, Jade jaune, etc...","isPartOf":{"@id":"https:\/\/lescreationsde.celineinmyworldmedium.com\/#website"},"primaryImageOfPage":{"@id":"https:\/\/lescreationsde.celineinmyworldmedium.com\/index.php\/produit\/bracelet-chemin-de-vie-personnalise-en-quartz-rose-jade-jaune-etc-avec-bouddha-en-hematite-plaquee-argente\/#primaryimage"},"image":{"@id":"https:\/\/lescreationsde.celineinmyworldmedium.com\/index.php\/produit\/bracelet-chemin-de-vie-personnalise-en-quartz-rose-jade-jaune-etc-avec-bouddha-en-hematite-plaquee-argente\/#primaryimage"},"thumbnailUrl":"https:\/\/lescreationsde.celineinmyworldmedium.com\/wp-content\/uploads\/2021\/04\/Bracelet_Chemin_de_vie_personnalise_en_Quartz_rose_Jade_jaune_etc_avec_Bouddha.jpg","datePublished":"2022-07-12T10:32:47+00:00","dateModified":"2024-03-10T22:51:52+00:00","description":"\u00c9quilibre. Am\u00e9lioration. Favorise l\u2019assimilation du fer et l\u2019h\u00e9matopo\u00ef\u00e8se, fortifie l\u2019intestin gr\u00eale, le gros intestin et les reins.","breadcrumb":{"@id":"https:\/\/lescreationsde.celineinmyworldmedium.com\/index.php\/produit\/bracelet-chemin-de-vie-personnalise-en-quartz-rose-jade-jaune-etc-avec-bouddha-en-hematite-plaquee-argente\/#breadcrumb"},"inLanguage":"fr-FR","potentialAction":[{"@type":"ReadAction","target":["https:\/\/lescreationsde.celineinmyworldmedium.com\/index.php\/produit\/bracelet-chemin-de-vie-personnalise-en-quartz-rose-jade-jaune-etc-avec-bouddha-en-hematite-plaquee-argente\/"]}]},{"@type":"ImageObject","inLanguage":"fr-FR","@id":"https:\/\/lescreationsde.celineinmyworldmedium.com\/index.php\/produit\/bracelet-chemin-de-vie-personnalise-en-quartz-rose-jade-jaune-etc-avec-bouddha-en-hematite-plaquee-argente\/#primaryimage","url":"https:\/\/lescreationsde.celineinmyworldmedium.com\/wp-content\/uploads\/2021\/04\/Bracelet_Chemin_de_vie_personnalise_en_Quartz_rose_Jade_jaune_etc_avec_Bouddha.jpg","contentUrl":"https:\/\/lescreationsde.celineinmyworldmedium.com\/wp-content\/uploads\/2021\/04\/Bracelet_Chemin_de_vie_personnalise_en_Quartz_rose_Jade_jaune_etc_avec_Bouddha.jpg","width":1059,"height":1059,"caption":"Bracelet Chemin de vie (personnalis\u00e9) en Quartz rose, Jade jaune, Mooka\u00efte, Rhodonite et Pierre de lune avec Bouddha en h\u00e9matite plaqu\u00e9e argent\u00e9"},{"@type":"BreadcrumbList","@id":"https:\/\/lescreationsde.celineinmyworldmedium.com\/index.php\/produit\/bracelet-chemin-de-vie-personnalise-en-quartz-rose-jade-jaune-etc-avec-bouddha-en-hematite-plaquee-argente\/#breadcrumb","itemListElement":[{"@type":"ListItem","position":1,"name":"Accueil","item":"https:\/\/lescreationsde.celineinmyworldmedium.com\/"},{"@type":"ListItem","position":2,"name":"Produits","item":"https:\/\/lescreationsde.celineinmyworldmedium.com\/index.php\/boutique\/"},{"@type":"ListItem","position":3,"name":"Bracelet Chemin de vie (personnalis\u00e9) en Quartz rose, Jade jaune, etc&#8230;, avec Bouddha en h\u00e9matite plaqu\u00e9e argent\u00e9"}]},{"@type":"WebSite","@id":"https:\/\/lescreationsde.celineinmyworldmedium.com\/#website","url":"https:\/\/lescreationsde.celineinmyworldmedium.com\/","name":"Les cr\u00e9ations de C\u00e9line Inmyworld","description":"Cr\u00e9ation de bijoux personnalis\u00e9s, sur-mesure, en pierres semi-pr\u00e9cieuses de qualit\u00e9. Bracelets, boucles d&#039;oreilles, colliers, sautoirs, malas, cha\u00eenes de cheville, bagues...\u2764","publisher":{"@id":"https:\/\/lescreationsde.celineinmyworldmedium.com\/#organization"},"potentialAction":[{"@type":"SearchAction","target":{"@type":"EntryPoint","urlTemplate":"https:\/\/lescreationsde.celineinmyworldmedium.com\/?s={search_term_string}"},"query-input":{"@type":"PropertyValueSpecification","valueRequired":true,"valueName":"search_term_string"}}],"inLanguage":"fr-FR"},{"@type":"Organization","@id":"https:\/\/lescreationsde.celineinmyworldmedium.com\/#organization","name":"Les cr\u00e9ations de C\u00e9line Inmyworld","url":"https:\/\/lescreationsde.celineinmyworldmedium.com\/","logo":{"@type":"ImageObject","inLanguage":"fr-FR","@id":"https:\/\/lescreationsde.celineinmyworldmedium.com\/#\/schema\/logo\/image\/","url":"https:\/\/lescreationsde.celineinmyworldmedium.com\/wp-content\/uploads\/2021\/03\/logo_creations3.png","contentUrl":"https:\/\/lescreationsde.celineinmyworldmedium.com\/wp-content\/uploads\/2021\/03\/logo_creations3.png","width":613,"height":190,"caption":"Les cr\u00e9ations de C\u00e9line Inmyworld"},"image":{"@id":"https:\/\/lescreationsde.celineinmyworldmedium.com\/#\/schema\/logo\/image\/"}}]}},"jetpack_sharing_enabled":true,"_links":{"self":[{"href":"https:\/\/lescreationsde.celineinmyworldmedium.com\/index.php\/wp-json\/wp\/v2\/product\/1838","targetHints":{"allow":["GET"]}}],"collection":[{"href":"https:\/\/lescreationsde.celineinmyworldmedium.com\/index.php\/wp-json\/wp\/v2\/product"}],"about":[{"href":"https:\/\/lescreationsde.celineinmyworldmedium.com\/index.php\/wp-json\/wp\/v2\/types\/product"}],"replies":[{"embeddable":true,"href":"https:\/\/lescreationsde.celineinmyworldmedium.com\/index.php\/wp-json\/wp\/v2\/comments?post=1838"}],"wp:featuredmedia":[{"embeddable":true,"href":"https:\/\/lescreationsde.celineinmyworldmedium.com\/index.php\/wp-json\/wp\/v2\/media\/1840"}],"wp:attachment":[{"href":"https:\/\/lescreationsde.celineinmyworldmedium.com\/index.php\/wp-json\/wp\/v2\/media?parent=1838"}],"wp:term":[{"taxonomy":"product_brand","embeddable":true,"href":"https:\/\/lescreationsde.celineinmyworldmedium.com\/index.php\/wp-json\/wp\/v2\/product_brand?post=1838"},{"taxonomy":"product_cat","embeddable":true,"href":"https:\/\/lescreationsde.celineinmyworldmedium.com\/index.php\/wp-json\/wp\/v2\/product_cat?post=1838"},{"taxonomy":"product_tag","embeddable":true,"href":"https:\/\/lescreationsde.celineinmyworldmedium.com\/index.php\/wp-json\/wp\/v2\/product_tag?post=1838"}],"curies":[{"name":"wp","href":"https:\/\/api.w.org\/{rel}","templated":true}]}}