{"id":1831,"date":"2021-04-21T19:17:02","date_gmt":"2021-04-21T17:17:02","guid":{"rendered":"https:\/\/lescreationsde.celineinmyworldmedium.com\/?post_type=product&#038;p=1831"},"modified":"2024-03-10T23:51:50","modified_gmt":"2024-03-10T22:51:50","slug":"bracelet-chemin-de-vie-personnalise-en-graines-de-rudraksha-bodhi-etc","status":"publish","type":"product","link":"https:\/\/lescreationsde.celineinmyworldmedium.com\/index.php\/produit\/bracelet-chemin-de-vie-personnalise-en-graines-de-rudraksha-bodhi-etc\/","title":{"rendered":"Bracelet Chemin de vie (personnalis\u00e9) en Graines de Rudraksha (Bodhi), etc&#8230;"},"content":{"rendered":"<p><em>Bracelet Chemin de vie (personnalis\u00e9) en Graines de Rudraksha (Bodhi), S\u00e9raphinite, Ophite mate, Bois p\u00e9trifi\u00e9 silicifi\u00e9, Agate \u00e0 lamelles (Botswana) et Bois p\u00e9trifi\u00e9 peanut wood, M\u00e9tarhyolite mate (Jaspe l\u00e9opard) avec Bouddha en H\u00e9matite plaqu\u00e9e bronze.<\/em><\/p>\n<h4><strong>1 &#8211; Les vertus de l\u2019agate \u00e0 lamelles (agate du botswana) :<\/strong><\/h4>\n<p>Domaine<strong> spirituel<\/strong>, celui de l\u2019\u00eatre humain avec ses intentions, ses buts ou ses pr\u00e9occupations existentielles :<\/p>\n<p><strong>Conscience de soi, \u00e9quilibre entre activit\u00e9 et repos.<\/strong><\/p>\n<p>Domaine de <strong>l\u2019\u00e2me<\/strong> ou du subconscient, ainsi que les notions de temp\u00e9rament, de sentiments, de sensations, de r\u00eaves, de v\u00e9cu sur le plan animique, d\u2019habitudes et de r\u00e9actions inconscientes :<\/p>\n<p><strong>Barri\u00e8re contre les influences ind\u00e9sirables.<\/strong><\/p>\n<p>Domaine <strong>mental<\/strong> avec les id\u00e9es, la raison, les convictions, les consid\u00e9rations, ainsi que le mode de pens\u00e9e et d\u2019action consciente :<\/p>\n<p><strong>Favorise la capacit\u00e9 de voir les d\u00e9tails et la concentration sur l\u2019essentiel.<\/strong><\/p>\n<p>Domaine <strong>physique<\/strong> ou corporel, l\u2019ensemble de l\u2019organisme avec les sens, les organes et les fonctions :<\/p>\n<p><strong>Favorable pour l\u2019\u00e9quilibre, les nerfs, les sens, la peau, les poumons, l\u2019intestin et la vessie.<\/strong><\/p>\n<h4>2 &#8211; Les vertus du bois p\u00e9trifi\u00e9 (peanut wood):<\/h4>\n<p>Domaine <strong>spirituel<\/strong>, celui de l\u2019\u00eatre humain avec ses intentions, ses buts ou ses pr\u00e9occupations existentielles :<\/p>\n<p><strong>Satisfaction.<\/strong><\/p>\n<p>Domaine de <strong>l\u2019\u00e2me<\/strong> ou du subconscient, ainsi que les notions de temp\u00e9rament, de sentiments, de sensations, de r\u00eaves, de v\u00e9cu sur le plan animique, d\u2019habitudes et de r\u00e9actions inconscientes :<\/p>\n<p><strong>Cr\u00e9e du bien-\u00eatre et permet de prendre la vie comme elle est.<\/strong><\/p>\n<p>Domaine <strong>mental<\/strong> avec les id\u00e9es, la raison, les convictions, les consid\u00e9rations, ainsi que le mode de pens\u00e9e et d\u2019action consciente :<\/p>\n<p><strong>Aide \u00e0 servir des changements venant de l\u2019ext\u00e9rieur pour la r\u00e9alisation de ses propres objectifs.<\/strong><\/p>\n<p>Domaine <strong>physique<\/strong> ou corporel, l\u2019ensemble de l\u2019organisme avec les sens, les organes et les fonctions :<\/p>\n<p><strong>Calme les nerfs, utile en cas de surpoids r\u00e9sultant d\u2019un \u00ab\u00a0enracinement insuffisant\u00a0\u00bb.<\/strong><\/p>\n<h4>3 &#8211; Les vertus du bois p\u00e9trifi\u00e9 silicifi\u00e9 :<\/h4>\n<p>Domaine <strong>spirituel<\/strong>, celui de l\u2019\u00eatre humain avec ses intentions, ses buts ou ses pr\u00e9occupations existentielles :<\/p>\n<p><strong>Enracinement.<\/strong><\/p>\n<p>Domaine de <strong>l\u2019\u00e2me<\/strong> ou du subconscient, ainsi que les notions de temp\u00e9rament, de sentiments, de sensations, de r\u00eaves, de v\u00e9cu sur le plan animique, d\u2019habitudes et de r\u00e9actions inconscientes :<\/p>\n<p><strong>Stabilise et \u00ab\u00a0enracine\u00a0\u00bb.<\/strong><\/p>\n<p>Domaine <strong>mental<\/strong> avec les id\u00e9es, la raison, les convictions, les consid\u00e9rations, ainsi que le mode de pens\u00e9e et d\u2019action consciente :<\/p>\n<p><strong>Aide \u00e0 bien se placer sur le terrain des r\u00e9alit\u00e9s.<\/strong><\/p>\n<p>Domaine <strong>physique<\/strong> ou corporel, l\u2019ensemble de l\u2019organisme avec les sens, les organes et les fonctions :<\/p>\n<p><strong>Stimule la digestion et le m\u00e9tabolisme, fortifie les nerfs, aide en cas de surpoids r\u00e9sultant d\u2019un \u00ab\u00a0enracinement insuffisant\u00a0\u00bb.<\/strong><\/p>\n<h4>4 &#8211; Les vertus des <span class=\"posted_in\">graines de rudraksha \/ bodhi<\/span> :<\/h4>\n<p>Domaine <strong>spirituel<\/strong>, celui de l\u2019\u00eatre humain avec ses intentions, ses buts ou ses pr\u00e9occupations existentielles :<\/p>\n<p><strong>La m\u00e9decine ayurv\u00e9dique attribue des vertus b\u00e9n\u00e9fiques et bienfaisantes au Rudraksha. Les graines ont un puissant rayonnement \u00e9lectromagn\u00e9tique qui renforce notre champ \u00e9nerg\u00e9tique. Le port de ces graines aide \u00e0 \u00e9quilibrer le fonctionnement de nos organes. Le 25\u00e8me chapitre de Vidyeshwar Samhita indique que le port du Rudraksha d\u00e9truit le mal et les d\u00e9mons.<\/strong><\/p>\n<p>Domaine de <strong>l\u2019\u00e2me<\/strong> ou du subconscient, ainsi que les notions de temp\u00e9rament, de sentiments, de sensations, de r\u00eaves, de v\u00e9cu sur le plan animique, d\u2019habitudes et de r\u00e9actions inconscientes :<\/p>\n<p><strong>Idem.<\/strong><\/p>\n<p>Domaine <strong>mental<\/strong> avec les id\u00e9es, la raison, les convictions, les consid\u00e9rations, ainsi que le mode de pens\u00e9e et d\u2019action consciente :<\/p>\n<p><strong>La m\u00e9decine ayurv\u00e9dique attribue des vertus b\u00e9n\u00e9fiques et bienfaisantes au Rudraksha. Les graines ont un puissant rayonnement \u00e9lectromagn\u00e9tique qui renforce notre champ \u00e9nerg\u00e9tique. Le port de ces graines aide \u00e0 \u00e9quilibrer le fonctionnement de nos organes. Le 25\u00e8me chapitre de Vidyeshwar Samhita indique que le port du Rudraksha d\u00e9truit le mal et les d\u00e9mons.<\/strong><\/p>\n<p>Domaine <strong>physique<\/strong> ou corporel, l\u2019ensemble de l\u2019organisme avec les sens, les organes et les fonctions :<\/p>\n<p><strong>Idem.<\/strong><\/p>\n<h4>5 &#8211; Les vertus de la m\u00e9tarhyolite \/ jaspe l\u00e9opard :<\/h4>\n<p>Domaine <strong>spirituel<\/strong>, celui de l\u2019\u00eatre humain avec ses intentions, ses buts ou ses pr\u00e9occupations existentielles :<\/p>\n<p><strong>Consolidation.<\/strong><\/p>\n<p>Domaine de <strong>l\u2019\u00e2me<\/strong> ou du subconscient, ainsi que les notions de temp\u00e9rament, de sentiments, de sensations, de r\u00eaves, de v\u00e9cu sur le plan animique, d\u2019habitudes et de r\u00e9actions inconscientes :<\/p>\n<p><strong>Pour l\u2019\u00e9quilibre entre activit\u00e9 et repos avec un sommeil profond et r\u00e9parateur.<\/strong><\/p>\n<p>Domaine <strong>mental<\/strong> avec les id\u00e9es, la raison, les convictions, les consid\u00e9rations, ainsi que le mode de pens\u00e9e et d\u2019action consciente :<\/p>\n<p><strong>Clarifie ce qui est \u00e0 faire, sans nouvelles impulsions.<\/strong><\/p>\n<p>Domaine <strong>physique<\/strong> ou corporel, l\u2019ensemble de l\u2019organisme avec les sens, les organes et les fonctions :<\/p>\n<p><strong>Stimule la digestion et l\u2019\u00e9limination, aide en cas de troubles cutan\u00e9s et de durcissement de certains tissus.<\/strong><\/p>\n<h4>6 &#8211; Les vertus de l&rsquo;ophite :<\/h4>\n<p>Domaine <strong>spirituel<\/strong>, celui de l\u2019\u00eatre humain avec ses intentions, ses buts ou ses pr\u00e9occupations existentielles :<\/p>\n<p><strong>R\u00e9flexion, travail sur soi.<\/strong><\/p>\n<p>Domaine de <strong>l\u2019\u00e2me<\/strong> ou du subconscient, ainsi que les notions de temp\u00e9rament, de sentiments, de sensations, de r\u00eaves, de v\u00e9cu sur le plan animique, d\u2019habitudes et de r\u00e9actions inconscientes :<\/p>\n<p><strong>Aide \u00e0 s\u2019adapter prudemment aux autres ou \u00e0 se retirer tout aussi prudemment.<\/strong><\/p>\n<p>Domaine <strong>mental<\/strong> avec les id\u00e9es, la raison, les convictions, les consid\u00e9rations, ainsi que le mode de pens\u00e9e et d\u2019action consciente :<\/p>\n<p><strong>Favorise l\u2019assimilation des exp\u00e9riences faites au cours de la vie.<\/strong><\/p>\n<p>Domaine <strong>physique<\/strong> ou corporel, l\u2019ensemble de l\u2019organisme avec les sens, les organes et les fonctions :<\/p>\n<p><strong>Stimule l\u2019estomac, le pancr\u00e9as, l\u2019intestin, la digestion et l\u2019\u00e9limination.<\/strong><\/p>\n<h4>7 &#8211; <strong>Les vertus de s\u00e9raphinite \/ clinochlore:<\/strong><\/h4>\n<p>Domaine <strong>spirituel<\/strong>, celui de l\u2019\u00eatre humain avec ses intentions, ses buts ou ses pr\u00e9occupations existentielles :<\/p>\n<p><strong>Prudence, ouverture au contact avec autrui.<\/strong><\/p>\n<p>Domaine de <strong>l\u2019\u00e2me<\/strong> ou du subconscient, ainsi que les notions de temp\u00e9rament, de sentiments, de sensations, de r\u00eaves, de v\u00e9cu sur le plan animique, d\u2019habitudes et de r\u00e9actions inconscientes :<\/p>\n<p><strong>Aide \u00e0 dissoudre les programmations de souffrance.<\/strong><\/p>\n<p>Domaine <strong>mental<\/strong> avec les id\u00e9es, la raison, les convictions, les consid\u00e9rations, ainsi que le mode de pens\u00e9e et d\u2019action consciente :<\/p>\n<p><strong>Pour la r\u00e9solution de conflits, la r\u00e9conciliation et des compromis constructifs.<\/strong><\/p>\n<p>Domaine <strong>physique<\/strong> ou corporel, l\u2019ensemble de l\u2019organisme avec les sens, les organes et les fonctions :<\/p>\n<p><strong>Fortifie le foie et les reins, d\u00e9sintoxique, stimule le m\u00e9tabolisme, permet de maigrir, de se sentir bien dans son corps.<\/strong><\/p>\n<p><em><strong>Les Graines de Rudraksha :<\/strong><\/em><br \/>\n<em>La m\u00e9decine ayurv\u00e9dique attribue des vertus b\u00e9n\u00e9fiques et bienfaisantes au Rudraksha. Les graines ont un puissant rayonnement \u00e9lectromagn\u00e9tique qui renforce notre champ \u00e9nerg\u00e9tique. Le port de ces graines aide \u00e0 \u00e9quilibrer le fonctionnement de nos organes. Le 25\u00e8me chapitre de Vidyeshwar Samhita indique que le port du Rudraksha d\u00e9truit le mal et les d\u00e9mons.<\/em><\/p>\n","protected":false},"excerpt":{"rendered":"<table>\n<tbody>\n<tr>\n<td style=\"texte-align: left; color: gray; border: none;\"><strong>Hors frais d&rsquo;exp\u00e9dition<\/strong><\/td>\n<\/tr>\n<tr>\n<td style=\"texte-align: left; color: gray; border: none;\"><strong>Bijoux confectionn\u00e9s sur-mesure, sur commande<br \/>Les couleurs et motifs des pierres varient d&rsquo;un bijou \u00e0 un autre<br \/>D\u00e9lai de confection environ 30 jours<\/strong><\/td>\n<\/tr>\n<tr>\n<td style=\"texte-align: left; color: blue; border: none;\"><a style=\"color: #a15fe2;\" href=\"https:\/\/lescreationsde.celineinmyworldmedium.com\/index.php\/mesurer-son-tour-de-poignet-pour-bracelets\/\" target=\"_blank\" rel=\"noopener\"><strong>Comment mesurer son tour de poignet<\/strong><\/a><\/td>\n<\/tr>\n<\/tbody>\n<\/table>\n","protected":false},"featured_media":1833,"comment_status":"open","ping_status":"closed","template":"","meta":[],"product_brand":[],"product_cat":[31,459,521,705,596,706,69],"product_tag":[708,152,106,42,44,38,47,43,41,40,39,241,242,23,25,707,36,34,26,37,35,16,24,45,17,33,709,32,344,379,27,22,28,423],"class_list":{"0":"post-1831","1":"product","2":"type-product","3":"status-publish","4":"has-post-thumbnail","6":"product_cat-bracelets","7":"product_cat-agate-pierres-boutique","8":"product_cat-bois-petrifie","9":"product_cat-graines-de-rudraksha-bodhi-pierres","10":"product_cat-metarhyolite-pierres","11":"product_cat-ophite-pierres","12":"product_cat-seraphinite-pierres","13":"product_tag-agate-a-lamelles-agate-du-botswana","14":"product_tag-amour","15":"product_tag-argent","16":"product_tag-bijou","17":"product_tag-bijou-energetique","18":"product_tag-bijoux","19":"product_tag-bijoux-anti-allergies","20":"product_tag-bijoux-energetiques","21":"product_tag-bijoux-fait-main","22":"product_tag-bijoux-personnalises","23":"product_tag-bijoux-sur-mesure","24":"product_tag-bois-petrifie-peanut-wood","25":"product_tag-bois-petrifie-silicifie","26":"product_tag-boucles-doreilles","27":"product_tag-bracelet","28":"product_tag-bracelet-chemin-de-vie-personnalise-avec-bouddha","29":"product_tag-bracelet-femme","30":"product_tag-bracelet-homme","31":"product_tag-bracelets","32":"product_tag-bracelets-femme","33":"product_tag-bracelets-homme","34":"product_tag-collier","35":"product_tag-collier-femme","36":"product_tag-collier-personnalise","37":"product_tag-colliers","38":"product_tag-energetique","39":"product_tag-graines-de-rudraksha-bodhi","40":"product_tag-lithotherapie","41":"product_tag-metarhyolite-jaspe-leopard","42":"product_tag-ophite","43":"product_tag-pierre","44":"product_tag-pierre-semi-precieuse","45":"product_tag-pierres-naturelles","46":"product_tag-seraphinite-clinochlore","48":"first","49":"instock","50":"shipping-taxable","51":"purchasable","52":"product-type-variable"},"yoast_head":"<!-- This site is optimized with the Yoast SEO plugin v27.2 - https:\/\/yoast.com\/product\/yoast-seo-wordpress\/ -->\n<title>Bracelet Chemin de vie (personnalis\u00e9) en Graines de Rudraksha...<\/title>\n<meta name=\"description\" content=\"R\u00e9flexion, travail sur soi. Stimule la digestion et l\u2019\u00e9limination, aide en cas de troubles cutan\u00e9s et de durcissement de certains tissus.\" \/>\n<meta name=\"robots\" content=\"index, follow, max-snippet:-1, max-image-preview:large, max-video-preview:-1\" \/>\n<link rel=\"canonical\" href=\"https:\/\/lescreationsde.celineinmyworldmedium.com\/index.php\/produit\/bracelet-chemin-de-vie-personnalise-en-graines-de-rudraksha-bodhi-etc\/\" \/>\n<meta property=\"og:locale\" content=\"fr_FR\" \/>\n<meta property=\"og:type\" content=\"article\" \/>\n<meta property=\"og:title\" content=\"Bracelet Chemin de vie (personnalis\u00e9) en Graines de Rudraksha...\" \/>\n<meta property=\"og:description\" content=\"R\u00e9flexion, travail sur soi. Stimule la digestion et l\u2019\u00e9limination, aide en cas de troubles cutan\u00e9s et de durcissement de certains tissus.\" \/>\n<meta property=\"og:url\" content=\"https:\/\/lescreationsde.celineinmyworldmedium.com\/index.php\/produit\/bracelet-chemin-de-vie-personnalise-en-graines-de-rudraksha-bodhi-etc\/\" \/>\n<meta property=\"og:site_name\" content=\"Les cr\u00e9ations de C\u00e9line Inmyworld\" \/>\n<meta property=\"article:modified_time\" content=\"2024-03-10T22:51:50+00:00\" \/>\n<meta property=\"og:image\" content=\"https:\/\/lescreationsde.celineinmyworldmedium.com\/wp-content\/uploads\/2021\/04\/Bracelet_Chemin_de_vie_personnalise_en_Graines_de_Rudraksha_Bodhi_etc.jpg\" \/>\n\t<meta property=\"og:image:width\" content=\"1080\" \/>\n\t<meta property=\"og:image:height\" content=\"1017\" \/>\n\t<meta property=\"og:image:type\" content=\"image\/jpeg\" \/>\n<meta name=\"twitter:card\" content=\"summary_large_image\" \/>\n<meta name=\"twitter:label1\" content=\"Dur\u00e9e de lecture estim\u00e9e\" \/>\n\t<meta name=\"twitter:data1\" content=\"6 minutes\" \/>\n<script type=\"application\/ld+json\" class=\"yoast-schema-graph\">{\"@context\":\"https:\/\/schema.org\",\"@graph\":[{\"@type\":\"WebPage\",\"@id\":\"https:\/\/lescreationsde.celineinmyworldmedium.com\/index.php\/produit\/bracelet-chemin-de-vie-personnalise-en-graines-de-rudraksha-bodhi-etc\/\",\"url\":\"https:\/\/lescreationsde.celineinmyworldmedium.com\/index.php\/produit\/bracelet-chemin-de-vie-personnalise-en-graines-de-rudraksha-bodhi-etc\/\",\"name\":\"Bracelet Chemin de vie (personnalis\u00e9) en Graines de Rudraksha...\",\"isPartOf\":{\"@id\":\"https:\/\/lescreationsde.celineinmyworldmedium.com\/#website\"},\"primaryImageOfPage\":{\"@id\":\"https:\/\/lescreationsde.celineinmyworldmedium.com\/index.php\/produit\/bracelet-chemin-de-vie-personnalise-en-graines-de-rudraksha-bodhi-etc\/#primaryimage\"},\"image\":{\"@id\":\"https:\/\/lescreationsde.celineinmyworldmedium.com\/index.php\/produit\/bracelet-chemin-de-vie-personnalise-en-graines-de-rudraksha-bodhi-etc\/#primaryimage\"},\"thumbnailUrl\":\"https:\/\/lescreationsde.celineinmyworldmedium.com\/wp-content\/uploads\/2021\/04\/Bracelet_Chemin_de_vie_personnalise_en_Graines_de_Rudraksha_Bodhi_etc.jpg\",\"datePublished\":\"2021-04-21T17:17:02+00:00\",\"dateModified\":\"2024-03-10T22:51:50+00:00\",\"description\":\"R\u00e9flexion, travail sur soi. Stimule la digestion et l\u2019\u00e9limination, aide en cas de troubles cutan\u00e9s et de durcissement de certains tissus.\",\"breadcrumb\":{\"@id\":\"https:\/\/lescreationsde.celineinmyworldmedium.com\/index.php\/produit\/bracelet-chemin-de-vie-personnalise-en-graines-de-rudraksha-bodhi-etc\/#breadcrumb\"},\"inLanguage\":\"fr-FR\",\"potentialAction\":[{\"@type\":\"ReadAction\",\"target\":[\"https:\/\/lescreationsde.celineinmyworldmedium.com\/index.php\/produit\/bracelet-chemin-de-vie-personnalise-en-graines-de-rudraksha-bodhi-etc\/\"]}]},{\"@type\":\"ImageObject\",\"inLanguage\":\"fr-FR\",\"@id\":\"https:\/\/lescreationsde.celineinmyworldmedium.com\/index.php\/produit\/bracelet-chemin-de-vie-personnalise-en-graines-de-rudraksha-bodhi-etc\/#primaryimage\",\"url\":\"https:\/\/lescreationsde.celineinmyworldmedium.com\/wp-content\/uploads\/2021\/04\/Bracelet_Chemin_de_vie_personnalise_en_Graines_de_Rudraksha_Bodhi_etc.jpg\",\"contentUrl\":\"https:\/\/lescreationsde.celineinmyworldmedium.com\/wp-content\/uploads\/2021\/04\/Bracelet_Chemin_de_vie_personnalise_en_Graines_de_Rudraksha_Bodhi_etc.jpg\",\"width\":1080,\"height\":1017,\"caption\":\"Bracelet Chemin de vie (personnalis\u00e9) en Graines de Rudraksha (Bodhi), etc...\"},{\"@type\":\"BreadcrumbList\",\"@id\":\"https:\/\/lescreationsde.celineinmyworldmedium.com\/index.php\/produit\/bracelet-chemin-de-vie-personnalise-en-graines-de-rudraksha-bodhi-etc\/#breadcrumb\",\"itemListElement\":[{\"@type\":\"ListItem\",\"position\":1,\"name\":\"Accueil\",\"item\":\"https:\/\/lescreationsde.celineinmyworldmedium.com\/\"},{\"@type\":\"ListItem\",\"position\":2,\"name\":\"Produits\",\"item\":\"https:\/\/lescreationsde.celineinmyworldmedium.com\/index.php\/boutique\/\"},{\"@type\":\"ListItem\",\"position\":3,\"name\":\"Bracelet Chemin de vie (personnalis\u00e9) en Graines de Rudraksha (Bodhi), etc&#8230;\"}]},{\"@type\":\"WebSite\",\"@id\":\"https:\/\/lescreationsde.celineinmyworldmedium.com\/#website\",\"url\":\"https:\/\/lescreationsde.celineinmyworldmedium.com\/\",\"name\":\"Les cr\u00e9ations de C\u00e9line Inmyworld\",\"description\":\"Cr\u00e9ation de bijoux personnalis\u00e9s, sur-mesure, en pierres semi-pr\u00e9cieuses de qualit\u00e9. Bracelets, boucles d&#039;oreilles, colliers, sautoirs, malas, cha\u00eenes de cheville, bagues...\u2764\",\"publisher\":{\"@id\":\"https:\/\/lescreationsde.celineinmyworldmedium.com\/#organization\"},\"potentialAction\":[{\"@type\":\"SearchAction\",\"target\":{\"@type\":\"EntryPoint\",\"urlTemplate\":\"https:\/\/lescreationsde.celineinmyworldmedium.com\/?s={search_term_string}\"},\"query-input\":{\"@type\":\"PropertyValueSpecification\",\"valueRequired\":true,\"valueName\":\"search_term_string\"}}],\"inLanguage\":\"fr-FR\"},{\"@type\":\"Organization\",\"@id\":\"https:\/\/lescreationsde.celineinmyworldmedium.com\/#organization\",\"name\":\"Les cr\u00e9ations de C\u00e9line Inmyworld\",\"url\":\"https:\/\/lescreationsde.celineinmyworldmedium.com\/\",\"logo\":{\"@type\":\"ImageObject\",\"inLanguage\":\"fr-FR\",\"@id\":\"https:\/\/lescreationsde.celineinmyworldmedium.com\/#\/schema\/logo\/image\/\",\"url\":\"https:\/\/lescreationsde.celineinmyworldmedium.com\/wp-content\/uploads\/2021\/03\/logo_creations3.png\",\"contentUrl\":\"https:\/\/lescreationsde.celineinmyworldmedium.com\/wp-content\/uploads\/2021\/03\/logo_creations3.png\",\"width\":613,\"height\":190,\"caption\":\"Les cr\u00e9ations de C\u00e9line Inmyworld\"},\"image\":{\"@id\":\"https:\/\/lescreationsde.celineinmyworldmedium.com\/#\/schema\/logo\/image\/\"}}]}<\/script>\n<!-- \/ Yoast SEO plugin. -->","yoast_head_json":{"title":"Bracelet Chemin de vie (personnalis\u00e9) en Graines de Rudraksha...","description":"R\u00e9flexion, travail sur soi. Stimule la digestion et l\u2019\u00e9limination, aide en cas de troubles cutan\u00e9s et de durcissement de certains tissus.","robots":{"index":"index","follow":"follow","max-snippet":"max-snippet:-1","max-image-preview":"max-image-preview:large","max-video-preview":"max-video-preview:-1"},"canonical":"https:\/\/lescreationsde.celineinmyworldmedium.com\/index.php\/produit\/bracelet-chemin-de-vie-personnalise-en-graines-de-rudraksha-bodhi-etc\/","og_locale":"fr_FR","og_type":"article","og_title":"Bracelet Chemin de vie (personnalis\u00e9) en Graines de Rudraksha...","og_description":"R\u00e9flexion, travail sur soi. Stimule la digestion et l\u2019\u00e9limination, aide en cas de troubles cutan\u00e9s et de durcissement de certains tissus.","og_url":"https:\/\/lescreationsde.celineinmyworldmedium.com\/index.php\/produit\/bracelet-chemin-de-vie-personnalise-en-graines-de-rudraksha-bodhi-etc\/","og_site_name":"Les cr\u00e9ations de C\u00e9line Inmyworld","article_modified_time":"2024-03-10T22:51:50+00:00","og_image":[{"width":1080,"height":1017,"url":"https:\/\/lescreationsde.celineinmyworldmedium.com\/wp-content\/uploads\/2021\/04\/Bracelet_Chemin_de_vie_personnalise_en_Graines_de_Rudraksha_Bodhi_etc.jpg","type":"image\/jpeg"}],"twitter_card":"summary_large_image","twitter_misc":{"Dur\u00e9e de lecture estim\u00e9e":"6 minutes"},"schema":{"@context":"https:\/\/schema.org","@graph":[{"@type":"WebPage","@id":"https:\/\/lescreationsde.celineinmyworldmedium.com\/index.php\/produit\/bracelet-chemin-de-vie-personnalise-en-graines-de-rudraksha-bodhi-etc\/","url":"https:\/\/lescreationsde.celineinmyworldmedium.com\/index.php\/produit\/bracelet-chemin-de-vie-personnalise-en-graines-de-rudraksha-bodhi-etc\/","name":"Bracelet Chemin de vie (personnalis\u00e9) en Graines de Rudraksha...","isPartOf":{"@id":"https:\/\/lescreationsde.celineinmyworldmedium.com\/#website"},"primaryImageOfPage":{"@id":"https:\/\/lescreationsde.celineinmyworldmedium.com\/index.php\/produit\/bracelet-chemin-de-vie-personnalise-en-graines-de-rudraksha-bodhi-etc\/#primaryimage"},"image":{"@id":"https:\/\/lescreationsde.celineinmyworldmedium.com\/index.php\/produit\/bracelet-chemin-de-vie-personnalise-en-graines-de-rudraksha-bodhi-etc\/#primaryimage"},"thumbnailUrl":"https:\/\/lescreationsde.celineinmyworldmedium.com\/wp-content\/uploads\/2021\/04\/Bracelet_Chemin_de_vie_personnalise_en_Graines_de_Rudraksha_Bodhi_etc.jpg","datePublished":"2021-04-21T17:17:02+00:00","dateModified":"2024-03-10T22:51:50+00:00","description":"R\u00e9flexion, travail sur soi. Stimule la digestion et l\u2019\u00e9limination, aide en cas de troubles cutan\u00e9s et de durcissement de certains tissus.","breadcrumb":{"@id":"https:\/\/lescreationsde.celineinmyworldmedium.com\/index.php\/produit\/bracelet-chemin-de-vie-personnalise-en-graines-de-rudraksha-bodhi-etc\/#breadcrumb"},"inLanguage":"fr-FR","potentialAction":[{"@type":"ReadAction","target":["https:\/\/lescreationsde.celineinmyworldmedium.com\/index.php\/produit\/bracelet-chemin-de-vie-personnalise-en-graines-de-rudraksha-bodhi-etc\/"]}]},{"@type":"ImageObject","inLanguage":"fr-FR","@id":"https:\/\/lescreationsde.celineinmyworldmedium.com\/index.php\/produit\/bracelet-chemin-de-vie-personnalise-en-graines-de-rudraksha-bodhi-etc\/#primaryimage","url":"https:\/\/lescreationsde.celineinmyworldmedium.com\/wp-content\/uploads\/2021\/04\/Bracelet_Chemin_de_vie_personnalise_en_Graines_de_Rudraksha_Bodhi_etc.jpg","contentUrl":"https:\/\/lescreationsde.celineinmyworldmedium.com\/wp-content\/uploads\/2021\/04\/Bracelet_Chemin_de_vie_personnalise_en_Graines_de_Rudraksha_Bodhi_etc.jpg","width":1080,"height":1017,"caption":"Bracelet Chemin de vie (personnalis\u00e9) en Graines de Rudraksha (Bodhi), etc..."},{"@type":"BreadcrumbList","@id":"https:\/\/lescreationsde.celineinmyworldmedium.com\/index.php\/produit\/bracelet-chemin-de-vie-personnalise-en-graines-de-rudraksha-bodhi-etc\/#breadcrumb","itemListElement":[{"@type":"ListItem","position":1,"name":"Accueil","item":"https:\/\/lescreationsde.celineinmyworldmedium.com\/"},{"@type":"ListItem","position":2,"name":"Produits","item":"https:\/\/lescreationsde.celineinmyworldmedium.com\/index.php\/boutique\/"},{"@type":"ListItem","position":3,"name":"Bracelet Chemin de vie (personnalis\u00e9) en Graines de Rudraksha (Bodhi), etc&#8230;"}]},{"@type":"WebSite","@id":"https:\/\/lescreationsde.celineinmyworldmedium.com\/#website","url":"https:\/\/lescreationsde.celineinmyworldmedium.com\/","name":"Les cr\u00e9ations de C\u00e9line Inmyworld","description":"Cr\u00e9ation de bijoux personnalis\u00e9s, sur-mesure, en pierres semi-pr\u00e9cieuses de qualit\u00e9. Bracelets, boucles d&#039;oreilles, colliers, sautoirs, malas, cha\u00eenes de cheville, bagues...\u2764","publisher":{"@id":"https:\/\/lescreationsde.celineinmyworldmedium.com\/#organization"},"potentialAction":[{"@type":"SearchAction","target":{"@type":"EntryPoint","urlTemplate":"https:\/\/lescreationsde.celineinmyworldmedium.com\/?s={search_term_string}"},"query-input":{"@type":"PropertyValueSpecification","valueRequired":true,"valueName":"search_term_string"}}],"inLanguage":"fr-FR"},{"@type":"Organization","@id":"https:\/\/lescreationsde.celineinmyworldmedium.com\/#organization","name":"Les cr\u00e9ations de C\u00e9line Inmyworld","url":"https:\/\/lescreationsde.celineinmyworldmedium.com\/","logo":{"@type":"ImageObject","inLanguage":"fr-FR","@id":"https:\/\/lescreationsde.celineinmyworldmedium.com\/#\/schema\/logo\/image\/","url":"https:\/\/lescreationsde.celineinmyworldmedium.com\/wp-content\/uploads\/2021\/03\/logo_creations3.png","contentUrl":"https:\/\/lescreationsde.celineinmyworldmedium.com\/wp-content\/uploads\/2021\/03\/logo_creations3.png","width":613,"height":190,"caption":"Les cr\u00e9ations de C\u00e9line Inmyworld"},"image":{"@id":"https:\/\/lescreationsde.celineinmyworldmedium.com\/#\/schema\/logo\/image\/"}}]}},"jetpack_sharing_enabled":true,"_links":{"self":[{"href":"https:\/\/lescreationsde.celineinmyworldmedium.com\/index.php\/wp-json\/wp\/v2\/product\/1831","targetHints":{"allow":["GET"]}}],"collection":[{"href":"https:\/\/lescreationsde.celineinmyworldmedium.com\/index.php\/wp-json\/wp\/v2\/product"}],"about":[{"href":"https:\/\/lescreationsde.celineinmyworldmedium.com\/index.php\/wp-json\/wp\/v2\/types\/product"}],"replies":[{"embeddable":true,"href":"https:\/\/lescreationsde.celineinmyworldmedium.com\/index.php\/wp-json\/wp\/v2\/comments?post=1831"}],"wp:featuredmedia":[{"embeddable":true,"href":"https:\/\/lescreationsde.celineinmyworldmedium.com\/index.php\/wp-json\/wp\/v2\/media\/1833"}],"wp:attachment":[{"href":"https:\/\/lescreationsde.celineinmyworldmedium.com\/index.php\/wp-json\/wp\/v2\/media?parent=1831"}],"wp:term":[{"taxonomy":"product_brand","embeddable":true,"href":"https:\/\/lescreationsde.celineinmyworldmedium.com\/index.php\/wp-json\/wp\/v2\/product_brand?post=1831"},{"taxonomy":"product_cat","embeddable":true,"href":"https:\/\/lescreationsde.celineinmyworldmedium.com\/index.php\/wp-json\/wp\/v2\/product_cat?post=1831"},{"taxonomy":"product_tag","embeddable":true,"href":"https:\/\/lescreationsde.celineinmyworldmedium.com\/index.php\/wp-json\/wp\/v2\/product_tag?post=1831"}],"curies":[{"name":"wp","href":"https:\/\/api.w.org\/{rel}","templated":true}]}}