{"id":1757,"date":"2021-04-05T17:34:07","date_gmt":"2021-04-05T15:34:07","guid":{"rendered":"https:\/\/lescreationsde.celineinmyworldmedium.com\/?post_type=product&#038;p=1757"},"modified":"2024-03-11T19:26:04","modified_gmt":"2024-03-11T18:26:04","slug":"collier-yin-yang-en-quartz-tourmaline-et-nacre","status":"publish","type":"product","link":"https:\/\/lescreationsde.celineinmyworldmedium.com\/index.php\/produit\/collier-yin-yang-en-quartz-tourmaline-et-nacre\/","title":{"rendered":"Collier Yin &#038; Yang en Quartz-Tourmaline et nacre"},"content":{"rendered":"<h4>Les vertus du quartz-tourmaline :<\/h4>\n<p>Domaine <strong>spirituel<\/strong>, celui de l\u2019\u00eatre humain avec ses intentions, ses buts ou ses pr\u00e9occupations existentielles :<\/p>\n<p><strong>Relie les polarit\u00e9s.<\/strong><\/p>\n<p>Domaine de <strong>l\u2019\u00e2me<\/strong> ou du subconscient, ainsi que les notions de temp\u00e9rament, de sentiments, de sensations, de r\u00eaves, de v\u00e9cu sur le plan animique, d\u2019habitudes et de r\u00e9actions inconscientes :<\/p>\n<p><strong>Aide \u00e0 r\u00e9soudre les conflits et les combats int\u00e9rieurs.<\/strong><\/p>\n<p>Domaine <strong>mental<\/strong> avec les id\u00e9es, la raison, les convictions, les consid\u00e9rations, ainsi que le mode de pens\u00e9e et d\u2019action consciente :<\/p>\n<p><strong>Permet de mettre les contraintes en harmonie.<\/strong><\/p>\n<p>Domaine <strong>physique<\/strong> ou corporel, l\u2019ensemble de l\u2019organisme avec les sens, les organes et les fonctions :<\/p>\n<p><strong>Dissipe les tensions, les crispations, les nodules, maintient la vitalit\u00e9 et la mobilit\u00e9, favorise la purification et l&rsquo;\u00e9limination, fortifie les nerfs.<\/strong><\/p>\n<p><em><strong>Pendentif yin &amp; yang en nacre. Diam\u00e8tre 4cm.<\/strong><\/em><\/p>\n<p><em><strong>Le Yin &amp; le Yang : <\/strong><br \/>\nSi le tao\u00efsme chinois, le Yin et le Yang repr\u00e9sentent les deux aspects oppos\u00e9s et compl\u00e9mentaires de tout ce qui existe, alors le yin correspondant \u00e0 la terre, \u00e0 la lune, \u00e0 l\u2019ombre, au froid, \u00e0 l\u2019eau, \u00e0 l\u2019humidit\u00e9, \u00e0 la passivit\u00e9, \u00e0 la f\u00e9minit\u00e9. Ensuite le yang correspondant au soleil, \u00e0 la lumi\u00e8re, \u00e0 la chaleur, \u00e0 la s\u00e9cheresse, \u00e0 l\u2019activit\u00e9, \u00e0 la masculinit\u00e9. L\u2019alternance, l\u2019interaction permanentes produisent la vie, forment le grand principe de l\u2019Ordre universel ou Tao.<\/em><\/p>\n","protected":false},"excerpt":{"rendered":"<table>\n<tbody>\n<tr>\n<td style=\"texte-align: left; color: gray; border: none;\"><strong>Hors frais d\u2019exp\u00e9dition<\/strong><\/td>\n<\/tr>\n<tr>\n<td style=\"texte-align: left; color: gray; border: none;\"><strong>Bijoux confectionn\u00e9s sur-mesure, sur commande<br \/>Les couleurs et motifs des pierres varient d&rsquo;un bijou \u00e0 un autre<br \/>D\u00e9lai de confection environ 30 jours<\/strong><\/td>\n<\/tr>\n<tr>\n<td style=\"texte-align: left; color: green; border: none;\"><a href=\"https:\/\/lescreationsde.celineinmyworldmedium.com\/index.php\/categorie-produit\/pendentifs-grands\/\" target=\"_blank\" rel=\"noopener\"><strong>Voir les diff\u00e9rents pendentif (grands)<\/strong><\/a><\/td>\n<\/tr>\n<tr>\n<td style=\"texte-align: left; color: green; border: none;\"><a href=\"https:\/\/lescreationsde.celineinmyworldmedium.com\/index.php\/categorie-produit\/catalogue\/accessoires\/fermoirs\/\" target=\"_blank\" rel=\"noopener\"><strong>Voir les diff\u00e9rents fermoirs<\/strong><\/a><\/td>\n<\/tr>\n<tr>\n<td style=\"texte-align: left; color: green; border: none;\"><a href=\"https:\/\/lescreationsde.celineinmyworldmedium.com\/index.php\/categorie-produit\/catalogue\/accessoires\/mousquetons\/\" target=\"_blank\" rel=\"noopener\"><strong>Voir les diff\u00e9rents mousquetons<\/strong><\/a><\/td>\n<\/tr>\n<\/tbody>\n<\/table>\n","protected":false},"featured_media":1759,"comment_status":"open","ping_status":"closed","template":"","meta":[],"product_brand":[],"product_cat":[29,468,540],"product_tag":[23,25,26,16,24,462,672,63,22,62,21,64,18,19],"class_list":{"0":"post-1757","1":"product","2":"type-product","3":"status-publish","4":"has-post-thumbnail","6":"product_cat-colliers","7":"product_cat-quartz-pierres","8":"product_cat-tourmaline-pierres","9":"product_tag-boucles-doreilles","10":"product_tag-bracelet","11":"product_tag-bracelets","12":"product_tag-collier","13":"product_tag-collier-femme","14":"product_tag-collier-yin-yang-en-quartz-tourmaline","15":"product_tag-nacre","16":"product_tag-naturelles","17":"product_tag-pierre-semi-precieuse","18":"product_tag-pierres","19":"product_tag-princesse","20":"product_tag-quartz-tourmaline","21":"product_tag-sautoir","22":"product_tag-sautoirs","24":"first","25":"instock","26":"shipping-taxable","27":"purchasable","28":"product-type-variable"},"yoast_head":"<!-- This site is optimized with the Yoast SEO plugin v27.2 - https:\/\/yoast.com\/product\/yoast-seo-wordpress\/ -->\n<title>La Boutique de C\u00e9line - Collier Yin &amp; Yang en Quartz-Tourmaline et nacre<\/title>\n<meta name=\"description\" content=\"Dissipe les tensions, les crispations, les nodules, maintient la vitalit\u00e9 et la mobilit\u00e9, favorise la purification et l&#039;\u00e9limination...\" \/>\n<meta name=\"robots\" content=\"index, follow, max-snippet:-1, max-image-preview:large, max-video-preview:-1\" \/>\n<link rel=\"canonical\" href=\"https:\/\/lescreationsde.celineinmyworldmedium.com\/index.php\/produit\/collier-yin-yang-en-quartz-tourmaline-et-nacre\/\" \/>\n<meta property=\"og:locale\" content=\"fr_FR\" \/>\n<meta property=\"og:type\" content=\"article\" \/>\n<meta property=\"og:title\" content=\"La Boutique de C\u00e9line - Collier Yin &amp; Yang en Quartz-Tourmaline et nacre\" \/>\n<meta property=\"og:description\" content=\"Dissipe les tensions, les crispations, les nodules, maintient la vitalit\u00e9 et la mobilit\u00e9, favorise la purification et l&#039;\u00e9limination...\" \/>\n<meta property=\"og:url\" content=\"https:\/\/lescreationsde.celineinmyworldmedium.com\/index.php\/produit\/collier-yin-yang-en-quartz-tourmaline-et-nacre\/\" \/>\n<meta property=\"og:site_name\" content=\"Les cr\u00e9ations de C\u00e9line Inmyworld\" \/>\n<meta property=\"article:modified_time\" content=\"2024-03-11T18:26:04+00:00\" \/>\n<meta property=\"og:image\" content=\"https:\/\/lescreationsde.celineinmyworldmedium.com\/wp-content\/uploads\/2021\/04\/Collier_yin_et_yang_en_Quartz-Tourmaline_et_nacre.jpg\" \/>\n\t<meta property=\"og:image:width\" content=\"1080\" \/>\n\t<meta property=\"og:image:height\" content=\"1809\" \/>\n\t<meta property=\"og:image:type\" content=\"image\/jpeg\" \/>\n<meta name=\"twitter:card\" content=\"summary_large_image\" \/>\n<meta name=\"twitter:label1\" content=\"Dur\u00e9e de lecture estim\u00e9e\" \/>\n\t<meta name=\"twitter:data1\" content=\"1 minute\" \/>\n<script type=\"application\/ld+json\" class=\"yoast-schema-graph\">{\"@context\":\"https:\/\/schema.org\",\"@graph\":[{\"@type\":\"WebPage\",\"@id\":\"https:\/\/lescreationsde.celineinmyworldmedium.com\/index.php\/produit\/collier-yin-yang-en-quartz-tourmaline-et-nacre\/\",\"url\":\"https:\/\/lescreationsde.celineinmyworldmedium.com\/index.php\/produit\/collier-yin-yang-en-quartz-tourmaline-et-nacre\/\",\"name\":\"La Boutique de C\u00e9line - Collier Yin & Yang en Quartz-Tourmaline et nacre\",\"isPartOf\":{\"@id\":\"https:\/\/lescreationsde.celineinmyworldmedium.com\/#website\"},\"primaryImageOfPage\":{\"@id\":\"https:\/\/lescreationsde.celineinmyworldmedium.com\/index.php\/produit\/collier-yin-yang-en-quartz-tourmaline-et-nacre\/#primaryimage\"},\"image\":{\"@id\":\"https:\/\/lescreationsde.celineinmyworldmedium.com\/index.php\/produit\/collier-yin-yang-en-quartz-tourmaline-et-nacre\/#primaryimage\"},\"thumbnailUrl\":\"https:\/\/lescreationsde.celineinmyworldmedium.com\/wp-content\/uploads\/2021\/04\/Collier_yin_et_yang_en_Quartz-Tourmaline_et_nacre.jpg\",\"datePublished\":\"2021-04-05T15:34:07+00:00\",\"dateModified\":\"2024-03-11T18:26:04+00:00\",\"description\":\"Dissipe les tensions, les crispations, les nodules, maintient la vitalit\u00e9 et la mobilit\u00e9, favorise la purification et l'\u00e9limination...\",\"breadcrumb\":{\"@id\":\"https:\/\/lescreationsde.celineinmyworldmedium.com\/index.php\/produit\/collier-yin-yang-en-quartz-tourmaline-et-nacre\/#breadcrumb\"},\"inLanguage\":\"fr-FR\",\"potentialAction\":[{\"@type\":\"ReadAction\",\"target\":[\"https:\/\/lescreationsde.celineinmyworldmedium.com\/index.php\/produit\/collier-yin-yang-en-quartz-tourmaline-et-nacre\/\"]}]},{\"@type\":\"ImageObject\",\"inLanguage\":\"fr-FR\",\"@id\":\"https:\/\/lescreationsde.celineinmyworldmedium.com\/index.php\/produit\/collier-yin-yang-en-quartz-tourmaline-et-nacre\/#primaryimage\",\"url\":\"https:\/\/lescreationsde.celineinmyworldmedium.com\/wp-content\/uploads\/2021\/04\/Collier_yin_et_yang_en_Quartz-Tourmaline_et_nacre.jpg\",\"contentUrl\":\"https:\/\/lescreationsde.celineinmyworldmedium.com\/wp-content\/uploads\/2021\/04\/Collier_yin_et_yang_en_Quartz-Tourmaline_et_nacre.jpg\",\"width\":1080,\"height\":1809,\"caption\":\"Collier Yin & Yang en Quartz-Tourmaline et nacre\"},{\"@type\":\"BreadcrumbList\",\"@id\":\"https:\/\/lescreationsde.celineinmyworldmedium.com\/index.php\/produit\/collier-yin-yang-en-quartz-tourmaline-et-nacre\/#breadcrumb\",\"itemListElement\":[{\"@type\":\"ListItem\",\"position\":1,\"name\":\"Accueil\",\"item\":\"https:\/\/lescreationsde.celineinmyworldmedium.com\/\"},{\"@type\":\"ListItem\",\"position\":2,\"name\":\"Produits\",\"item\":\"https:\/\/lescreationsde.celineinmyworldmedium.com\/index.php\/boutique\/\"},{\"@type\":\"ListItem\",\"position\":3,\"name\":\"Collier Yin &#038; Yang en Quartz-Tourmaline et nacre\"}]},{\"@type\":\"WebSite\",\"@id\":\"https:\/\/lescreationsde.celineinmyworldmedium.com\/#website\",\"url\":\"https:\/\/lescreationsde.celineinmyworldmedium.com\/\",\"name\":\"Les cr\u00e9ations de C\u00e9line Inmyworld\",\"description\":\"Cr\u00e9ation de bijoux personnalis\u00e9s, sur-mesure, en pierres semi-pr\u00e9cieuses de qualit\u00e9. Bracelets, boucles d&#039;oreilles, colliers, sautoirs, malas, cha\u00eenes de cheville, bagues...\u2764\",\"publisher\":{\"@id\":\"https:\/\/lescreationsde.celineinmyworldmedium.com\/#organization\"},\"potentialAction\":[{\"@type\":\"SearchAction\",\"target\":{\"@type\":\"EntryPoint\",\"urlTemplate\":\"https:\/\/lescreationsde.celineinmyworldmedium.com\/?s={search_term_string}\"},\"query-input\":{\"@type\":\"PropertyValueSpecification\",\"valueRequired\":true,\"valueName\":\"search_term_string\"}}],\"inLanguage\":\"fr-FR\"},{\"@type\":\"Organization\",\"@id\":\"https:\/\/lescreationsde.celineinmyworldmedium.com\/#organization\",\"name\":\"Les cr\u00e9ations de C\u00e9line Inmyworld\",\"url\":\"https:\/\/lescreationsde.celineinmyworldmedium.com\/\",\"logo\":{\"@type\":\"ImageObject\",\"inLanguage\":\"fr-FR\",\"@id\":\"https:\/\/lescreationsde.celineinmyworldmedium.com\/#\/schema\/logo\/image\/\",\"url\":\"https:\/\/lescreationsde.celineinmyworldmedium.com\/wp-content\/uploads\/2021\/03\/logo_creations3.png\",\"contentUrl\":\"https:\/\/lescreationsde.celineinmyworldmedium.com\/wp-content\/uploads\/2021\/03\/logo_creations3.png\",\"width\":613,\"height\":190,\"caption\":\"Les cr\u00e9ations de C\u00e9line Inmyworld\"},\"image\":{\"@id\":\"https:\/\/lescreationsde.celineinmyworldmedium.com\/#\/schema\/logo\/image\/\"}}]}<\/script>\n<!-- \/ Yoast SEO plugin. -->","yoast_head_json":{"title":"La Boutique de C\u00e9line - Collier Yin & Yang en Quartz-Tourmaline et nacre","description":"Dissipe les tensions, les crispations, les nodules, maintient la vitalit\u00e9 et la mobilit\u00e9, favorise la purification et l'\u00e9limination...","robots":{"index":"index","follow":"follow","max-snippet":"max-snippet:-1","max-image-preview":"max-image-preview:large","max-video-preview":"max-video-preview:-1"},"canonical":"https:\/\/lescreationsde.celineinmyworldmedium.com\/index.php\/produit\/collier-yin-yang-en-quartz-tourmaline-et-nacre\/","og_locale":"fr_FR","og_type":"article","og_title":"La Boutique de C\u00e9line - Collier Yin & Yang en Quartz-Tourmaline et nacre","og_description":"Dissipe les tensions, les crispations, les nodules, maintient la vitalit\u00e9 et la mobilit\u00e9, favorise la purification et l'\u00e9limination...","og_url":"https:\/\/lescreationsde.celineinmyworldmedium.com\/index.php\/produit\/collier-yin-yang-en-quartz-tourmaline-et-nacre\/","og_site_name":"Les cr\u00e9ations de C\u00e9line Inmyworld","article_modified_time":"2024-03-11T18:26:04+00:00","og_image":[{"width":1080,"height":1809,"url":"https:\/\/lescreationsde.celineinmyworldmedium.com\/wp-content\/uploads\/2021\/04\/Collier_yin_et_yang_en_Quartz-Tourmaline_et_nacre.jpg","type":"image\/jpeg"}],"twitter_card":"summary_large_image","twitter_misc":{"Dur\u00e9e de lecture estim\u00e9e":"1 minute"},"schema":{"@context":"https:\/\/schema.org","@graph":[{"@type":"WebPage","@id":"https:\/\/lescreationsde.celineinmyworldmedium.com\/index.php\/produit\/collier-yin-yang-en-quartz-tourmaline-et-nacre\/","url":"https:\/\/lescreationsde.celineinmyworldmedium.com\/index.php\/produit\/collier-yin-yang-en-quartz-tourmaline-et-nacre\/","name":"La Boutique de C\u00e9line - Collier Yin & Yang en Quartz-Tourmaline et nacre","isPartOf":{"@id":"https:\/\/lescreationsde.celineinmyworldmedium.com\/#website"},"primaryImageOfPage":{"@id":"https:\/\/lescreationsde.celineinmyworldmedium.com\/index.php\/produit\/collier-yin-yang-en-quartz-tourmaline-et-nacre\/#primaryimage"},"image":{"@id":"https:\/\/lescreationsde.celineinmyworldmedium.com\/index.php\/produit\/collier-yin-yang-en-quartz-tourmaline-et-nacre\/#primaryimage"},"thumbnailUrl":"https:\/\/lescreationsde.celineinmyworldmedium.com\/wp-content\/uploads\/2021\/04\/Collier_yin_et_yang_en_Quartz-Tourmaline_et_nacre.jpg","datePublished":"2021-04-05T15:34:07+00:00","dateModified":"2024-03-11T18:26:04+00:00","description":"Dissipe les tensions, les crispations, les nodules, maintient la vitalit\u00e9 et la mobilit\u00e9, favorise la purification et l'\u00e9limination...","breadcrumb":{"@id":"https:\/\/lescreationsde.celineinmyworldmedium.com\/index.php\/produit\/collier-yin-yang-en-quartz-tourmaline-et-nacre\/#breadcrumb"},"inLanguage":"fr-FR","potentialAction":[{"@type":"ReadAction","target":["https:\/\/lescreationsde.celineinmyworldmedium.com\/index.php\/produit\/collier-yin-yang-en-quartz-tourmaline-et-nacre\/"]}]},{"@type":"ImageObject","inLanguage":"fr-FR","@id":"https:\/\/lescreationsde.celineinmyworldmedium.com\/index.php\/produit\/collier-yin-yang-en-quartz-tourmaline-et-nacre\/#primaryimage","url":"https:\/\/lescreationsde.celineinmyworldmedium.com\/wp-content\/uploads\/2021\/04\/Collier_yin_et_yang_en_Quartz-Tourmaline_et_nacre.jpg","contentUrl":"https:\/\/lescreationsde.celineinmyworldmedium.com\/wp-content\/uploads\/2021\/04\/Collier_yin_et_yang_en_Quartz-Tourmaline_et_nacre.jpg","width":1080,"height":1809,"caption":"Collier Yin & Yang en Quartz-Tourmaline et nacre"},{"@type":"BreadcrumbList","@id":"https:\/\/lescreationsde.celineinmyworldmedium.com\/index.php\/produit\/collier-yin-yang-en-quartz-tourmaline-et-nacre\/#breadcrumb","itemListElement":[{"@type":"ListItem","position":1,"name":"Accueil","item":"https:\/\/lescreationsde.celineinmyworldmedium.com\/"},{"@type":"ListItem","position":2,"name":"Produits","item":"https:\/\/lescreationsde.celineinmyworldmedium.com\/index.php\/boutique\/"},{"@type":"ListItem","position":3,"name":"Collier Yin &#038; Yang en Quartz-Tourmaline et nacre"}]},{"@type":"WebSite","@id":"https:\/\/lescreationsde.celineinmyworldmedium.com\/#website","url":"https:\/\/lescreationsde.celineinmyworldmedium.com\/","name":"Les cr\u00e9ations de C\u00e9line Inmyworld","description":"Cr\u00e9ation de bijoux personnalis\u00e9s, sur-mesure, en pierres semi-pr\u00e9cieuses de qualit\u00e9. Bracelets, boucles d&#039;oreilles, colliers, sautoirs, malas, cha\u00eenes de cheville, bagues...\u2764","publisher":{"@id":"https:\/\/lescreationsde.celineinmyworldmedium.com\/#organization"},"potentialAction":[{"@type":"SearchAction","target":{"@type":"EntryPoint","urlTemplate":"https:\/\/lescreationsde.celineinmyworldmedium.com\/?s={search_term_string}"},"query-input":{"@type":"PropertyValueSpecification","valueRequired":true,"valueName":"search_term_string"}}],"inLanguage":"fr-FR"},{"@type":"Organization","@id":"https:\/\/lescreationsde.celineinmyworldmedium.com\/#organization","name":"Les cr\u00e9ations de C\u00e9line Inmyworld","url":"https:\/\/lescreationsde.celineinmyworldmedium.com\/","logo":{"@type":"ImageObject","inLanguage":"fr-FR","@id":"https:\/\/lescreationsde.celineinmyworldmedium.com\/#\/schema\/logo\/image\/","url":"https:\/\/lescreationsde.celineinmyworldmedium.com\/wp-content\/uploads\/2021\/03\/logo_creations3.png","contentUrl":"https:\/\/lescreationsde.celineinmyworldmedium.com\/wp-content\/uploads\/2021\/03\/logo_creations3.png","width":613,"height":190,"caption":"Les cr\u00e9ations de C\u00e9line Inmyworld"},"image":{"@id":"https:\/\/lescreationsde.celineinmyworldmedium.com\/#\/schema\/logo\/image\/"}}]}},"jetpack_sharing_enabled":true,"_links":{"self":[{"href":"https:\/\/lescreationsde.celineinmyworldmedium.com\/index.php\/wp-json\/wp\/v2\/product\/1757","targetHints":{"allow":["GET"]}}],"collection":[{"href":"https:\/\/lescreationsde.celineinmyworldmedium.com\/index.php\/wp-json\/wp\/v2\/product"}],"about":[{"href":"https:\/\/lescreationsde.celineinmyworldmedium.com\/index.php\/wp-json\/wp\/v2\/types\/product"}],"replies":[{"embeddable":true,"href":"https:\/\/lescreationsde.celineinmyworldmedium.com\/index.php\/wp-json\/wp\/v2\/comments?post=1757"}],"wp:featuredmedia":[{"embeddable":true,"href":"https:\/\/lescreationsde.celineinmyworldmedium.com\/index.php\/wp-json\/wp\/v2\/media\/1759"}],"wp:attachment":[{"href":"https:\/\/lescreationsde.celineinmyworldmedium.com\/index.php\/wp-json\/wp\/v2\/media?parent=1757"}],"wp:term":[{"taxonomy":"product_brand","embeddable":true,"href":"https:\/\/lescreationsde.celineinmyworldmedium.com\/index.php\/wp-json\/wp\/v2\/product_brand?post=1757"},{"taxonomy":"product_cat","embeddable":true,"href":"https:\/\/lescreationsde.celineinmyworldmedium.com\/index.php\/wp-json\/wp\/v2\/product_cat?post=1757"},{"taxonomy":"product_tag","embeddable":true,"href":"https:\/\/lescreationsde.celineinmyworldmedium.com\/index.php\/wp-json\/wp\/v2\/product_tag?post=1757"}],"curies":[{"name":"wp","href":"https:\/\/api.w.org\/{rel}","templated":true}]}}