{"id":1733,"date":"2021-04-05T10:15:24","date_gmt":"2021-04-05T08:15:24","guid":{"rendered":"https:\/\/lescreationsde.celineinmyworldmedium.com\/?post_type=product&#038;p=1733"},"modified":"2024-03-11T19:26:03","modified_gmt":"2024-03-11T18:26:03","slug":"collier-seul-yin-yang-en-pierre-de-nuit-et-pierre-de-lune-pour-ameliorer-ses-capacites-avec-fermoir-magnetique","status":"publish","type":"product","link":"https:\/\/lescreationsde.celineinmyworldmedium.com\/index.php\/produit\/collier-seul-yin-yang-en-pierre-de-nuit-et-pierre-de-lune-pour-ameliorer-ses-capacites-avec-fermoir-magnetique\/","title":{"rendered":"Collier seul Yin &#038; Yang en Pierre de nuit et Pierre de Lune pour am\u00e9liorer ses capacit\u00e9s avec fermoir magn\u00e9tique"},"content":{"rendered":"<h4>1 \u2013 Les vertus de la Pierre de Lune :<\/h4>\n<p>Domaine <strong>spirituel<\/strong>, celui de l\u2019\u00eatre humain avec ses intentions, ses buts ou ses pr\u00e9occupations existentielles :<\/p>\n<p><strong>D\u00e9licatesse.<\/strong><\/p>\n<p>Domaine de <strong>l\u2019\u00e2me<\/strong> ou du subconscient, ainsi que les notions de temp\u00e9rament, de sentiments, de sensations, de r\u00eaves, de v\u00e9cu sur le plan animique, d\u2019habitudes et de r\u00e9actions inconscientes :<\/p>\n<p><strong>Am\u00e9liore la capacit\u00e9 sensitive, le sommeil et le souvenir des r\u00eaves.<\/strong><\/p>\n<p>Domaine <strong>mental<\/strong> avec les id\u00e9es, la raison, les convictions, les consid\u00e9rations, ainsi que le mode de pens\u00e9e et d\u2019action consciente :<\/p>\n<p><strong>Favorise l\u2019\u00e9veil et le don de l\u2019observation.<\/strong><\/p>\n<p>Domaine <strong>physique<\/strong> ou corporel, l\u2019ensemble de l\u2019organisme avec les sens, les organes et les fonctions :<\/p>\n<p><strong>R\u00e9tablit la sensation corporelle, r\u00e9gule le cycle hormonal f\u00e9minin et aide en cas de troubles menstruels.<\/strong><\/p>\n<h4>2 \u2013 Les vertus de la pierre de nuit \u2013 goldstone bleue (quartz \/ silice avec poudre de cobalt) :<\/h4>\n<p>Domaine <strong>spirituel<\/strong>, celui de l\u2019\u00eatre humain avec ses intentions, ses buts ou ses pr\u00e9occupations existentielles :<\/p>\n<p><strong>Am\u00e9liore les capacit\u00e9s psychiques, de protection et de communication psychique.<\/strong><\/p>\n<p>Domaine de <strong>l\u2019\u00e2me<\/strong> ou du subconscient, ainsi que les notions de temp\u00e9rament, de sentiments, de sensations, de r\u00eaves, de v\u00e9cu sur le plan animique, d\u2019habitudes et de r\u00e9actions inconscientes :<\/p>\n<p><strong>Pouvoir calmant, procure confiance en soi, courage, \u00e9nergie, une attitude positive et l\u2019\u00e9l\u00e9vation.<\/strong><\/p>\n<p>Domaine <strong>mental<\/strong> avec les id\u00e9es, la raison, les convictions, les consid\u00e9rations, ainsi que le mode de pens\u00e9e et d\u2019action consciente :<\/p>\n<p><strong>Aide pour les avancements, procure de l\u2019ambition, am\u00e9liore le foyer.<\/strong><\/p>\n<p>Domaine <strong>physique<\/strong> ou corporel, l\u2019ensemble de l\u2019organisme avec les sens, les organes et les fonctions :<\/p>\n<p><strong>Soulage les maux de t\u00eate, les migraines, soulage les affections oculaires comme le glaucome, et les allergies d\u00e9riv\u00e9es de squames ou de poussi\u00e8res animales.<\/strong><\/p>\n<p><em><strong>Le Yin &amp; le Yang : <\/strong><br \/>\nSi le tao\u00efsme chinois, le Yin et le Yang repr\u00e9sentent les deux aspects oppos\u00e9s et compl\u00e9mentaires de tout ce qui existe, alors le yin correspondant \u00e0 la terre, \u00e0 la lune, \u00e0 l\u2019ombre, au froid, \u00e0 l\u2019eau, \u00e0 l\u2019humidit\u00e9, \u00e0 la passivit\u00e9, \u00e0 la f\u00e9minit\u00e9. Ensuite le yang correspondant au soleil, \u00e0 la lumi\u00e8re, \u00e0 la chaleur, \u00e0 la s\u00e9cheresse, \u00e0 l\u2019activit\u00e9, \u00e0 la masculinit\u00e9. L\u2019alternance, l\u2019interaction permanentes produisent la vie, forment le grand principe de l\u2019Ordre universel ou Tao.<\/em><\/p>\n","protected":false},"excerpt":{"rendered":"<table>\n<tbody>\n<tr>\n<td style=\"texte-align: left; color: gray; border: none;\"><strong>Hors frais d\u2019exp\u00e9dition<\/strong><\/td>\n<\/tr>\n<tr>\n<td style=\"texte-align: left; color: gray; border: none;\"><strong>Bijoux confectionn\u00e9s sur-mesure, sur commande<br \/>Les couleurs et motifs des pierres varient d&rsquo;un bijou \u00e0 un autre<br \/>D\u00e9lai de confection environ 30 jours<\/strong><\/td>\n<\/tr>\n<tr>\n<td style=\"texte-align: left; color: green; border: none;\"><a href=\"https:\/\/lescreationsde.celineinmyworldmedium.com\/index.php\/categorie-produit\/pendentifs-grands\/\" target=\"_blank\" rel=\"noopener\"><strong>Voir les diff\u00e9rents pendentif (grands)<\/strong><\/a><\/td>\n<\/tr>\n<tr>\n<td style=\"texte-align: left; color: green; border: none;\"><a href=\"https:\/\/lescreationsde.celineinmyworldmedium.com\/index.php\/categorie-produit\/catalogue\/accessoires\/fermoirs\/\" target=\"_blank\" rel=\"noopener\"><strong>Voir les diff\u00e9rents fermoirs<\/strong><\/a><\/td>\n<\/tr>\n<tr>\n<td style=\"texte-align: left; color: green; border: none;\"><a href=\"https:\/\/lescreationsde.celineinmyworldmedium.com\/index.php\/categorie-produit\/catalogue\/accessoires\/mousquetons\/\" target=\"_blank\" rel=\"noopener\"><strong>Voir les diff\u00e9rents mousquetons<\/strong><\/a><\/td>\n<\/tr>\n<\/tbody>\n<\/table>\n","protected":false},"featured_media":1735,"comment_status":"open","ping_status":"closed","template":"","meta":[],"product_brand":[],"product_cat":[29,454,655],"product_tag":[152,106,42,44,38,47,538,43,41,40,39,23,25,36,34,26,37,35,126,16,24,45,661,17,33,539,32,27,456,657,22,28,149,18],"class_list":{"0":"post-1733","1":"product","2":"type-product","3":"status-publish","4":"has-post-thumbnail","6":"product_cat-colliers","7":"product_cat-pierre-de-lune-pierres","8":"product_cat-pierre-de-nuit-pierres","9":"product_tag-amour","10":"product_tag-argent","11":"product_tag-bijou","12":"product_tag-bijou-energetique","13":"product_tag-bijoux","14":"product_tag-bijoux-anti-allergies","15":"product_tag-bijoux-antiallergies","16":"product_tag-bijoux-energetiques","17":"product_tag-bijoux-fait-main","18":"product_tag-bijoux-personnalises","19":"product_tag-bijoux-sur-mesure","20":"product_tag-boucles-doreilles","21":"product_tag-bracelet","22":"product_tag-bracelet-femme","23":"product_tag-bracelet-homme","24":"product_tag-bracelets","25":"product_tag-bracelets-femme","26":"product_tag-bracelets-homme","27":"product_tag-chakras","28":"product_tag-collier","29":"product_tag-collier-femme","30":"product_tag-collier-personnalise","31":"product_tag-collier-seul-yin-yang-pour-ameliorer-ses-capacites-avec-fermoir-magnetique","32":"product_tag-colliers","33":"product_tag-energetique","34":"product_tag-fermoir-magnetique","35":"product_tag-lithotherapie","36":"product_tag-pierre","37":"product_tag-pierre-de-lune","38":"product_tag-pierre-de-nuit","39":"product_tag-pierre-semi-precieuse","40":"product_tag-pierres-naturelles","41":"product_tag-protection","42":"product_tag-sautoir","44":"first","45":"instock","46":"sold-individually","47":"shipping-taxable","48":"purchasable","49":"product-type-variable"},"yoast_head":"<!-- This site is optimized with the Yoast SEO plugin v27.2 - https:\/\/yoast.com\/product\/yoast-seo-wordpress\/ -->\n<title>Collier seul Yin &amp; Yang pour am\u00e9liorer ses capacit\u00e9s (fermoir magn\u00e9tique)<\/title>\n<meta name=\"description\" content=\"Ensuite prot\u00e8ge et nettoie l\u2019aura des basses vibrations. Puis permet de nous rappeler de nous aider les uns et les autres.\" \/>\n<meta name=\"robots\" content=\"index, follow, max-snippet:-1, max-image-preview:large, max-video-preview:-1\" \/>\n<link rel=\"canonical\" href=\"https:\/\/lescreationsde.celineinmyworldmedium.com\/index.php\/produit\/collier-seul-yin-yang-en-pierre-de-nuit-et-pierre-de-lune-pour-ameliorer-ses-capacites-avec-fermoir-magnetique\/\" \/>\n<meta property=\"og:locale\" content=\"fr_FR\" \/>\n<meta property=\"og:type\" content=\"article\" \/>\n<meta property=\"og:title\" content=\"Collier seul Yin &amp; Yang pour am\u00e9liorer ses capacit\u00e9s (fermoir magn\u00e9tique)\" \/>\n<meta property=\"og:description\" content=\"Ensuite prot\u00e8ge et nettoie l\u2019aura des basses vibrations. Puis permet de nous rappeler de nous aider les uns et les autres.\" \/>\n<meta property=\"og:url\" content=\"https:\/\/lescreationsde.celineinmyworldmedium.com\/index.php\/produit\/collier-seul-yin-yang-en-pierre-de-nuit-et-pierre-de-lune-pour-ameliorer-ses-capacites-avec-fermoir-magnetique\/\" \/>\n<meta property=\"og:site_name\" content=\"Les cr\u00e9ations de C\u00e9line Inmyworld\" \/>\n<meta property=\"article:modified_time\" content=\"2024-03-11T18:26:03+00:00\" \/>\n<meta property=\"og:image\" content=\"https:\/\/lescreationsde.celineinmyworldmedium.com\/wp-content\/uploads\/2021\/04\/Collier_Yin_et_Yang_en_Pierre_de_nuit_et_Pierre_de_Lune_pour_ameliorer_ses_capacites.jpg\" \/>\n\t<meta property=\"og:image:width\" content=\"1512\" \/>\n\t<meta property=\"og:image:height\" content=\"1600\" \/>\n\t<meta property=\"og:image:type\" content=\"image\/jpeg\" \/>\n<meta name=\"twitter:card\" content=\"summary_large_image\" \/>\n<meta name=\"twitter:label1\" content=\"Dur\u00e9e de lecture estim\u00e9e\" \/>\n\t<meta name=\"twitter:data1\" content=\"2 minutes\" \/>\n<script type=\"application\/ld+json\" class=\"yoast-schema-graph\">{\"@context\":\"https:\/\/schema.org\",\"@graph\":[{\"@type\":\"WebPage\",\"@id\":\"https:\/\/lescreationsde.celineinmyworldmedium.com\/index.php\/produit\/collier-seul-yin-yang-en-pierre-de-nuit-et-pierre-de-lune-pour-ameliorer-ses-capacites-avec-fermoir-magnetique\/\",\"url\":\"https:\/\/lescreationsde.celineinmyworldmedium.com\/index.php\/produit\/collier-seul-yin-yang-en-pierre-de-nuit-et-pierre-de-lune-pour-ameliorer-ses-capacites-avec-fermoir-magnetique\/\",\"name\":\"Collier seul Yin & Yang pour am\u00e9liorer ses capacit\u00e9s (fermoir magn\u00e9tique)\",\"isPartOf\":{\"@id\":\"https:\/\/lescreationsde.celineinmyworldmedium.com\/#website\"},\"primaryImageOfPage\":{\"@id\":\"https:\/\/lescreationsde.celineinmyworldmedium.com\/index.php\/produit\/collier-seul-yin-yang-en-pierre-de-nuit-et-pierre-de-lune-pour-ameliorer-ses-capacites-avec-fermoir-magnetique\/#primaryimage\"},\"image\":{\"@id\":\"https:\/\/lescreationsde.celineinmyworldmedium.com\/index.php\/produit\/collier-seul-yin-yang-en-pierre-de-nuit-et-pierre-de-lune-pour-ameliorer-ses-capacites-avec-fermoir-magnetique\/#primaryimage\"},\"thumbnailUrl\":\"https:\/\/lescreationsde.celineinmyworldmedium.com\/wp-content\/uploads\/2021\/04\/Collier_Yin_et_Yang_en_Pierre_de_nuit_et_Pierre_de_Lune_pour_ameliorer_ses_capacites.jpg\",\"datePublished\":\"2021-04-05T08:15:24+00:00\",\"dateModified\":\"2024-03-11T18:26:03+00:00\",\"description\":\"Ensuite prot\u00e8ge et nettoie l\u2019aura des basses vibrations. Puis permet de nous rappeler de nous aider les uns et les autres.\",\"breadcrumb\":{\"@id\":\"https:\/\/lescreationsde.celineinmyworldmedium.com\/index.php\/produit\/collier-seul-yin-yang-en-pierre-de-nuit-et-pierre-de-lune-pour-ameliorer-ses-capacites-avec-fermoir-magnetique\/#breadcrumb\"},\"inLanguage\":\"fr-FR\",\"potentialAction\":[{\"@type\":\"ReadAction\",\"target\":[\"https:\/\/lescreationsde.celineinmyworldmedium.com\/index.php\/produit\/collier-seul-yin-yang-en-pierre-de-nuit-et-pierre-de-lune-pour-ameliorer-ses-capacites-avec-fermoir-magnetique\/\"]}]},{\"@type\":\"ImageObject\",\"inLanguage\":\"fr-FR\",\"@id\":\"https:\/\/lescreationsde.celineinmyworldmedium.com\/index.php\/produit\/collier-seul-yin-yang-en-pierre-de-nuit-et-pierre-de-lune-pour-ameliorer-ses-capacites-avec-fermoir-magnetique\/#primaryimage\",\"url\":\"https:\/\/lescreationsde.celineinmyworldmedium.com\/wp-content\/uploads\/2021\/04\/Collier_Yin_et_Yang_en_Pierre_de_nuit_et_Pierre_de_Lune_pour_ameliorer_ses_capacites.jpg\",\"contentUrl\":\"https:\/\/lescreationsde.celineinmyworldmedium.com\/wp-content\/uploads\/2021\/04\/Collier_Yin_et_Yang_en_Pierre_de_nuit_et_Pierre_de_Lune_pour_ameliorer_ses_capacites.jpg\",\"width\":1512,\"height\":1600,\"caption\":\"Collier seul Yin & Yang en Pierre de nuit et Pierre de Lune pour am\u00e9liorer ses capacit\u00e9s avec fermoir magn\u00e9tique\"},{\"@type\":\"BreadcrumbList\",\"@id\":\"https:\/\/lescreationsde.celineinmyworldmedium.com\/index.php\/produit\/collier-seul-yin-yang-en-pierre-de-nuit-et-pierre-de-lune-pour-ameliorer-ses-capacites-avec-fermoir-magnetique\/#breadcrumb\",\"itemListElement\":[{\"@type\":\"ListItem\",\"position\":1,\"name\":\"Accueil\",\"item\":\"https:\/\/lescreationsde.celineinmyworldmedium.com\/\"},{\"@type\":\"ListItem\",\"position\":2,\"name\":\"Produits\",\"item\":\"https:\/\/lescreationsde.celineinmyworldmedium.com\/index.php\/boutique\/\"},{\"@type\":\"ListItem\",\"position\":3,\"name\":\"Collier seul Yin &#038; Yang en Pierre de nuit et Pierre de Lune pour am\u00e9liorer ses capacit\u00e9s avec fermoir magn\u00e9tique\"}]},{\"@type\":\"WebSite\",\"@id\":\"https:\/\/lescreationsde.celineinmyworldmedium.com\/#website\",\"url\":\"https:\/\/lescreationsde.celineinmyworldmedium.com\/\",\"name\":\"Les cr\u00e9ations de C\u00e9line Inmyworld\",\"description\":\"Cr\u00e9ation de bijoux personnalis\u00e9s, sur-mesure, en pierres semi-pr\u00e9cieuses de qualit\u00e9. Bracelets, boucles d&#039;oreilles, colliers, sautoirs, malas, cha\u00eenes de cheville, bagues...\u2764\",\"publisher\":{\"@id\":\"https:\/\/lescreationsde.celineinmyworldmedium.com\/#organization\"},\"potentialAction\":[{\"@type\":\"SearchAction\",\"target\":{\"@type\":\"EntryPoint\",\"urlTemplate\":\"https:\/\/lescreationsde.celineinmyworldmedium.com\/?s={search_term_string}\"},\"query-input\":{\"@type\":\"PropertyValueSpecification\",\"valueRequired\":true,\"valueName\":\"search_term_string\"}}],\"inLanguage\":\"fr-FR\"},{\"@type\":\"Organization\",\"@id\":\"https:\/\/lescreationsde.celineinmyworldmedium.com\/#organization\",\"name\":\"Les cr\u00e9ations de C\u00e9line Inmyworld\",\"url\":\"https:\/\/lescreationsde.celineinmyworldmedium.com\/\",\"logo\":{\"@type\":\"ImageObject\",\"inLanguage\":\"fr-FR\",\"@id\":\"https:\/\/lescreationsde.celineinmyworldmedium.com\/#\/schema\/logo\/image\/\",\"url\":\"https:\/\/lescreationsde.celineinmyworldmedium.com\/wp-content\/uploads\/2021\/03\/logo_creations3.png\",\"contentUrl\":\"https:\/\/lescreationsde.celineinmyworldmedium.com\/wp-content\/uploads\/2021\/03\/logo_creations3.png\",\"width\":613,\"height\":190,\"caption\":\"Les cr\u00e9ations de C\u00e9line Inmyworld\"},\"image\":{\"@id\":\"https:\/\/lescreationsde.celineinmyworldmedium.com\/#\/schema\/logo\/image\/\"}}]}<\/script>\n<!-- \/ Yoast SEO plugin. -->","yoast_head_json":{"title":"Collier seul Yin & Yang pour am\u00e9liorer ses capacit\u00e9s (fermoir magn\u00e9tique)","description":"Ensuite prot\u00e8ge et nettoie l\u2019aura des basses vibrations. Puis permet de nous rappeler de nous aider les uns et les autres.","robots":{"index":"index","follow":"follow","max-snippet":"max-snippet:-1","max-image-preview":"max-image-preview:large","max-video-preview":"max-video-preview:-1"},"canonical":"https:\/\/lescreationsde.celineinmyworldmedium.com\/index.php\/produit\/collier-seul-yin-yang-en-pierre-de-nuit-et-pierre-de-lune-pour-ameliorer-ses-capacites-avec-fermoir-magnetique\/","og_locale":"fr_FR","og_type":"article","og_title":"Collier seul Yin & Yang pour am\u00e9liorer ses capacit\u00e9s (fermoir magn\u00e9tique)","og_description":"Ensuite prot\u00e8ge et nettoie l\u2019aura des basses vibrations. Puis permet de nous rappeler de nous aider les uns et les autres.","og_url":"https:\/\/lescreationsde.celineinmyworldmedium.com\/index.php\/produit\/collier-seul-yin-yang-en-pierre-de-nuit-et-pierre-de-lune-pour-ameliorer-ses-capacites-avec-fermoir-magnetique\/","og_site_name":"Les cr\u00e9ations de C\u00e9line Inmyworld","article_modified_time":"2024-03-11T18:26:03+00:00","og_image":[{"width":1512,"height":1600,"url":"https:\/\/lescreationsde.celineinmyworldmedium.com\/wp-content\/uploads\/2021\/04\/Collier_Yin_et_Yang_en_Pierre_de_nuit_et_Pierre_de_Lune_pour_ameliorer_ses_capacites.jpg","type":"image\/jpeg"}],"twitter_card":"summary_large_image","twitter_misc":{"Dur\u00e9e de lecture estim\u00e9e":"2 minutes"},"schema":{"@context":"https:\/\/schema.org","@graph":[{"@type":"WebPage","@id":"https:\/\/lescreationsde.celineinmyworldmedium.com\/index.php\/produit\/collier-seul-yin-yang-en-pierre-de-nuit-et-pierre-de-lune-pour-ameliorer-ses-capacites-avec-fermoir-magnetique\/","url":"https:\/\/lescreationsde.celineinmyworldmedium.com\/index.php\/produit\/collier-seul-yin-yang-en-pierre-de-nuit-et-pierre-de-lune-pour-ameliorer-ses-capacites-avec-fermoir-magnetique\/","name":"Collier seul Yin & Yang pour am\u00e9liorer ses capacit\u00e9s (fermoir magn\u00e9tique)","isPartOf":{"@id":"https:\/\/lescreationsde.celineinmyworldmedium.com\/#website"},"primaryImageOfPage":{"@id":"https:\/\/lescreationsde.celineinmyworldmedium.com\/index.php\/produit\/collier-seul-yin-yang-en-pierre-de-nuit-et-pierre-de-lune-pour-ameliorer-ses-capacites-avec-fermoir-magnetique\/#primaryimage"},"image":{"@id":"https:\/\/lescreationsde.celineinmyworldmedium.com\/index.php\/produit\/collier-seul-yin-yang-en-pierre-de-nuit-et-pierre-de-lune-pour-ameliorer-ses-capacites-avec-fermoir-magnetique\/#primaryimage"},"thumbnailUrl":"https:\/\/lescreationsde.celineinmyworldmedium.com\/wp-content\/uploads\/2021\/04\/Collier_Yin_et_Yang_en_Pierre_de_nuit_et_Pierre_de_Lune_pour_ameliorer_ses_capacites.jpg","datePublished":"2021-04-05T08:15:24+00:00","dateModified":"2024-03-11T18:26:03+00:00","description":"Ensuite prot\u00e8ge et nettoie l\u2019aura des basses vibrations. Puis permet de nous rappeler de nous aider les uns et les autres.","breadcrumb":{"@id":"https:\/\/lescreationsde.celineinmyworldmedium.com\/index.php\/produit\/collier-seul-yin-yang-en-pierre-de-nuit-et-pierre-de-lune-pour-ameliorer-ses-capacites-avec-fermoir-magnetique\/#breadcrumb"},"inLanguage":"fr-FR","potentialAction":[{"@type":"ReadAction","target":["https:\/\/lescreationsde.celineinmyworldmedium.com\/index.php\/produit\/collier-seul-yin-yang-en-pierre-de-nuit-et-pierre-de-lune-pour-ameliorer-ses-capacites-avec-fermoir-magnetique\/"]}]},{"@type":"ImageObject","inLanguage":"fr-FR","@id":"https:\/\/lescreationsde.celineinmyworldmedium.com\/index.php\/produit\/collier-seul-yin-yang-en-pierre-de-nuit-et-pierre-de-lune-pour-ameliorer-ses-capacites-avec-fermoir-magnetique\/#primaryimage","url":"https:\/\/lescreationsde.celineinmyworldmedium.com\/wp-content\/uploads\/2021\/04\/Collier_Yin_et_Yang_en_Pierre_de_nuit_et_Pierre_de_Lune_pour_ameliorer_ses_capacites.jpg","contentUrl":"https:\/\/lescreationsde.celineinmyworldmedium.com\/wp-content\/uploads\/2021\/04\/Collier_Yin_et_Yang_en_Pierre_de_nuit_et_Pierre_de_Lune_pour_ameliorer_ses_capacites.jpg","width":1512,"height":1600,"caption":"Collier seul Yin & Yang en Pierre de nuit et Pierre de Lune pour am\u00e9liorer ses capacit\u00e9s avec fermoir magn\u00e9tique"},{"@type":"BreadcrumbList","@id":"https:\/\/lescreationsde.celineinmyworldmedium.com\/index.php\/produit\/collier-seul-yin-yang-en-pierre-de-nuit-et-pierre-de-lune-pour-ameliorer-ses-capacites-avec-fermoir-magnetique\/#breadcrumb","itemListElement":[{"@type":"ListItem","position":1,"name":"Accueil","item":"https:\/\/lescreationsde.celineinmyworldmedium.com\/"},{"@type":"ListItem","position":2,"name":"Produits","item":"https:\/\/lescreationsde.celineinmyworldmedium.com\/index.php\/boutique\/"},{"@type":"ListItem","position":3,"name":"Collier seul Yin &#038; Yang en Pierre de nuit et Pierre de Lune pour am\u00e9liorer ses capacit\u00e9s avec fermoir magn\u00e9tique"}]},{"@type":"WebSite","@id":"https:\/\/lescreationsde.celineinmyworldmedium.com\/#website","url":"https:\/\/lescreationsde.celineinmyworldmedium.com\/","name":"Les cr\u00e9ations de C\u00e9line Inmyworld","description":"Cr\u00e9ation de bijoux personnalis\u00e9s, sur-mesure, en pierres semi-pr\u00e9cieuses de qualit\u00e9. Bracelets, boucles d&#039;oreilles, colliers, sautoirs, malas, cha\u00eenes de cheville, bagues...\u2764","publisher":{"@id":"https:\/\/lescreationsde.celineinmyworldmedium.com\/#organization"},"potentialAction":[{"@type":"SearchAction","target":{"@type":"EntryPoint","urlTemplate":"https:\/\/lescreationsde.celineinmyworldmedium.com\/?s={search_term_string}"},"query-input":{"@type":"PropertyValueSpecification","valueRequired":true,"valueName":"search_term_string"}}],"inLanguage":"fr-FR"},{"@type":"Organization","@id":"https:\/\/lescreationsde.celineinmyworldmedium.com\/#organization","name":"Les cr\u00e9ations de C\u00e9line Inmyworld","url":"https:\/\/lescreationsde.celineinmyworldmedium.com\/","logo":{"@type":"ImageObject","inLanguage":"fr-FR","@id":"https:\/\/lescreationsde.celineinmyworldmedium.com\/#\/schema\/logo\/image\/","url":"https:\/\/lescreationsde.celineinmyworldmedium.com\/wp-content\/uploads\/2021\/03\/logo_creations3.png","contentUrl":"https:\/\/lescreationsde.celineinmyworldmedium.com\/wp-content\/uploads\/2021\/03\/logo_creations3.png","width":613,"height":190,"caption":"Les cr\u00e9ations de C\u00e9line Inmyworld"},"image":{"@id":"https:\/\/lescreationsde.celineinmyworldmedium.com\/#\/schema\/logo\/image\/"}}]}},"jetpack_sharing_enabled":true,"_links":{"self":[{"href":"https:\/\/lescreationsde.celineinmyworldmedium.com\/index.php\/wp-json\/wp\/v2\/product\/1733","targetHints":{"allow":["GET"]}}],"collection":[{"href":"https:\/\/lescreationsde.celineinmyworldmedium.com\/index.php\/wp-json\/wp\/v2\/product"}],"about":[{"href":"https:\/\/lescreationsde.celineinmyworldmedium.com\/index.php\/wp-json\/wp\/v2\/types\/product"}],"replies":[{"embeddable":true,"href":"https:\/\/lescreationsde.celineinmyworldmedium.com\/index.php\/wp-json\/wp\/v2\/comments?post=1733"}],"wp:featuredmedia":[{"embeddable":true,"href":"https:\/\/lescreationsde.celineinmyworldmedium.com\/index.php\/wp-json\/wp\/v2\/media\/1735"}],"wp:attachment":[{"href":"https:\/\/lescreationsde.celineinmyworldmedium.com\/index.php\/wp-json\/wp\/v2\/media?parent=1733"}],"wp:term":[{"taxonomy":"product_brand","embeddable":true,"href":"https:\/\/lescreationsde.celineinmyworldmedium.com\/index.php\/wp-json\/wp\/v2\/product_brand?post=1733"},{"taxonomy":"product_cat","embeddable":true,"href":"https:\/\/lescreationsde.celineinmyworldmedium.com\/index.php\/wp-json\/wp\/v2\/product_cat?post=1733"},{"taxonomy":"product_tag","embeddable":true,"href":"https:\/\/lescreationsde.celineinmyworldmedium.com\/index.php\/wp-json\/wp\/v2\/product_tag?post=1733"}],"curies":[{"name":"wp","href":"https:\/\/api.w.org\/{rel}","templated":true}]}}