{"id":1628,"date":"2021-03-26T00:04:42","date_gmt":"2021-03-25T23:04:42","guid":{"rendered":"https:\/\/lescreationsde.celineinmyworldmedium.com\/?post_type=product&#038;p=1628"},"modified":"2024-03-10T23:59:47","modified_gmt":"2024-03-10T22:59:47","slug":"bracelet-seul-en-lapis-lazuli-et-amethyste-avec-pentacle-de-protection","status":"publish","type":"product","link":"https:\/\/lescreationsde.celineinmyworldmedium.com\/index.php\/produit\/bracelet-seul-en-lapis-lazuli-et-amethyste-avec-pentacle-de-protection\/","title":{"rendered":"Bracelet seul en Lapis-lazuli et Am\u00e9thyste avec pentacle de protection"},"content":{"rendered":"<h4><strong>1 \u2013 Les vertus de l\u2019am\u00e9thyste fonc\u00e9e :<\/strong><\/h4>\n<p>Domaine spirituel, celui de l\u2019\u00eatre humain avec ses intentions, ses buts ou ses pr\u00e9occupations existentielles :<\/p>\n<p><strong>\u00c9veil, sens de la justice, paix int\u00e9rieure.<\/strong><\/p>\n<p>Domaine de l\u2019\u00e2me ou du subconscient, ainsi que les notions de temp\u00e9rament, de sentiments, de sensations, de r\u00eaves, de v\u00e9cu sur le plan animique, d\u2019habitudes et de r\u00e9actions inconscientes :<\/p>\n<p><strong>D\u00e9passement du deuil et de la perte.<\/strong><\/p>\n<p>Domaine mental avec les id\u00e9es, la raison, les convictions, les consid\u00e9rations, ainsi que le mode de pens\u00e9e et d\u2019action consciente :<\/p>\n<p><strong>Conscience des choses, discernement, pens\u00e9e et action constructives. <\/strong><\/p>\n<p>Domaine physique ou corporel, l\u2019ensemble de l\u2019organisme avec les sens, les organes et les fonctions :<\/p>\n<p><strong>Excellente pour la peau ; att\u00e9nue les douleurs et les tensions, combat l\u2019hypertension.<\/strong><\/p>\n<h4>2 \u2013 Les vertus de lapis-lazuli avec calcite :<\/h4>\n<p>Domaine <strong>spirituel<\/strong>, celui de l\u2019\u00eatre humain avec ses intentions, ses buts ou ses pr\u00e9occupations existentielles :<\/p>\n<p><strong>Responsabilit\u00e9 pour soi-m\u00eame.<\/strong><\/p>\n<p>Domaine de <strong>l\u2019\u00e2me<\/strong> ou du subconscient, ainsi que les notions de temp\u00e9rament, de sentiments, de sensations, de r\u00eaves, de v\u00e9cu sur le plan animique, d\u2019habitudes et de r\u00e9actions inconscientes :<\/p>\n<p><strong>Favorise l\u2019authenticit\u00e9 et permet de conqu\u00e9rir la ma\u00eetrise de sa propre vie.<\/strong><\/p>\n<p>Domaine <strong>mental<\/strong> avec les id\u00e9es, la raison, les convictions, les consid\u00e9rations, ainsi que le mode de pens\u00e9e et d\u2019action consciente :<\/p>\n<p><strong>Favorise le discernement et l\u2019intelligence, aide \u00e0 communiquer avec les autres.<\/strong><\/p>\n<p>Domaine <strong>physique<\/strong> ou corporel, l\u2019ensemble de l\u2019organisme avec les sens, les organes et les fonctions :<\/p>\n<p><strong>Antipyr\u00e9tique et hypotenseur, ralentit le cycle menstruel.<\/strong><\/p>\n<p><em><strong>Le pentacle :<\/strong><\/em><br \/>\n<em>Ce symbole spirituel en forme d\u2019\u00e9toile \u00e0 cinq branches est consid\u00e9r\u00e9 comme la repr\u00e9sentation des cinq \u00e9l\u00e9ments : le feu, l\u2019air, l\u2019eau, la terre et l\u2019esprit.<\/em><br \/>\n<em>Parmi les symboles \u00e9sot\u00e9riques, le pentacle a \u00e9t\u00e9 l\u2019un des embl\u00e8mes les plus persistants et les plus puissants de notre histoire.\u00a0 Les \u00c9gyptiens, Grecs, Babyloniens, Chinois, Indiens ou Mayas le v\u00e9n\u00e9r\u00e8rent. Ainsi que toutes les cultures anciennes et les peuples, quel qu\u2019ils soient.<\/em><br \/>\n<em>On consid\u00e8re que l\u2019ic\u00f4ne mystique contient plusieurs interpr\u00e9tations symboliques : La vie, l\u2019amour, la lumi\u00e8re, l\u2019unit\u00e9, et bien d\u2019autres. Le pentacle a toujours \u00e9t\u00e9 associ\u00e9 aux pouvoirs protecteurs divins et \u00e9tait utilis\u00e9 pour se prot\u00e9ger des forces du mal, des d\u00e9mons, de la magie noire.<\/em><\/p>\n","protected":false},"excerpt":{"rendered":"<table>\n<tbody>\n<tr>\n<td style=\"texte-align: left; color: gray; border: none;\"><strong>Hors frais d&rsquo;exp\u00e9dition<\/strong><\/td>\n<\/tr>\n<tr>\n<td style=\"texte-align: left; color: gray; border: none;\"><strong>Bijoux confectionn\u00e9s sur-mesure, sur commande<br \/>Les couleurs et motifs des pierres varient d&rsquo;un bijou \u00e0 un autre<br \/>D\u00e9lai de confection environ 30 jours<\/strong><\/td>\n<\/tr>\n<tr>\n<td style=\"texte-align: left; color: blue; border: none;\"><a style=\"color: #a15fe2;\" href=\"https:\/\/lescreationsde.celineinmyworldmedium.com\/index.php\/mesurer-son-tour-de-poignet-pour-bracelets\/\" target=\"_blank\" rel=\"noopener\"><strong>Comment mesurer son tour de poignet<\/strong><\/a><\/td>\n<\/tr>\n<\/tbody>\n<\/table>\n","protected":false},"featured_media":1630,"comment_status":"open","ping_status":"closed","template":"","meta":[],"product_brand":[],"product_cat":[31,67,465],"product_tag":[165,84,42,44,38,47,43,41,40,39,23,25,615,36,34,26,37,35,46,83,16,24,45,17,33,53,327,32,613,27,22,28],"class_list":{"0":"post-1628","1":"product","2":"type-product","3":"status-publish","4":"has-post-thumbnail","6":"product_cat-bracelets","7":"product_cat-amethyste-pierres","8":"product_cat-lapis-lazuli-pierres","9":"product_tag-amethyste-foncee","10":"product_tag-arbre-de-vie","11":"product_tag-bijou","12":"product_tag-bijou-energetique","13":"product_tag-bijoux","14":"product_tag-bijoux-anti-allergies","15":"product_tag-bijoux-energetiques","16":"product_tag-bijoux-fait-main","17":"product_tag-bijoux-personnalises","18":"product_tag-bijoux-sur-mesure","19":"product_tag-boucles-doreilles","20":"product_tag-bracelet","21":"product_tag-bracelet-avec-pentacle-de-protection","22":"product_tag-bracelet-femme","23":"product_tag-bracelet-homme","24":"product_tag-bracelets","25":"product_tag-bracelets-femme","26":"product_tag-bracelets-homme","27":"product_tag-bronzite","28":"product_tag-chakkra","29":"product_tag-collier","30":"product_tag-collier-femme","31":"product_tag-collier-personnalise","32":"product_tag-colliers","33":"product_tag-energetique","34":"product_tag-fleur-de-vie","35":"product_tag-lapis-lazuli-avec-calcite","36":"product_tag-lithotherapie","37":"product_tag-pentacle","38":"product_tag-pierre","39":"product_tag-pierre-semi-precieuse","40":"product_tag-pierres-naturelles","42":"first","43":"instock","44":"shipping-taxable","45":"purchasable","46":"product-type-variable"},"yoast_head":"<!-- This site is optimized with the Yoast SEO plugin v27.2 - https:\/\/yoast.com\/product\/yoast-seo-wordpress\/ -->\n<title>Bracelet seul en Lapis-lazuli et Am\u00e9thyste avec pentacle de protection<\/title>\n<meta name=\"description\" content=\"\u00c9veil, sens de la justice, paix int\u00e9rieure. Excellente pour la peau ; att\u00e9nue les douleurs et les tensions, combat l\u2019hypertension.\" \/>\n<meta name=\"robots\" content=\"index, follow, max-snippet:-1, max-image-preview:large, max-video-preview:-1\" \/>\n<link rel=\"canonical\" href=\"https:\/\/lescreationsde.celineinmyworldmedium.com\/index.php\/produit\/bracelet-seul-en-lapis-lazuli-et-amethyste-avec-pentacle-de-protection\/\" \/>\n<meta property=\"og:locale\" content=\"fr_FR\" \/>\n<meta property=\"og:type\" content=\"article\" \/>\n<meta property=\"og:title\" content=\"Bracelet seul en Lapis-lazuli et Am\u00e9thyste avec pentacle de protection\" \/>\n<meta property=\"og:description\" content=\"\u00c9veil, sens de la justice, paix int\u00e9rieure. Excellente pour la peau ; att\u00e9nue les douleurs et les tensions, combat l\u2019hypertension.\" \/>\n<meta property=\"og:url\" content=\"https:\/\/lescreationsde.celineinmyworldmedium.com\/index.php\/produit\/bracelet-seul-en-lapis-lazuli-et-amethyste-avec-pentacle-de-protection\/\" \/>\n<meta property=\"og:site_name\" content=\"Les cr\u00e9ations de C\u00e9line Inmyworld\" \/>\n<meta property=\"article:modified_time\" content=\"2024-03-10T22:59:47+00:00\" \/>\n<meta property=\"og:image\" content=\"https:\/\/lescreationsde.celineinmyworldmedium.com\/wp-content\/uploads\/2021\/03\/Bracelet_en_Lapis-lazuli_et-Amethyste_avec_pentacle_de_protection-1.jpg\" \/>\n\t<meta property=\"og:image:width\" content=\"1450\" \/>\n\t<meta property=\"og:image:height\" content=\"1577\" \/>\n\t<meta property=\"og:image:type\" content=\"image\/jpeg\" \/>\n<meta name=\"twitter:card\" content=\"summary_large_image\" \/>\n<meta name=\"twitter:label1\" content=\"Dur\u00e9e de lecture estim\u00e9e\" \/>\n\t<meta name=\"twitter:data1\" content=\"2 minutes\" \/>\n<script type=\"application\/ld+json\" class=\"yoast-schema-graph\">{\"@context\":\"https:\/\/schema.org\",\"@graph\":[{\"@type\":\"WebPage\",\"@id\":\"https:\/\/lescreationsde.celineinmyworldmedium.com\/index.php\/produit\/bracelet-seul-en-lapis-lazuli-et-amethyste-avec-pentacle-de-protection\/\",\"url\":\"https:\/\/lescreationsde.celineinmyworldmedium.com\/index.php\/produit\/bracelet-seul-en-lapis-lazuli-et-amethyste-avec-pentacle-de-protection\/\",\"name\":\"Bracelet seul en Lapis-lazuli et Am\u00e9thyste avec pentacle de protection\",\"isPartOf\":{\"@id\":\"https:\/\/lescreationsde.celineinmyworldmedium.com\/#website\"},\"primaryImageOfPage\":{\"@id\":\"https:\/\/lescreationsde.celineinmyworldmedium.com\/index.php\/produit\/bracelet-seul-en-lapis-lazuli-et-amethyste-avec-pentacle-de-protection\/#primaryimage\"},\"image\":{\"@id\":\"https:\/\/lescreationsde.celineinmyworldmedium.com\/index.php\/produit\/bracelet-seul-en-lapis-lazuli-et-amethyste-avec-pentacle-de-protection\/#primaryimage\"},\"thumbnailUrl\":\"https:\/\/lescreationsde.celineinmyworldmedium.com\/wp-content\/uploads\/2021\/03\/Bracelet_en_Lapis-lazuli_et-Amethyste_avec_pentacle_de_protection-1.jpg\",\"datePublished\":\"2021-03-25T23:04:42+00:00\",\"dateModified\":\"2024-03-10T22:59:47+00:00\",\"description\":\"\u00c9veil, sens de la justice, paix int\u00e9rieure. Excellente pour la peau ; att\u00e9nue les douleurs et les tensions, combat l\u2019hypertension.\",\"breadcrumb\":{\"@id\":\"https:\/\/lescreationsde.celineinmyworldmedium.com\/index.php\/produit\/bracelet-seul-en-lapis-lazuli-et-amethyste-avec-pentacle-de-protection\/#breadcrumb\"},\"inLanguage\":\"fr-FR\",\"potentialAction\":[{\"@type\":\"ReadAction\",\"target\":[\"https:\/\/lescreationsde.celineinmyworldmedium.com\/index.php\/produit\/bracelet-seul-en-lapis-lazuli-et-amethyste-avec-pentacle-de-protection\/\"]}]},{\"@type\":\"ImageObject\",\"inLanguage\":\"fr-FR\",\"@id\":\"https:\/\/lescreationsde.celineinmyworldmedium.com\/index.php\/produit\/bracelet-seul-en-lapis-lazuli-et-amethyste-avec-pentacle-de-protection\/#primaryimage\",\"url\":\"https:\/\/lescreationsde.celineinmyworldmedium.com\/wp-content\/uploads\/2021\/03\/Bracelet_en_Lapis-lazuli_et-Amethyste_avec_pentacle_de_protection-1.jpg\",\"contentUrl\":\"https:\/\/lescreationsde.celineinmyworldmedium.com\/wp-content\/uploads\/2021\/03\/Bracelet_en_Lapis-lazuli_et-Amethyste_avec_pentacle_de_protection-1.jpg\",\"width\":1450,\"height\":1577,\"caption\":\"Bracelet seul en Lapis-lazuli et Am\u00e9thyste avec pentacle de protection\"},{\"@type\":\"BreadcrumbList\",\"@id\":\"https:\/\/lescreationsde.celineinmyworldmedium.com\/index.php\/produit\/bracelet-seul-en-lapis-lazuli-et-amethyste-avec-pentacle-de-protection\/#breadcrumb\",\"itemListElement\":[{\"@type\":\"ListItem\",\"position\":1,\"name\":\"Accueil\",\"item\":\"https:\/\/lescreationsde.celineinmyworldmedium.com\/\"},{\"@type\":\"ListItem\",\"position\":2,\"name\":\"Produits\",\"item\":\"https:\/\/lescreationsde.celineinmyworldmedium.com\/index.php\/boutique\/\"},{\"@type\":\"ListItem\",\"position\":3,\"name\":\"Bracelet seul en Lapis-lazuli et Am\u00e9thyste avec pentacle de protection\"}]},{\"@type\":\"WebSite\",\"@id\":\"https:\/\/lescreationsde.celineinmyworldmedium.com\/#website\",\"url\":\"https:\/\/lescreationsde.celineinmyworldmedium.com\/\",\"name\":\"Les cr\u00e9ations de C\u00e9line Inmyworld\",\"description\":\"Cr\u00e9ation de bijoux personnalis\u00e9s, sur-mesure, en pierres semi-pr\u00e9cieuses de qualit\u00e9. Bracelets, boucles d&#039;oreilles, colliers, sautoirs, malas, cha\u00eenes de cheville, bagues...\u2764\",\"publisher\":{\"@id\":\"https:\/\/lescreationsde.celineinmyworldmedium.com\/#organization\"},\"potentialAction\":[{\"@type\":\"SearchAction\",\"target\":{\"@type\":\"EntryPoint\",\"urlTemplate\":\"https:\/\/lescreationsde.celineinmyworldmedium.com\/?s={search_term_string}\"},\"query-input\":{\"@type\":\"PropertyValueSpecification\",\"valueRequired\":true,\"valueName\":\"search_term_string\"}}],\"inLanguage\":\"fr-FR\"},{\"@type\":\"Organization\",\"@id\":\"https:\/\/lescreationsde.celineinmyworldmedium.com\/#organization\",\"name\":\"Les cr\u00e9ations de C\u00e9line Inmyworld\",\"url\":\"https:\/\/lescreationsde.celineinmyworldmedium.com\/\",\"logo\":{\"@type\":\"ImageObject\",\"inLanguage\":\"fr-FR\",\"@id\":\"https:\/\/lescreationsde.celineinmyworldmedium.com\/#\/schema\/logo\/image\/\",\"url\":\"https:\/\/lescreationsde.celineinmyworldmedium.com\/wp-content\/uploads\/2021\/03\/logo_creations3.png\",\"contentUrl\":\"https:\/\/lescreationsde.celineinmyworldmedium.com\/wp-content\/uploads\/2021\/03\/logo_creations3.png\",\"width\":613,\"height\":190,\"caption\":\"Les cr\u00e9ations de C\u00e9line Inmyworld\"},\"image\":{\"@id\":\"https:\/\/lescreationsde.celineinmyworldmedium.com\/#\/schema\/logo\/image\/\"}}]}<\/script>\n<!-- \/ Yoast SEO plugin. -->","yoast_head_json":{"title":"Bracelet seul en Lapis-lazuli et Am\u00e9thyste avec pentacle de protection","description":"\u00c9veil, sens de la justice, paix int\u00e9rieure. Excellente pour la peau ; att\u00e9nue les douleurs et les tensions, combat l\u2019hypertension.","robots":{"index":"index","follow":"follow","max-snippet":"max-snippet:-1","max-image-preview":"max-image-preview:large","max-video-preview":"max-video-preview:-1"},"canonical":"https:\/\/lescreationsde.celineinmyworldmedium.com\/index.php\/produit\/bracelet-seul-en-lapis-lazuli-et-amethyste-avec-pentacle-de-protection\/","og_locale":"fr_FR","og_type":"article","og_title":"Bracelet seul en Lapis-lazuli et Am\u00e9thyste avec pentacle de protection","og_description":"\u00c9veil, sens de la justice, paix int\u00e9rieure. Excellente pour la peau ; att\u00e9nue les douleurs et les tensions, combat l\u2019hypertension.","og_url":"https:\/\/lescreationsde.celineinmyworldmedium.com\/index.php\/produit\/bracelet-seul-en-lapis-lazuli-et-amethyste-avec-pentacle-de-protection\/","og_site_name":"Les cr\u00e9ations de C\u00e9line Inmyworld","article_modified_time":"2024-03-10T22:59:47+00:00","og_image":[{"width":1450,"height":1577,"url":"https:\/\/lescreationsde.celineinmyworldmedium.com\/wp-content\/uploads\/2021\/03\/Bracelet_en_Lapis-lazuli_et-Amethyste_avec_pentacle_de_protection-1.jpg","type":"image\/jpeg"}],"twitter_card":"summary_large_image","twitter_misc":{"Dur\u00e9e de lecture estim\u00e9e":"2 minutes"},"schema":{"@context":"https:\/\/schema.org","@graph":[{"@type":"WebPage","@id":"https:\/\/lescreationsde.celineinmyworldmedium.com\/index.php\/produit\/bracelet-seul-en-lapis-lazuli-et-amethyste-avec-pentacle-de-protection\/","url":"https:\/\/lescreationsde.celineinmyworldmedium.com\/index.php\/produit\/bracelet-seul-en-lapis-lazuli-et-amethyste-avec-pentacle-de-protection\/","name":"Bracelet seul en Lapis-lazuli et Am\u00e9thyste avec pentacle de protection","isPartOf":{"@id":"https:\/\/lescreationsde.celineinmyworldmedium.com\/#website"},"primaryImageOfPage":{"@id":"https:\/\/lescreationsde.celineinmyworldmedium.com\/index.php\/produit\/bracelet-seul-en-lapis-lazuli-et-amethyste-avec-pentacle-de-protection\/#primaryimage"},"image":{"@id":"https:\/\/lescreationsde.celineinmyworldmedium.com\/index.php\/produit\/bracelet-seul-en-lapis-lazuli-et-amethyste-avec-pentacle-de-protection\/#primaryimage"},"thumbnailUrl":"https:\/\/lescreationsde.celineinmyworldmedium.com\/wp-content\/uploads\/2021\/03\/Bracelet_en_Lapis-lazuli_et-Amethyste_avec_pentacle_de_protection-1.jpg","datePublished":"2021-03-25T23:04:42+00:00","dateModified":"2024-03-10T22:59:47+00:00","description":"\u00c9veil, sens de la justice, paix int\u00e9rieure. Excellente pour la peau ; att\u00e9nue les douleurs et les tensions, combat l\u2019hypertension.","breadcrumb":{"@id":"https:\/\/lescreationsde.celineinmyworldmedium.com\/index.php\/produit\/bracelet-seul-en-lapis-lazuli-et-amethyste-avec-pentacle-de-protection\/#breadcrumb"},"inLanguage":"fr-FR","potentialAction":[{"@type":"ReadAction","target":["https:\/\/lescreationsde.celineinmyworldmedium.com\/index.php\/produit\/bracelet-seul-en-lapis-lazuli-et-amethyste-avec-pentacle-de-protection\/"]}]},{"@type":"ImageObject","inLanguage":"fr-FR","@id":"https:\/\/lescreationsde.celineinmyworldmedium.com\/index.php\/produit\/bracelet-seul-en-lapis-lazuli-et-amethyste-avec-pentacle-de-protection\/#primaryimage","url":"https:\/\/lescreationsde.celineinmyworldmedium.com\/wp-content\/uploads\/2021\/03\/Bracelet_en_Lapis-lazuli_et-Amethyste_avec_pentacle_de_protection-1.jpg","contentUrl":"https:\/\/lescreationsde.celineinmyworldmedium.com\/wp-content\/uploads\/2021\/03\/Bracelet_en_Lapis-lazuli_et-Amethyste_avec_pentacle_de_protection-1.jpg","width":1450,"height":1577,"caption":"Bracelet seul en Lapis-lazuli et Am\u00e9thyste avec pentacle de protection"},{"@type":"BreadcrumbList","@id":"https:\/\/lescreationsde.celineinmyworldmedium.com\/index.php\/produit\/bracelet-seul-en-lapis-lazuli-et-amethyste-avec-pentacle-de-protection\/#breadcrumb","itemListElement":[{"@type":"ListItem","position":1,"name":"Accueil","item":"https:\/\/lescreationsde.celineinmyworldmedium.com\/"},{"@type":"ListItem","position":2,"name":"Produits","item":"https:\/\/lescreationsde.celineinmyworldmedium.com\/index.php\/boutique\/"},{"@type":"ListItem","position":3,"name":"Bracelet seul en Lapis-lazuli et Am\u00e9thyste avec pentacle de protection"}]},{"@type":"WebSite","@id":"https:\/\/lescreationsde.celineinmyworldmedium.com\/#website","url":"https:\/\/lescreationsde.celineinmyworldmedium.com\/","name":"Les cr\u00e9ations de C\u00e9line Inmyworld","description":"Cr\u00e9ation de bijoux personnalis\u00e9s, sur-mesure, en pierres semi-pr\u00e9cieuses de qualit\u00e9. Bracelets, boucles d&#039;oreilles, colliers, sautoirs, malas, cha\u00eenes de cheville, bagues...\u2764","publisher":{"@id":"https:\/\/lescreationsde.celineinmyworldmedium.com\/#organization"},"potentialAction":[{"@type":"SearchAction","target":{"@type":"EntryPoint","urlTemplate":"https:\/\/lescreationsde.celineinmyworldmedium.com\/?s={search_term_string}"},"query-input":{"@type":"PropertyValueSpecification","valueRequired":true,"valueName":"search_term_string"}}],"inLanguage":"fr-FR"},{"@type":"Organization","@id":"https:\/\/lescreationsde.celineinmyworldmedium.com\/#organization","name":"Les cr\u00e9ations de C\u00e9line Inmyworld","url":"https:\/\/lescreationsde.celineinmyworldmedium.com\/","logo":{"@type":"ImageObject","inLanguage":"fr-FR","@id":"https:\/\/lescreationsde.celineinmyworldmedium.com\/#\/schema\/logo\/image\/","url":"https:\/\/lescreationsde.celineinmyworldmedium.com\/wp-content\/uploads\/2021\/03\/logo_creations3.png","contentUrl":"https:\/\/lescreationsde.celineinmyworldmedium.com\/wp-content\/uploads\/2021\/03\/logo_creations3.png","width":613,"height":190,"caption":"Les cr\u00e9ations de C\u00e9line Inmyworld"},"image":{"@id":"https:\/\/lescreationsde.celineinmyworldmedium.com\/#\/schema\/logo\/image\/"}}]}},"jetpack_sharing_enabled":true,"_links":{"self":[{"href":"https:\/\/lescreationsde.celineinmyworldmedium.com\/index.php\/wp-json\/wp\/v2\/product\/1628","targetHints":{"allow":["GET"]}}],"collection":[{"href":"https:\/\/lescreationsde.celineinmyworldmedium.com\/index.php\/wp-json\/wp\/v2\/product"}],"about":[{"href":"https:\/\/lescreationsde.celineinmyworldmedium.com\/index.php\/wp-json\/wp\/v2\/types\/product"}],"replies":[{"embeddable":true,"href":"https:\/\/lescreationsde.celineinmyworldmedium.com\/index.php\/wp-json\/wp\/v2\/comments?post=1628"}],"wp:featuredmedia":[{"embeddable":true,"href":"https:\/\/lescreationsde.celineinmyworldmedium.com\/index.php\/wp-json\/wp\/v2\/media\/1630"}],"wp:attachment":[{"href":"https:\/\/lescreationsde.celineinmyworldmedium.com\/index.php\/wp-json\/wp\/v2\/media?parent=1628"}],"wp:term":[{"taxonomy":"product_brand","embeddable":true,"href":"https:\/\/lescreationsde.celineinmyworldmedium.com\/index.php\/wp-json\/wp\/v2\/product_brand?post=1628"},{"taxonomy":"product_cat","embeddable":true,"href":"https:\/\/lescreationsde.celineinmyworldmedium.com\/index.php\/wp-json\/wp\/v2\/product_cat?post=1628"},{"taxonomy":"product_tag","embeddable":true,"href":"https:\/\/lescreationsde.celineinmyworldmedium.com\/index.php\/wp-json\/wp\/v2\/product_tag?post=1628"}],"curies":[{"name":"wp","href":"https:\/\/api.w.org\/{rel}","templated":true}]}}