{"id":1492,"date":"2021-03-01T22:41:05","date_gmt":"2021-03-01T21:41:05","guid":{"rendered":"https:\/\/lescreationsde.celineinmyworldmedium.com\/?post_type=product&#038;p=1492"},"modified":"2024-03-10T23:51:43","modified_gmt":"2024-03-10T22:51:43","slug":"bracelet-anti-stress-pour-la-serenite-interieure-avec-symbole-aum","status":"publish","type":"product","link":"https:\/\/lescreationsde.celineinmyworldmedium.com\/index.php\/produit\/bracelet-anti-stress-pour-la-serenite-interieure-avec-symbole-aum\/","title":{"rendered":"Bracelet anti-stress pour la s\u00e9r\u00e9nit\u00e9 int\u00e9rieure avec symbole Aum."},"content":{"rendered":"<h4><strong>1 &#8211; Les vertus de la bronzite :<\/strong><\/h4>\n<p>Domaine <strong>spirituel<\/strong>, celui de l\u2019\u00eatre humain avec ses intentions, ses buts ou ses pr\u00e9occupations existentielles :<\/p>\n<p><strong>S\u00e9r\u00e9nit\u00e9 int\u00e9rieure.<\/strong><\/p>\n<p><strong>l\u2019\u00e2me<\/strong> ou du subconscient, ainsi que les notions de temp\u00e9rament, de sentiments, de sensations, de r\u00eaves, de v\u00e9cu sur le plan animique, d\u2019habitudes et de r\u00e9actions inconscientes :<\/p>\n<p><strong>Procure \u00e9lan et en m\u00eame temps du calme int\u00e9rieur ainsi qu\u2019une sensation de r\u00e9cup\u00e9ration en cas de grande fatigue.<\/strong><\/p>\n<p>Domaine <strong>mental<\/strong> avec les id\u00e9es, la raison, les convictions, les consid\u00e9rations, ainsi que le mode de pens\u00e9e et d\u2019action consciente :<\/p>\n<p><strong>Aide \u00e0 garder l\u2019esprit clair et la ma\u00eetrise de soi-m\u00eame en situation de stress permanent.<\/strong><\/p>\n<p>Domaine <strong>physique<\/strong> ou corporel, l\u2019ensemble de l\u2019organisme avec les sens, les organes et les fonctions :<\/p>\n<p><strong>Fortifie les nerfs, a un effet antispasmodique et analg\u00e9sique.<\/strong><\/p>\n<h4><strong>2 &#8211; Les vertus de la l\u00e9pidolite :<\/strong><\/h4>\n<p>Domaine <strong>spirituel<\/strong>, celui de l\u2019\u00eatre humain avec ses intentions, ses buts ou ses pr\u00e9occupations existentielles :<\/p>\n<p><strong>D\u00e9limitation.<\/strong><\/p>\n<p>Domaine de <strong>l\u2019\u00e2me<\/strong> ou du subconscient, ainsi que les notions de temp\u00e9rament, de sentiments, de sensations, de r\u00eaves, de v\u00e9cu sur le plan animique, d\u2019habitudes et de r\u00e9actions inconscientes :<\/p>\n<p><strong>Prot\u00e8ge des influences ext\u00e9rieures, procure une sensation de paix int\u00e9rieure, aide en cas de troubles du sommeil.<\/strong><\/p>\n<p>Domaine <strong>mental<\/strong> avec les id\u00e9es, la raison, les convictions, les consid\u00e9rations, ainsi que le mode de pens\u00e9e et d\u2019action consciente :<\/p>\n<p><strong>D\u00e9tourne des distractions, permet de se concentrer sur l\u2019essentiel.<\/strong><\/p>\n<p>Domaine <strong>physique<\/strong> ou corporel, l\u2019ensemble de l\u2019organisme avec les sens, les organes et les fonctions :<\/p>\n<p><strong>Att\u00e9nue les douleurs articulaires et nerveuses, sciatiques et n\u00e9vralgiques.<\/strong><\/p>\n<h4><strong>3 &#8211; Les vertus du jaspe brun-beige (cappuccino) :<\/strong><\/h4>\n<p>Domaine <strong>spirituel<\/strong>, celui de l\u2019\u00eatre humain avec ses intentions, ses buts ou ses pr\u00e9occupations existentielles :<\/p>\n<p><strong>Efficacit\u00e9.<\/strong><\/p>\n<p>Domaine de <strong>l\u2019\u00e2me<\/strong> ou du subconscient, ainsi que les notions de temp\u00e9rament, de sentiments, de sensations, de r\u00eaves, de v\u00e9cu sur le plan animique, d\u2019habitudes et de r\u00e9actions inconscientes :<\/p>\n<p><strong>Procure de la fermet\u00e9, favorise le calme int\u00e9rieur.<\/strong><\/p>\n<p>Domaine <strong>mental<\/strong> avec les id\u00e9es, la raison, les convictions, les consid\u00e9rations, ainsi que le mode de pens\u00e9e et d\u2019action consciente :<\/p>\n<p><strong>Aide \u00e0 r\u00e9aliser une grande quantit\u00e9 de travail par une r\u00e9partition judicieuse de ses forces.<\/strong><\/p>\n<p>Domaine <strong>physique<\/strong> ou corporel, l\u2019ensemble de l\u2019organisme avec les sens, les organes et les fonctions :<\/p>\n<p><strong>Fortifie l&rsquo;estomac, l&rsquo;intestin et le syst\u00e8me immunitaire, favorise le drainage et l&rsquo;\u00e9limination.<\/strong><\/p>\n<p><em><strong>Le Aum ou Ohm :<\/strong><br \/>\nSelon les Hindous c\u2019est le premier SON originel qui repr\u00e9sente la cr\u00e9ation de l\u2019univers suite au big bang. Le son est la vibration universelle, \u00ab le murmure de l\u2019univers \u00bb.<br \/>\nL\u2019aum repr\u00e9sente la v\u00e9rit\u00e9 absolue.<br \/>\nLa r\u00e9p\u00e9tition de ce mantra \u00e0 plusieurs reprises nous met en harmonie avec la conscience Universelle ou tout simplement on se sent bien dans le corps.<\/em><\/p>\n","protected":false},"excerpt":{"rendered":"<table>\n<tbody>\n<tr>\n<td style=\"texte-align: left; color: gray; border: none;\"><strong>Hors frais d&rsquo;exp\u00e9dition<\/strong><\/td>\n<\/tr>\n<tr>\n<td style=\"texte-align: left; color: gray; border: none;\"><strong>Bijoux confectionn\u00e9s sur-mesure, sur commande<br \/>Les couleurs et motifs des pierres varient d&rsquo;un bijou \u00e0 un autre<br \/>D\u00e9lai de confection environ 30 jours<\/strong><\/td>\n<\/tr>\n<tr>\n<td style=\"texte-align: left; color: blue; border: none;\"><a style=\"color: #a15fe2;\" href=\"https:\/\/lescreationsde.celineinmyworldmedium.com\/index.php\/mesurer-son-tour-de-poignet-pour-bracelets\/\" target=\"_blank\" rel=\"noopener\"><strong>Comment mesurer son tour de poignet<\/strong><\/a><\/td>\n<\/tr>\n<\/tbody>\n<\/table>\n","protected":false},"featured_media":1494,"comment_status":"open","ping_status":"closed","template":"","meta":[],"product_brand":[],"product_cat":[31,601,52,574],"product_tag":[152,106,42,44,38,47,43,41,40,39,577,23,25,575,36,34,26,37,35,16,24,45,17,33,576,334,32,27,22,28,149],"class_list":{"0":"post-1492","1":"product","2":"type-product","3":"status-publish","4":"has-post-thumbnail","6":"product_cat-bracelets","7":"product_cat-bronzite-pierres","8":"product_cat-jaspe-pierres","9":"product_cat-lepidolite-pierres","10":"product_tag-amour","11":"product_tag-argent","12":"product_tag-bijou","13":"product_tag-bijou-energetique","14":"product_tag-bijoux","15":"product_tag-bijoux-anti-allergies","16":"product_tag-bijoux-energetiques","17":"product_tag-bijoux-fait-main","18":"product_tag-bijoux-personnalises","19":"product_tag-bijoux-sur-mesure","20":"product_tag-bonzite","21":"product_tag-boucles-doreilles","22":"product_tag-bracelet","23":"product_tag-bracelet-anti-stress-pour-la-serenite-interieure-avec-symbole-aum","24":"product_tag-bracelet-femme","25":"product_tag-bracelet-homme","26":"product_tag-bracelets","27":"product_tag-bracelets-femme","28":"product_tag-bracelets-homme","29":"product_tag-collier","30":"product_tag-collier-femme","31":"product_tag-collier-personnalise","32":"product_tag-colliers","33":"product_tag-energetique","34":"product_tag-jaspe","35":"product_tag-lepidolite","36":"product_tag-lithotherapie","37":"product_tag-pierre","38":"product_tag-pierre-semi-precieuse","39":"product_tag-pierres-naturelles","40":"product_tag-protection","42":"first","43":"instock","44":"shipping-taxable","45":"purchasable","46":"product-type-variable"},"yoast_head":"<!-- This site is optimized with the Yoast SEO plugin v27.2 - https:\/\/yoast.com\/product\/yoast-seo-wordpress\/ -->\n<title>Bracelet anti-stress pour la s\u00e9r\u00e9nit\u00e9 int\u00e9rieure avec symbole Aum.<\/title>\n<meta name=\"description\" content=\"S\u00e9r\u00e9nit\u00e9 int\u00e9rieure. Procure \u00e9lan et en m\u00eame temps du calme int\u00e9rieur ainsi qu\u2019une sensation de r\u00e9cup\u00e9ration en cas de grande fatigue.\" \/>\n<meta name=\"robots\" content=\"index, follow, max-snippet:-1, max-image-preview:large, max-video-preview:-1\" \/>\n<link rel=\"canonical\" href=\"https:\/\/lescreationsde.celineinmyworldmedium.com\/index.php\/produit\/bracelet-anti-stress-pour-la-serenite-interieure-avec-symbole-aum\/\" \/>\n<meta property=\"og:locale\" content=\"fr_FR\" \/>\n<meta property=\"og:type\" content=\"article\" \/>\n<meta property=\"og:title\" content=\"Bracelet anti-stress pour la s\u00e9r\u00e9nit\u00e9 int\u00e9rieure avec symbole Aum.\" \/>\n<meta property=\"og:description\" content=\"S\u00e9r\u00e9nit\u00e9 int\u00e9rieure. Procure \u00e9lan et en m\u00eame temps du calme int\u00e9rieur ainsi qu\u2019une sensation de r\u00e9cup\u00e9ration en cas de grande fatigue.\" \/>\n<meta property=\"og:url\" content=\"https:\/\/lescreationsde.celineinmyworldmedium.com\/index.php\/produit\/bracelet-anti-stress-pour-la-serenite-interieure-avec-symbole-aum\/\" \/>\n<meta property=\"og:site_name\" content=\"Les cr\u00e9ations de C\u00e9line Inmyworld\" \/>\n<meta property=\"article:modified_time\" content=\"2024-03-10T22:51:43+00:00\" \/>\n<meta property=\"og:image\" content=\"https:\/\/lescreationsde.celineinmyworldmedium.com\/wp-content\/uploads\/2021\/03\/Bracelet_anti-stress_pour_la_serenite_interieure_en_Lepidolite_Bronzite_et_Jaspe_brun-beige_avec_symbole_Aum.jpg\" \/>\n\t<meta property=\"og:image:width\" content=\"1080\" \/>\n\t<meta property=\"og:image:height\" content=\"1080\" \/>\n\t<meta property=\"og:image:type\" content=\"image\/jpeg\" \/>\n<meta name=\"twitter:card\" content=\"summary_large_image\" \/>\n<meta name=\"twitter:label1\" content=\"Dur\u00e9e de lecture estim\u00e9e\" \/>\n\t<meta name=\"twitter:data1\" content=\"2 minutes\" \/>\n<script type=\"application\/ld+json\" class=\"yoast-schema-graph\">{\"@context\":\"https:\/\/schema.org\",\"@graph\":[{\"@type\":\"WebPage\",\"@id\":\"https:\/\/lescreationsde.celineinmyworldmedium.com\/index.php\/produit\/bracelet-anti-stress-pour-la-serenite-interieure-avec-symbole-aum\/\",\"url\":\"https:\/\/lescreationsde.celineinmyworldmedium.com\/index.php\/produit\/bracelet-anti-stress-pour-la-serenite-interieure-avec-symbole-aum\/\",\"name\":\"Bracelet anti-stress pour la s\u00e9r\u00e9nit\u00e9 int\u00e9rieure avec symbole Aum.\",\"isPartOf\":{\"@id\":\"https:\/\/lescreationsde.celineinmyworldmedium.com\/#website\"},\"primaryImageOfPage\":{\"@id\":\"https:\/\/lescreationsde.celineinmyworldmedium.com\/index.php\/produit\/bracelet-anti-stress-pour-la-serenite-interieure-avec-symbole-aum\/#primaryimage\"},\"image\":{\"@id\":\"https:\/\/lescreationsde.celineinmyworldmedium.com\/index.php\/produit\/bracelet-anti-stress-pour-la-serenite-interieure-avec-symbole-aum\/#primaryimage\"},\"thumbnailUrl\":\"https:\/\/lescreationsde.celineinmyworldmedium.com\/wp-content\/uploads\/2021\/03\/Bracelet_anti-stress_pour_la_serenite_interieure_en_Lepidolite_Bronzite_et_Jaspe_brun-beige_avec_symbole_Aum.jpg\",\"datePublished\":\"2021-03-01T21:41:05+00:00\",\"dateModified\":\"2024-03-10T22:51:43+00:00\",\"description\":\"S\u00e9r\u00e9nit\u00e9 int\u00e9rieure. Procure \u00e9lan et en m\u00eame temps du calme int\u00e9rieur ainsi qu\u2019une sensation de r\u00e9cup\u00e9ration en cas de grande fatigue.\",\"breadcrumb\":{\"@id\":\"https:\/\/lescreationsde.celineinmyworldmedium.com\/index.php\/produit\/bracelet-anti-stress-pour-la-serenite-interieure-avec-symbole-aum\/#breadcrumb\"},\"inLanguage\":\"fr-FR\",\"potentialAction\":[{\"@type\":\"ReadAction\",\"target\":[\"https:\/\/lescreationsde.celineinmyworldmedium.com\/index.php\/produit\/bracelet-anti-stress-pour-la-serenite-interieure-avec-symbole-aum\/\"]}]},{\"@type\":\"ImageObject\",\"inLanguage\":\"fr-FR\",\"@id\":\"https:\/\/lescreationsde.celineinmyworldmedium.com\/index.php\/produit\/bracelet-anti-stress-pour-la-serenite-interieure-avec-symbole-aum\/#primaryimage\",\"url\":\"https:\/\/lescreationsde.celineinmyworldmedium.com\/wp-content\/uploads\/2021\/03\/Bracelet_anti-stress_pour_la_serenite_interieure_en_Lepidolite_Bronzite_et_Jaspe_brun-beige_avec_symbole_Aum.jpg\",\"contentUrl\":\"https:\/\/lescreationsde.celineinmyworldmedium.com\/wp-content\/uploads\/2021\/03\/Bracelet_anti-stress_pour_la_serenite_interieure_en_Lepidolite_Bronzite_et_Jaspe_brun-beige_avec_symbole_Aum.jpg\",\"width\":1080,\"height\":1080,\"caption\":\"Bracelet anti-stress pour la s\u00e9r\u00e9nit\u00e9 int\u00e9rieure, en L\u00e9pidolite, Bronzite et Jaspe brun-beige avec symbole Aum.\"},{\"@type\":\"BreadcrumbList\",\"@id\":\"https:\/\/lescreationsde.celineinmyworldmedium.com\/index.php\/produit\/bracelet-anti-stress-pour-la-serenite-interieure-avec-symbole-aum\/#breadcrumb\",\"itemListElement\":[{\"@type\":\"ListItem\",\"position\":1,\"name\":\"Accueil\",\"item\":\"https:\/\/lescreationsde.celineinmyworldmedium.com\/\"},{\"@type\":\"ListItem\",\"position\":2,\"name\":\"Produits\",\"item\":\"https:\/\/lescreationsde.celineinmyworldmedium.com\/index.php\/boutique\/\"},{\"@type\":\"ListItem\",\"position\":3,\"name\":\"Bracelet anti-stress pour la s\u00e9r\u00e9nit\u00e9 int\u00e9rieure avec symbole Aum.\"}]},{\"@type\":\"WebSite\",\"@id\":\"https:\/\/lescreationsde.celineinmyworldmedium.com\/#website\",\"url\":\"https:\/\/lescreationsde.celineinmyworldmedium.com\/\",\"name\":\"Les cr\u00e9ations de C\u00e9line Inmyworld\",\"description\":\"Cr\u00e9ation de bijoux personnalis\u00e9s, sur-mesure, en pierres semi-pr\u00e9cieuses de qualit\u00e9. Bracelets, boucles d&#039;oreilles, colliers, sautoirs, malas, cha\u00eenes de cheville, bagues...\u2764\",\"publisher\":{\"@id\":\"https:\/\/lescreationsde.celineinmyworldmedium.com\/#organization\"},\"potentialAction\":[{\"@type\":\"SearchAction\",\"target\":{\"@type\":\"EntryPoint\",\"urlTemplate\":\"https:\/\/lescreationsde.celineinmyworldmedium.com\/?s={search_term_string}\"},\"query-input\":{\"@type\":\"PropertyValueSpecification\",\"valueRequired\":true,\"valueName\":\"search_term_string\"}}],\"inLanguage\":\"fr-FR\"},{\"@type\":\"Organization\",\"@id\":\"https:\/\/lescreationsde.celineinmyworldmedium.com\/#organization\",\"name\":\"Les cr\u00e9ations de C\u00e9line Inmyworld\",\"url\":\"https:\/\/lescreationsde.celineinmyworldmedium.com\/\",\"logo\":{\"@type\":\"ImageObject\",\"inLanguage\":\"fr-FR\",\"@id\":\"https:\/\/lescreationsde.celineinmyworldmedium.com\/#\/schema\/logo\/image\/\",\"url\":\"https:\/\/lescreationsde.celineinmyworldmedium.com\/wp-content\/uploads\/2021\/03\/logo_creations3.png\",\"contentUrl\":\"https:\/\/lescreationsde.celineinmyworldmedium.com\/wp-content\/uploads\/2021\/03\/logo_creations3.png\",\"width\":613,\"height\":190,\"caption\":\"Les cr\u00e9ations de C\u00e9line Inmyworld\"},\"image\":{\"@id\":\"https:\/\/lescreationsde.celineinmyworldmedium.com\/#\/schema\/logo\/image\/\"}}]}<\/script>\n<!-- \/ Yoast SEO plugin. -->","yoast_head_json":{"title":"Bracelet anti-stress pour la s\u00e9r\u00e9nit\u00e9 int\u00e9rieure avec symbole Aum.","description":"S\u00e9r\u00e9nit\u00e9 int\u00e9rieure. Procure \u00e9lan et en m\u00eame temps du calme int\u00e9rieur ainsi qu\u2019une sensation de r\u00e9cup\u00e9ration en cas de grande fatigue.","robots":{"index":"index","follow":"follow","max-snippet":"max-snippet:-1","max-image-preview":"max-image-preview:large","max-video-preview":"max-video-preview:-1"},"canonical":"https:\/\/lescreationsde.celineinmyworldmedium.com\/index.php\/produit\/bracelet-anti-stress-pour-la-serenite-interieure-avec-symbole-aum\/","og_locale":"fr_FR","og_type":"article","og_title":"Bracelet anti-stress pour la s\u00e9r\u00e9nit\u00e9 int\u00e9rieure avec symbole Aum.","og_description":"S\u00e9r\u00e9nit\u00e9 int\u00e9rieure. Procure \u00e9lan et en m\u00eame temps du calme int\u00e9rieur ainsi qu\u2019une sensation de r\u00e9cup\u00e9ration en cas de grande fatigue.","og_url":"https:\/\/lescreationsde.celineinmyworldmedium.com\/index.php\/produit\/bracelet-anti-stress-pour-la-serenite-interieure-avec-symbole-aum\/","og_site_name":"Les cr\u00e9ations de C\u00e9line Inmyworld","article_modified_time":"2024-03-10T22:51:43+00:00","og_image":[{"width":1080,"height":1080,"url":"https:\/\/lescreationsde.celineinmyworldmedium.com\/wp-content\/uploads\/2021\/03\/Bracelet_anti-stress_pour_la_serenite_interieure_en_Lepidolite_Bronzite_et_Jaspe_brun-beige_avec_symbole_Aum.jpg","type":"image\/jpeg"}],"twitter_card":"summary_large_image","twitter_misc":{"Dur\u00e9e de lecture estim\u00e9e":"2 minutes"},"schema":{"@context":"https:\/\/schema.org","@graph":[{"@type":"WebPage","@id":"https:\/\/lescreationsde.celineinmyworldmedium.com\/index.php\/produit\/bracelet-anti-stress-pour-la-serenite-interieure-avec-symbole-aum\/","url":"https:\/\/lescreationsde.celineinmyworldmedium.com\/index.php\/produit\/bracelet-anti-stress-pour-la-serenite-interieure-avec-symbole-aum\/","name":"Bracelet anti-stress pour la s\u00e9r\u00e9nit\u00e9 int\u00e9rieure avec symbole Aum.","isPartOf":{"@id":"https:\/\/lescreationsde.celineinmyworldmedium.com\/#website"},"primaryImageOfPage":{"@id":"https:\/\/lescreationsde.celineinmyworldmedium.com\/index.php\/produit\/bracelet-anti-stress-pour-la-serenite-interieure-avec-symbole-aum\/#primaryimage"},"image":{"@id":"https:\/\/lescreationsde.celineinmyworldmedium.com\/index.php\/produit\/bracelet-anti-stress-pour-la-serenite-interieure-avec-symbole-aum\/#primaryimage"},"thumbnailUrl":"https:\/\/lescreationsde.celineinmyworldmedium.com\/wp-content\/uploads\/2021\/03\/Bracelet_anti-stress_pour_la_serenite_interieure_en_Lepidolite_Bronzite_et_Jaspe_brun-beige_avec_symbole_Aum.jpg","datePublished":"2021-03-01T21:41:05+00:00","dateModified":"2024-03-10T22:51:43+00:00","description":"S\u00e9r\u00e9nit\u00e9 int\u00e9rieure. Procure \u00e9lan et en m\u00eame temps du calme int\u00e9rieur ainsi qu\u2019une sensation de r\u00e9cup\u00e9ration en cas de grande fatigue.","breadcrumb":{"@id":"https:\/\/lescreationsde.celineinmyworldmedium.com\/index.php\/produit\/bracelet-anti-stress-pour-la-serenite-interieure-avec-symbole-aum\/#breadcrumb"},"inLanguage":"fr-FR","potentialAction":[{"@type":"ReadAction","target":["https:\/\/lescreationsde.celineinmyworldmedium.com\/index.php\/produit\/bracelet-anti-stress-pour-la-serenite-interieure-avec-symbole-aum\/"]}]},{"@type":"ImageObject","inLanguage":"fr-FR","@id":"https:\/\/lescreationsde.celineinmyworldmedium.com\/index.php\/produit\/bracelet-anti-stress-pour-la-serenite-interieure-avec-symbole-aum\/#primaryimage","url":"https:\/\/lescreationsde.celineinmyworldmedium.com\/wp-content\/uploads\/2021\/03\/Bracelet_anti-stress_pour_la_serenite_interieure_en_Lepidolite_Bronzite_et_Jaspe_brun-beige_avec_symbole_Aum.jpg","contentUrl":"https:\/\/lescreationsde.celineinmyworldmedium.com\/wp-content\/uploads\/2021\/03\/Bracelet_anti-stress_pour_la_serenite_interieure_en_Lepidolite_Bronzite_et_Jaspe_brun-beige_avec_symbole_Aum.jpg","width":1080,"height":1080,"caption":"Bracelet anti-stress pour la s\u00e9r\u00e9nit\u00e9 int\u00e9rieure, en L\u00e9pidolite, Bronzite et Jaspe brun-beige avec symbole Aum."},{"@type":"BreadcrumbList","@id":"https:\/\/lescreationsde.celineinmyworldmedium.com\/index.php\/produit\/bracelet-anti-stress-pour-la-serenite-interieure-avec-symbole-aum\/#breadcrumb","itemListElement":[{"@type":"ListItem","position":1,"name":"Accueil","item":"https:\/\/lescreationsde.celineinmyworldmedium.com\/"},{"@type":"ListItem","position":2,"name":"Produits","item":"https:\/\/lescreationsde.celineinmyworldmedium.com\/index.php\/boutique\/"},{"@type":"ListItem","position":3,"name":"Bracelet anti-stress pour la s\u00e9r\u00e9nit\u00e9 int\u00e9rieure avec symbole Aum."}]},{"@type":"WebSite","@id":"https:\/\/lescreationsde.celineinmyworldmedium.com\/#website","url":"https:\/\/lescreationsde.celineinmyworldmedium.com\/","name":"Les cr\u00e9ations de C\u00e9line Inmyworld","description":"Cr\u00e9ation de bijoux personnalis\u00e9s, sur-mesure, en pierres semi-pr\u00e9cieuses de qualit\u00e9. Bracelets, boucles d&#039;oreilles, colliers, sautoirs, malas, cha\u00eenes de cheville, bagues...\u2764","publisher":{"@id":"https:\/\/lescreationsde.celineinmyworldmedium.com\/#organization"},"potentialAction":[{"@type":"SearchAction","target":{"@type":"EntryPoint","urlTemplate":"https:\/\/lescreationsde.celineinmyworldmedium.com\/?s={search_term_string}"},"query-input":{"@type":"PropertyValueSpecification","valueRequired":true,"valueName":"search_term_string"}}],"inLanguage":"fr-FR"},{"@type":"Organization","@id":"https:\/\/lescreationsde.celineinmyworldmedium.com\/#organization","name":"Les cr\u00e9ations de C\u00e9line Inmyworld","url":"https:\/\/lescreationsde.celineinmyworldmedium.com\/","logo":{"@type":"ImageObject","inLanguage":"fr-FR","@id":"https:\/\/lescreationsde.celineinmyworldmedium.com\/#\/schema\/logo\/image\/","url":"https:\/\/lescreationsde.celineinmyworldmedium.com\/wp-content\/uploads\/2021\/03\/logo_creations3.png","contentUrl":"https:\/\/lescreationsde.celineinmyworldmedium.com\/wp-content\/uploads\/2021\/03\/logo_creations3.png","width":613,"height":190,"caption":"Les cr\u00e9ations de C\u00e9line Inmyworld"},"image":{"@id":"https:\/\/lescreationsde.celineinmyworldmedium.com\/#\/schema\/logo\/image\/"}}]}},"jetpack_sharing_enabled":true,"_links":{"self":[{"href":"https:\/\/lescreationsde.celineinmyworldmedium.com\/index.php\/wp-json\/wp\/v2\/product\/1492","targetHints":{"allow":["GET"]}}],"collection":[{"href":"https:\/\/lescreationsde.celineinmyworldmedium.com\/index.php\/wp-json\/wp\/v2\/product"}],"about":[{"href":"https:\/\/lescreationsde.celineinmyworldmedium.com\/index.php\/wp-json\/wp\/v2\/types\/product"}],"replies":[{"embeddable":true,"href":"https:\/\/lescreationsde.celineinmyworldmedium.com\/index.php\/wp-json\/wp\/v2\/comments?post=1492"}],"wp:featuredmedia":[{"embeddable":true,"href":"https:\/\/lescreationsde.celineinmyworldmedium.com\/index.php\/wp-json\/wp\/v2\/media\/1494"}],"wp:attachment":[{"href":"https:\/\/lescreationsde.celineinmyworldmedium.com\/index.php\/wp-json\/wp\/v2\/media?parent=1492"}],"wp:term":[{"taxonomy":"product_brand","embeddable":true,"href":"https:\/\/lescreationsde.celineinmyworldmedium.com\/index.php\/wp-json\/wp\/v2\/product_brand?post=1492"},{"taxonomy":"product_cat","embeddable":true,"href":"https:\/\/lescreationsde.celineinmyworldmedium.com\/index.php\/wp-json\/wp\/v2\/product_cat?post=1492"},{"taxonomy":"product_tag","embeddable":true,"href":"https:\/\/lescreationsde.celineinmyworldmedium.com\/index.php\/wp-json\/wp\/v2\/product_tag?post=1492"}],"curies":[{"name":"wp","href":"https:\/\/api.w.org\/{rel}","templated":true}]}}