{"id":1373,"date":"2021-01-06T16:56:31","date_gmt":"2021-01-06T15:56:31","guid":{"rendered":"https:\/\/lescreationsde.celineinmyworldmedium.com\/?post_type=product&#038;p=1373"},"modified":"2024-03-10T23:53:45","modified_gmt":"2024-03-10T22:53:45","slug":"bracelet-en-lapis-lazuli-et-amethyste-avec-pentacle","status":"publish","type":"product","link":"https:\/\/lescreationsde.celineinmyworldmedium.com\/index.php\/produit\/bracelet-en-lapis-lazuli-et-amethyste-avec-pentacle\/","title":{"rendered":"Bracelet en Lapis-Lazuli et Am\u00e9thyste avec pentacle"},"content":{"rendered":"<h4><strong>1 &#8211; Les vertus de l&rsquo;am\u00e9thyste claire :<\/strong><\/h4>\n<p>Domaine <strong>spirituel<\/strong>, celui de l\u2019\u00eatre humain avec ses intentions, ses buts ou ses pr\u00e9occupations existentielles :<\/p>\n<p><strong>Paix, spiritualit\u00e9, clarification, m\u00e9ditation.<\/strong><\/p>\n<p>Domaine de <strong>l\u2019\u00e2me<\/strong> ou du subconscient, ainsi que les notions de temp\u00e9rament, de sentiments, de sensations, de r\u00eaves, de v\u00e9cu sur le plan animique, d\u2019habitudes et de r\u00e9actions inconscientes :<\/p>\n<p><strong>Pour l&rsquo;intuition, pour faire de beaux r\u00eaves parfaitement clairs, am\u00e9liore le sommeil agit\u00e9.<\/strong><\/p>\n<p>Domaine <strong>mental<\/strong> avec les id\u00e9es, la raison, les convictions, les consid\u00e9rations, ainsi que le mode de pens\u00e9e et d\u2019action consciente :<\/p>\n<p><strong>Favorise la perception consciente, et l&rsquo;assimilation des exp\u00e9riences.<\/strong><\/p>\n<p>Domaine <strong>physique<\/strong> ou corporel, l\u2019ensemble de l\u2019organisme avec les sens, les organes et les fonctions :<\/p>\n<p><strong>Excellente contre les maux de t\u00eate, pour les poumons, la peau et les nerfs.<\/strong><\/p>\n<h4>2 &#8211; Les vertus de lapis-lazuli avec calcite :<\/h4>\n<p>Domaine <strong>spirituel<\/strong>, celui de l\u2019\u00eatre humain avec ses intentions, ses buts ou ses pr\u00e9occupations existentielles :<\/p>\n<p><strong>Responsabilit\u00e9 pour soi-m\u00eame.<\/strong><\/p>\n<p>Domaine de <strong>l\u2019\u00e2me<\/strong> ou du subconscient, ainsi que les notions de temp\u00e9rament, de sentiments, de sensations, de r\u00eaves, de v\u00e9cu sur le plan animique, d\u2019habitudes et de r\u00e9actions inconscientes :<\/p>\n<p><strong>Favorise l&rsquo;authenticit\u00e9 et permet de conqu\u00e9rir la ma\u00eetrise de sa propre vie.<\/strong><\/p>\n<p>Domaine <strong>mental<\/strong> avec les id\u00e9es, la raison, les convictions, les consid\u00e9rations, ainsi que le mode de pens\u00e9e et d\u2019action consciente :<\/p>\n<p><strong>Favorise le discernement et l&rsquo;intelligence, aide \u00e0 communiquer avec les autres.<\/strong><\/p>\n<p>Domaine <strong>physique<\/strong> ou corporel, l\u2019ensemble de l\u2019organisme avec les sens, les organes et les fonctions :<\/p>\n<p><strong>Antipyr\u00e9tique et hypotenseur, ralentit le cycle menstruel.<\/strong><\/p>\n<p><em><strong>Le pentacle :<\/strong><\/em><br \/>\n<em>Ce symbole spirituel en forme d\u2019\u00e9toile \u00e0 cinq branches est consid\u00e9r\u00e9 comme la repr\u00e9sentation des cinq \u00e9l\u00e9ments : le feu, l\u2019air, l\u2019eau, la terre et l\u2019esprit.<br \/>\nParmi les symboles \u00e9sot\u00e9riques, le pentacle a \u00e9t\u00e9 l\u2019un des embl\u00e8mes les plus persistants et les plus puissants de notre histoire.\u00a0 Les \u00c9gyptiens, Grecs, Babyloniens, Chinois, Indiens ou Mayas le v\u00e9n\u00e9r\u00e8rent. Ainsi que toutes les cultures anciennes et les peuples, quel qu\u2019ils soient.<br \/>\nOn consid\u00e8re que l\u2019ic\u00f4ne mystique contient plusieurs interpr\u00e9tations symboliques : La vie, l\u2019amour, la lumi\u00e8re, l\u2019unit\u00e9, et bien d\u2019autres. Le pentacle a toujours \u00e9t\u00e9 associ\u00e9 aux pouvoirs protecteurs divins et \u00e9tait utilis\u00e9 pour se prot\u00e9ger des forces du mal, des d\u00e9mons, de la magie noire.<\/em><\/p>\n","protected":false},"excerpt":{"rendered":"<table>\n<tbody>\n<tr>\n<td style=\"texte-align: left; color: gray; border: none;\"><strong>Hors frais d&rsquo;exp\u00e9dition<\/strong><\/td>\n<\/tr>\n<tr>\n<td style=\"texte-align: left; color: gray; border: none;\"><strong>Bijoux confectionn\u00e9s sur-mesure, sur commande<br \/>Les couleurs et motifs des pierres varient d&rsquo;un bijou \u00e0 un autre<br \/>D\u00e9lai de confection environ 30 jours<\/strong><\/td>\n<\/tr>\n<tr>\n<td style=\"texte-align: left; color: blue; border: none;\"><a style=\"color: #a15fe2;\" href=\"https:\/\/lescreationsde.celineinmyworldmedium.com\/index.php\/mesurer-son-tour-de-poignet-pour-bracelets\/\" target=\"_blank\" rel=\"noopener\"><strong>Comment mesurer son tour de poignet<\/strong><\/a><\/td>\n<\/tr>\n<\/tbody>\n<\/table>\n","protected":false},"featured_media":1375,"comment_status":"open","ping_status":"closed","template":"","meta":[],"product_brand":[],"product_cat":[31,67,465],"product_tag":[106,42,44,38,47,43,41,40,39,23,25,467,36,34,26,37,35,16,24,45,17,33,32,27,22,28],"class_list":{"0":"post-1373","1":"product","2":"type-product","3":"status-publish","4":"has-post-thumbnail","6":"product_cat-bracelets","7":"product_cat-amethyste-pierres","8":"product_cat-lapis-lazuli-pierres","9":"product_tag-argent","10":"product_tag-bijou","11":"product_tag-bijou-energetique","12":"product_tag-bijoux","13":"product_tag-bijoux-anti-allergies","14":"product_tag-bijoux-energetiques","15":"product_tag-bijoux-fait-main","16":"product_tag-bijoux-personnalises","17":"product_tag-bijoux-sur-mesure","18":"product_tag-boucles-doreilles","19":"product_tag-bracelet","20":"product_tag-bracelet-en-lapis-lazulis-et-amethyste-avec-pentacle","21":"product_tag-bracelet-femme","22":"product_tag-bracelet-homme","23":"product_tag-bracelets","24":"product_tag-bracelets-femme","25":"product_tag-bracelets-homme","26":"product_tag-collier","27":"product_tag-collier-femme","28":"product_tag-collier-personnalise","29":"product_tag-colliers","30":"product_tag-energetique","31":"product_tag-lithotherapie","32":"product_tag-pierre","33":"product_tag-pierre-semi-precieuse","34":"product_tag-pierres-naturelles","36":"first","37":"instock","38":"shipping-taxable","39":"purchasable","40":"product-type-variable"},"yoast_head":"<!-- This site is optimized with the Yoast SEO plugin v27.2 - https:\/\/yoast.com\/product\/yoast-seo-wordpress\/ -->\n<title>Bracelet en Lapis-Lazuli et Am\u00e9thyste avec pentacle - Clairvoyance<\/title>\n<meta name=\"description\" content=\"Clairvoyance, pr\u00e9voyance. Aide en cas de troubles de la gorge, du larynx, des cordes vocales, des nerfs et du cerveau, r\u00e9gule la thyro\u00efde.\" \/>\n<meta name=\"robots\" content=\"index, follow, max-snippet:-1, max-image-preview:large, max-video-preview:-1\" \/>\n<link rel=\"canonical\" href=\"https:\/\/lescreationsde.celineinmyworldmedium.com\/index.php\/produit\/bracelet-en-lapis-lazuli-et-amethyste-avec-pentacle\/\" \/>\n<meta property=\"og:locale\" content=\"fr_FR\" \/>\n<meta property=\"og:type\" content=\"article\" \/>\n<meta property=\"og:title\" content=\"Bracelet en Lapis-Lazuli et Am\u00e9thyste avec pentacle - Clairvoyance\" \/>\n<meta property=\"og:description\" content=\"Clairvoyance, pr\u00e9voyance. Aide en cas de troubles de la gorge, du larynx, des cordes vocales, des nerfs et du cerveau, r\u00e9gule la thyro\u00efde.\" \/>\n<meta property=\"og:url\" content=\"https:\/\/lescreationsde.celineinmyworldmedium.com\/index.php\/produit\/bracelet-en-lapis-lazuli-et-amethyste-avec-pentacle\/\" \/>\n<meta property=\"og:site_name\" content=\"Les cr\u00e9ations de C\u00e9line Inmyworld\" \/>\n<meta property=\"article:modified_time\" content=\"2024-03-10T22:53:45+00:00\" \/>\n<meta property=\"og:image\" content=\"https:\/\/lescreationsde.celineinmyworldmedium.com\/wp-content\/uploads\/2021\/01\/bracelet_en_lapis-lazulis_et_amethyste_avec_pentacle.jpg\" \/>\n\t<meta property=\"og:image:width\" content=\"1079\" \/>\n\t<meta property=\"og:image:height\" content=\"1079\" \/>\n\t<meta property=\"og:image:type\" content=\"image\/jpeg\" \/>\n<meta name=\"twitter:card\" content=\"summary_large_image\" \/>\n<meta name=\"twitter:label1\" content=\"Dur\u00e9e de lecture estim\u00e9e\" \/>\n\t<meta name=\"twitter:data1\" content=\"2 minutes\" \/>\n<script type=\"application\/ld+json\" class=\"yoast-schema-graph\">{\"@context\":\"https:\/\/schema.org\",\"@graph\":[{\"@type\":\"WebPage\",\"@id\":\"https:\/\/lescreationsde.celineinmyworldmedium.com\/index.php\/produit\/bracelet-en-lapis-lazuli-et-amethyste-avec-pentacle\/\",\"url\":\"https:\/\/lescreationsde.celineinmyworldmedium.com\/index.php\/produit\/bracelet-en-lapis-lazuli-et-amethyste-avec-pentacle\/\",\"name\":\"Bracelet en Lapis-Lazuli et Am\u00e9thyste avec pentacle - Clairvoyance\",\"isPartOf\":{\"@id\":\"https:\/\/lescreationsde.celineinmyworldmedium.com\/#website\"},\"primaryImageOfPage\":{\"@id\":\"https:\/\/lescreationsde.celineinmyworldmedium.com\/index.php\/produit\/bracelet-en-lapis-lazuli-et-amethyste-avec-pentacle\/#primaryimage\"},\"image\":{\"@id\":\"https:\/\/lescreationsde.celineinmyworldmedium.com\/index.php\/produit\/bracelet-en-lapis-lazuli-et-amethyste-avec-pentacle\/#primaryimage\"},\"thumbnailUrl\":\"https:\/\/lescreationsde.celineinmyworldmedium.com\/wp-content\/uploads\/2021\/01\/bracelet_en_lapis-lazulis_et_amethyste_avec_pentacle.jpg\",\"datePublished\":\"2021-01-06T15:56:31+00:00\",\"dateModified\":\"2024-03-10T22:53:45+00:00\",\"description\":\"Clairvoyance, pr\u00e9voyance. Aide en cas de troubles de la gorge, du larynx, des cordes vocales, des nerfs et du cerveau, r\u00e9gule la thyro\u00efde.\",\"breadcrumb\":{\"@id\":\"https:\/\/lescreationsde.celineinmyworldmedium.com\/index.php\/produit\/bracelet-en-lapis-lazuli-et-amethyste-avec-pentacle\/#breadcrumb\"},\"inLanguage\":\"fr-FR\",\"potentialAction\":[{\"@type\":\"ReadAction\",\"target\":[\"https:\/\/lescreationsde.celineinmyworldmedium.com\/index.php\/produit\/bracelet-en-lapis-lazuli-et-amethyste-avec-pentacle\/\"]}]},{\"@type\":\"ImageObject\",\"inLanguage\":\"fr-FR\",\"@id\":\"https:\/\/lescreationsde.celineinmyworldmedium.com\/index.php\/produit\/bracelet-en-lapis-lazuli-et-amethyste-avec-pentacle\/#primaryimage\",\"url\":\"https:\/\/lescreationsde.celineinmyworldmedium.com\/wp-content\/uploads\/2021\/01\/bracelet_en_lapis-lazulis_et_amethyste_avec_pentacle.jpg\",\"contentUrl\":\"https:\/\/lescreationsde.celineinmyworldmedium.com\/wp-content\/uploads\/2021\/01\/bracelet_en_lapis-lazulis_et_amethyste_avec_pentacle.jpg\",\"width\":1079,\"height\":1079,\"caption\":\"Bracelet en Lapis-Lazulis et Am\u00e9thyste avec pentacle\"},{\"@type\":\"BreadcrumbList\",\"@id\":\"https:\/\/lescreationsde.celineinmyworldmedium.com\/index.php\/produit\/bracelet-en-lapis-lazuli-et-amethyste-avec-pentacle\/#breadcrumb\",\"itemListElement\":[{\"@type\":\"ListItem\",\"position\":1,\"name\":\"Accueil\",\"item\":\"https:\/\/lescreationsde.celineinmyworldmedium.com\/\"},{\"@type\":\"ListItem\",\"position\":2,\"name\":\"Produits\",\"item\":\"https:\/\/lescreationsde.celineinmyworldmedium.com\/index.php\/boutique\/\"},{\"@type\":\"ListItem\",\"position\":3,\"name\":\"Bracelet en Lapis-Lazuli et Am\u00e9thyste avec pentacle\"}]},{\"@type\":\"WebSite\",\"@id\":\"https:\/\/lescreationsde.celineinmyworldmedium.com\/#website\",\"url\":\"https:\/\/lescreationsde.celineinmyworldmedium.com\/\",\"name\":\"Les cr\u00e9ations de C\u00e9line Inmyworld\",\"description\":\"Cr\u00e9ation de bijoux personnalis\u00e9s, sur-mesure, en pierres semi-pr\u00e9cieuses de qualit\u00e9. Bracelets, boucles d&#039;oreilles, colliers, sautoirs, malas, cha\u00eenes de cheville, bagues...\u2764\",\"publisher\":{\"@id\":\"https:\/\/lescreationsde.celineinmyworldmedium.com\/#organization\"},\"potentialAction\":[{\"@type\":\"SearchAction\",\"target\":{\"@type\":\"EntryPoint\",\"urlTemplate\":\"https:\/\/lescreationsde.celineinmyworldmedium.com\/?s={search_term_string}\"},\"query-input\":{\"@type\":\"PropertyValueSpecification\",\"valueRequired\":true,\"valueName\":\"search_term_string\"}}],\"inLanguage\":\"fr-FR\"},{\"@type\":\"Organization\",\"@id\":\"https:\/\/lescreationsde.celineinmyworldmedium.com\/#organization\",\"name\":\"Les cr\u00e9ations de C\u00e9line Inmyworld\",\"url\":\"https:\/\/lescreationsde.celineinmyworldmedium.com\/\",\"logo\":{\"@type\":\"ImageObject\",\"inLanguage\":\"fr-FR\",\"@id\":\"https:\/\/lescreationsde.celineinmyworldmedium.com\/#\/schema\/logo\/image\/\",\"url\":\"https:\/\/lescreationsde.celineinmyworldmedium.com\/wp-content\/uploads\/2021\/03\/logo_creations3.png\",\"contentUrl\":\"https:\/\/lescreationsde.celineinmyworldmedium.com\/wp-content\/uploads\/2021\/03\/logo_creations3.png\",\"width\":613,\"height\":190,\"caption\":\"Les cr\u00e9ations de C\u00e9line Inmyworld\"},\"image\":{\"@id\":\"https:\/\/lescreationsde.celineinmyworldmedium.com\/#\/schema\/logo\/image\/\"}}]}<\/script>\n<!-- \/ Yoast SEO plugin. -->","yoast_head_json":{"title":"Bracelet en Lapis-Lazuli et Am\u00e9thyste avec pentacle - Clairvoyance","description":"Clairvoyance, pr\u00e9voyance. Aide en cas de troubles de la gorge, du larynx, des cordes vocales, des nerfs et du cerveau, r\u00e9gule la thyro\u00efde.","robots":{"index":"index","follow":"follow","max-snippet":"max-snippet:-1","max-image-preview":"max-image-preview:large","max-video-preview":"max-video-preview:-1"},"canonical":"https:\/\/lescreationsde.celineinmyworldmedium.com\/index.php\/produit\/bracelet-en-lapis-lazuli-et-amethyste-avec-pentacle\/","og_locale":"fr_FR","og_type":"article","og_title":"Bracelet en Lapis-Lazuli et Am\u00e9thyste avec pentacle - Clairvoyance","og_description":"Clairvoyance, pr\u00e9voyance. Aide en cas de troubles de la gorge, du larynx, des cordes vocales, des nerfs et du cerveau, r\u00e9gule la thyro\u00efde.","og_url":"https:\/\/lescreationsde.celineinmyworldmedium.com\/index.php\/produit\/bracelet-en-lapis-lazuli-et-amethyste-avec-pentacle\/","og_site_name":"Les cr\u00e9ations de C\u00e9line Inmyworld","article_modified_time":"2024-03-10T22:53:45+00:00","og_image":[{"width":1079,"height":1079,"url":"https:\/\/lescreationsde.celineinmyworldmedium.com\/wp-content\/uploads\/2021\/01\/bracelet_en_lapis-lazulis_et_amethyste_avec_pentacle.jpg","type":"image\/jpeg"}],"twitter_card":"summary_large_image","twitter_misc":{"Dur\u00e9e de lecture estim\u00e9e":"2 minutes"},"schema":{"@context":"https:\/\/schema.org","@graph":[{"@type":"WebPage","@id":"https:\/\/lescreationsde.celineinmyworldmedium.com\/index.php\/produit\/bracelet-en-lapis-lazuli-et-amethyste-avec-pentacle\/","url":"https:\/\/lescreationsde.celineinmyworldmedium.com\/index.php\/produit\/bracelet-en-lapis-lazuli-et-amethyste-avec-pentacle\/","name":"Bracelet en Lapis-Lazuli et Am\u00e9thyste avec pentacle - Clairvoyance","isPartOf":{"@id":"https:\/\/lescreationsde.celineinmyworldmedium.com\/#website"},"primaryImageOfPage":{"@id":"https:\/\/lescreationsde.celineinmyworldmedium.com\/index.php\/produit\/bracelet-en-lapis-lazuli-et-amethyste-avec-pentacle\/#primaryimage"},"image":{"@id":"https:\/\/lescreationsde.celineinmyworldmedium.com\/index.php\/produit\/bracelet-en-lapis-lazuli-et-amethyste-avec-pentacle\/#primaryimage"},"thumbnailUrl":"https:\/\/lescreationsde.celineinmyworldmedium.com\/wp-content\/uploads\/2021\/01\/bracelet_en_lapis-lazulis_et_amethyste_avec_pentacle.jpg","datePublished":"2021-01-06T15:56:31+00:00","dateModified":"2024-03-10T22:53:45+00:00","description":"Clairvoyance, pr\u00e9voyance. Aide en cas de troubles de la gorge, du larynx, des cordes vocales, des nerfs et du cerveau, r\u00e9gule la thyro\u00efde.","breadcrumb":{"@id":"https:\/\/lescreationsde.celineinmyworldmedium.com\/index.php\/produit\/bracelet-en-lapis-lazuli-et-amethyste-avec-pentacle\/#breadcrumb"},"inLanguage":"fr-FR","potentialAction":[{"@type":"ReadAction","target":["https:\/\/lescreationsde.celineinmyworldmedium.com\/index.php\/produit\/bracelet-en-lapis-lazuli-et-amethyste-avec-pentacle\/"]}]},{"@type":"ImageObject","inLanguage":"fr-FR","@id":"https:\/\/lescreationsde.celineinmyworldmedium.com\/index.php\/produit\/bracelet-en-lapis-lazuli-et-amethyste-avec-pentacle\/#primaryimage","url":"https:\/\/lescreationsde.celineinmyworldmedium.com\/wp-content\/uploads\/2021\/01\/bracelet_en_lapis-lazulis_et_amethyste_avec_pentacle.jpg","contentUrl":"https:\/\/lescreationsde.celineinmyworldmedium.com\/wp-content\/uploads\/2021\/01\/bracelet_en_lapis-lazulis_et_amethyste_avec_pentacle.jpg","width":1079,"height":1079,"caption":"Bracelet en Lapis-Lazulis et Am\u00e9thyste avec pentacle"},{"@type":"BreadcrumbList","@id":"https:\/\/lescreationsde.celineinmyworldmedium.com\/index.php\/produit\/bracelet-en-lapis-lazuli-et-amethyste-avec-pentacle\/#breadcrumb","itemListElement":[{"@type":"ListItem","position":1,"name":"Accueil","item":"https:\/\/lescreationsde.celineinmyworldmedium.com\/"},{"@type":"ListItem","position":2,"name":"Produits","item":"https:\/\/lescreationsde.celineinmyworldmedium.com\/index.php\/boutique\/"},{"@type":"ListItem","position":3,"name":"Bracelet en Lapis-Lazuli et Am\u00e9thyste avec pentacle"}]},{"@type":"WebSite","@id":"https:\/\/lescreationsde.celineinmyworldmedium.com\/#website","url":"https:\/\/lescreationsde.celineinmyworldmedium.com\/","name":"Les cr\u00e9ations de C\u00e9line Inmyworld","description":"Cr\u00e9ation de bijoux personnalis\u00e9s, sur-mesure, en pierres semi-pr\u00e9cieuses de qualit\u00e9. Bracelets, boucles d&#039;oreilles, colliers, sautoirs, malas, cha\u00eenes de cheville, bagues...\u2764","publisher":{"@id":"https:\/\/lescreationsde.celineinmyworldmedium.com\/#organization"},"potentialAction":[{"@type":"SearchAction","target":{"@type":"EntryPoint","urlTemplate":"https:\/\/lescreationsde.celineinmyworldmedium.com\/?s={search_term_string}"},"query-input":{"@type":"PropertyValueSpecification","valueRequired":true,"valueName":"search_term_string"}}],"inLanguage":"fr-FR"},{"@type":"Organization","@id":"https:\/\/lescreationsde.celineinmyworldmedium.com\/#organization","name":"Les cr\u00e9ations de C\u00e9line Inmyworld","url":"https:\/\/lescreationsde.celineinmyworldmedium.com\/","logo":{"@type":"ImageObject","inLanguage":"fr-FR","@id":"https:\/\/lescreationsde.celineinmyworldmedium.com\/#\/schema\/logo\/image\/","url":"https:\/\/lescreationsde.celineinmyworldmedium.com\/wp-content\/uploads\/2021\/03\/logo_creations3.png","contentUrl":"https:\/\/lescreationsde.celineinmyworldmedium.com\/wp-content\/uploads\/2021\/03\/logo_creations3.png","width":613,"height":190,"caption":"Les cr\u00e9ations de C\u00e9line Inmyworld"},"image":{"@id":"https:\/\/lescreationsde.celineinmyworldmedium.com\/#\/schema\/logo\/image\/"}}]}},"jetpack_sharing_enabled":true,"_links":{"self":[{"href":"https:\/\/lescreationsde.celineinmyworldmedium.com\/index.php\/wp-json\/wp\/v2\/product\/1373","targetHints":{"allow":["GET"]}}],"collection":[{"href":"https:\/\/lescreationsde.celineinmyworldmedium.com\/index.php\/wp-json\/wp\/v2\/product"}],"about":[{"href":"https:\/\/lescreationsde.celineinmyworldmedium.com\/index.php\/wp-json\/wp\/v2\/types\/product"}],"replies":[{"embeddable":true,"href":"https:\/\/lescreationsde.celineinmyworldmedium.com\/index.php\/wp-json\/wp\/v2\/comments?post=1373"}],"wp:featuredmedia":[{"embeddable":true,"href":"https:\/\/lescreationsde.celineinmyworldmedium.com\/index.php\/wp-json\/wp\/v2\/media\/1375"}],"wp:attachment":[{"href":"https:\/\/lescreationsde.celineinmyworldmedium.com\/index.php\/wp-json\/wp\/v2\/media?parent=1373"}],"wp:term":[{"taxonomy":"product_brand","embeddable":true,"href":"https:\/\/lescreationsde.celineinmyworldmedium.com\/index.php\/wp-json\/wp\/v2\/product_brand?post=1373"},{"taxonomy":"product_cat","embeddable":true,"href":"https:\/\/lescreationsde.celineinmyworldmedium.com\/index.php\/wp-json\/wp\/v2\/product_cat?post=1373"},{"taxonomy":"product_tag","embeddable":true,"href":"https:\/\/lescreationsde.celineinmyworldmedium.com\/index.php\/wp-json\/wp\/v2\/product_tag?post=1373"}],"curies":[{"name":"wp","href":"https:\/\/api.w.org\/{rel}","templated":true}]}}