{"id":1176,"date":"2020-12-23T23:18:46","date_gmt":"2020-12-23T22:18:46","guid":{"rendered":"https:\/\/lescreationsde.celineinmyworldmedium.com\/?post_type=product&#038;p=1176"},"modified":"2024-10-11T20:23:45","modified_gmt":"2024-10-11T18:23:45","slug":"quartz-fantome-cristal-de-roche-avec-chlorite","status":"publish","type":"product","link":"https:\/\/lescreationsde.celineinmyworldmedium.com\/index.php\/produit\/quartz-fantome-cristal-de-roche-avec-chlorite\/","title":{"rendered":"Quartz Fant\u00f4me &#8211; Cristal de roche avec chlorite"},"content":{"rendered":"<table style=\"width: 100%;\">\n<tbody>\n<tr>\n<td>Domaine <strong>spirituel<\/strong>, celui de l&rsquo;\u00eatre humain avec ses intentions, ses buts ou ses pr\u00e9occupations existentielles :<\/p>\n<p><strong>Croissance, saut d&rsquo;\u00e9volution.<\/strong><\/p>\n<p>Domaine de <strong>l&rsquo;\u00e2me<\/strong> ou du subconscient, ainsi que les notions de temp\u00e9rament, de sentiments, de sensations, de r\u00eaves, de v\u00e9cu sur le plan animique, d&rsquo;habitudes et de r\u00e9actions inconscientes :<\/p>\n<p><strong>Procure confiance et courage de vivre.<\/strong><\/p>\n<p>Domaine <strong>mental<\/strong> avec les id\u00e9es, la raison, les convictions, les consid\u00e9rations, ainsi que le mode de pens\u00e9e et d&rsquo;action consciente :<\/p>\n<p><strong>Ouvre de nouveaux horizons inattendus et aide \u00e0 d\u00e9velopper des facult\u00e9s insoup\u00e7onn\u00e9es.<\/strong><\/p>\n<p>Domaine <strong>physique<\/strong> ou corporel, l&rsquo;ensemble de l&rsquo;organisme avec les sens, les organes et les fonctions :<\/p>\n<p><strong>Stimule la croissance des enfants, la r\u00e9g\u00e9n\u00e9ration et fortifie le syst\u00e8me immunitaire.<\/strong><\/p>\n<ul>\n<li>Confiance en soi<\/li>\n<li>\u00c9nergie<\/li>\n<li>Bonheur<\/li>\n<li>1er chakra Racine<\/li>\n<li>2\u00e8me chakra Sacr\u00e9<\/li>\n<li>3\u00e8me chakra Plexus solaire<\/li>\n<li>4\u00e8me chakra du C\u0153ur<\/li>\n<li>5\u00e8me chakra de la Gorge<\/li>\n<li>6\u00e8me chakra 3\u00e8me \u0153il<\/li>\n<li>7\u00e8me chakra Couronne<\/li>\n<\/ul>\n<\/td>\n<\/tr>\n<\/tbody>\n<\/table>\n","protected":false},"excerpt":{"rendered":"<table>\n<tbody>\n<tr>\n<td style=\"texte-align: left; color: gray; border: none;\"><strong>Hors frais d&rsquo;exp\u00e9dition<\/strong><\/td>\n<\/tr>\n<tr>\n<td style=\"texte-align: left; color: gray; border: none;\"><strong>Bijoux confectionn\u00e9s sur-mesure, sur commande<br \/>Les couleurs et motifs des pierres varient d&rsquo;un bijou \u00e0 un autre<\/strong><\/td>\n<\/tr>\n<tr>\n<td style=\"texte-align: left; color: blue; border: none;\"><a style=\"color: #a15fe2;\" href=\"https:\/\/lescreationsde.celineinmyworldmedium.com\/index.php\/mesurer-son-tour-de-poignet-pour-bracelets\/\" target=\"_blank\" rel=\"noopener\"><strong>Comment mesurer son tour de poignet<\/strong><\/a><\/td>\n<\/tr>\n<tr>\n<td style=\"texte-align: left; color: green; border: none;\"><a href=\"https:\/\/lescreationsde.celineinmyworldmedium.com\/index.php\/categorie-produit\/catalogue\/accessoires\/separateurs\/\" target=\"_blank\" rel=\"noopener\"><strong>Choix des s\u00e9parateurs<\/strong><\/a><\/td>\n<\/tr>\n<tr>\n<td style=\"texte-align: left; color: green; border: none;\"><a href=\"https:\/\/lescreationsde.celineinmyworldmedium.com\/index.php\/categorie-produit\/catalogue\/accessoires\/belieres\/\" target=\"_blank\" rel=\"noopener\"><strong>Choix des b\u00e9li\u00e8res<\/strong><\/a><\/td>\n<\/tr>\n<tr>\n<td style=\"texte-align: left; color: green; border: none;\"><a href=\"https:\/\/lescreationsde.celineinmyworldmedium.com\/index.php\/categorie-produit\/catalogue\/accessoires\/pendentifs-fantaisie-petits\/\" target=\"_blank\" rel=\"noopener\"><strong>Choix des petits pendentifs<\/strong><\/a><\/td>\n<\/tr>\n<\/tbody>\n<\/table>\n","protected":false},"featured_media":1179,"comment_status":"open","ping_status":"closed","template":"","meta":[],"product_brand":[],"product_cat":[91,256,403],"product_tag":[331,340,325,319,328,329,335,232,277,123,151,23,25,136,86,16,253,161,143,142,157,122,234,116,235,62,398,148,149,404,140,141,233,154],"class_list":{"0":"post-1176","1":"product","2":"type-product","3":"status-publish","4":"has-post-thumbnail","6":"product_cat-pierres-catalogue","7":"product_cat-cristal-de-roche","8":"product_cat-quartz","9":"product_tag-1er-chakra-racine","10":"product_tag-2eme-chakra-sacre","11":"product_tag-3eme-chakra-plexus-solaire","12":"product_tag-4eme-chakra-du-coeur","13":"product_tag-5eme-chakra-de-la-gorge","14":"product_tag-6eme-chakra-3eme-oeil","15":"product_tag-7eme-chakra-couronne","16":"product_tag-ame","17":"product_tag-ancrage","18":"product_tag-bleue","19":"product_tag-bonheur","20":"product_tag-boucles-doreilles","21":"product_tag-bracelet","22":"product_tag-chakra","23":"product_tag-coeur","24":"product_tag-collier","25":"product_tag-confiance-en-soi","26":"product_tag-couronne","27":"product_tag-energie","28":"product_tag-gorge","29":"product_tag-lacher-prise","30":"product_tag-mate","31":"product_tag-mental","32":"product_tag-perles","33":"product_tag-physique","34":"product_tag-pierres","35":"product_tag-pietersite","36":"product_tag-plexus-solaire","37":"product_tag-protection","38":"product_tag-quartz-fantome-cristal-de-roche-avec-chlorite","39":"product_tag-racine","40":"product_tag-sacre","41":"product_tag-spirituel","42":"product_tag-stress","44":"first","45":"instock","46":"shipping-taxable","47":"purchasable","48":"product-type-variable"},"yoast_head":"<!-- This site is optimized with the Yoast SEO plugin v27.2 - https:\/\/yoast.com\/product\/yoast-seo-wordpress\/ -->\n<title>Les cr\u00e9ations de C\u00e9line Inmyworld - Quartz Fant\u00f4me - Cristal de roche<\/title>\n<meta name=\"description\" content=\"Aide dans les moments difficiles, \u00e9limine les sentiments d\u00e9sagr\u00e9ables. Contribue \u00e0 assimiler ses impressions et \u00e0 d\u00e9passer les conflits.\" \/>\n<meta name=\"robots\" content=\"index, follow, max-snippet:-1, max-image-preview:large, max-video-preview:-1\" \/>\n<link rel=\"canonical\" href=\"https:\/\/lescreationsde.celineinmyworldmedium.com\/index.php\/produit\/quartz-fantome-cristal-de-roche-avec-chlorite\/\" \/>\n<meta property=\"og:locale\" content=\"fr_FR\" \/>\n<meta property=\"og:type\" content=\"article\" \/>\n<meta property=\"og:title\" content=\"Les cr\u00e9ations de C\u00e9line Inmyworld - Quartz Fant\u00f4me - Cristal de roche\" \/>\n<meta property=\"og:description\" content=\"Aide dans les moments difficiles, \u00e9limine les sentiments d\u00e9sagr\u00e9ables. Contribue \u00e0 assimiler ses impressions et \u00e0 d\u00e9passer les conflits.\" \/>\n<meta property=\"og:url\" content=\"https:\/\/lescreationsde.celineinmyworldmedium.com\/index.php\/produit\/quartz-fantome-cristal-de-roche-avec-chlorite\/\" \/>\n<meta property=\"og:site_name\" content=\"Les cr\u00e9ations de C\u00e9line Inmyworld\" \/>\n<meta property=\"article:modified_time\" content=\"2024-10-11T18:23:45+00:00\" \/>\n<meta property=\"og:image\" content=\"https:\/\/lescreationsde.celineinmyworldmedium.com\/wp-content\/uploads\/2020\/12\/quartz_fantome_cristal_de_roche_avec_chlorite.jpg\" \/>\n\t<meta property=\"og:image:width\" content=\"1080\" \/>\n\t<meta property=\"og:image:height\" content=\"832\" \/>\n\t<meta property=\"og:image:type\" content=\"image\/jpeg\" \/>\n<meta name=\"twitter:card\" content=\"summary_large_image\" \/>\n<meta name=\"twitter:label1\" content=\"Dur\u00e9e de lecture estim\u00e9e\" \/>\n\t<meta name=\"twitter:data1\" content=\"1 minute\" \/>\n<script type=\"application\/ld+json\" class=\"yoast-schema-graph\">{\"@context\":\"https:\/\/schema.org\",\"@graph\":[{\"@type\":\"WebPage\",\"@id\":\"https:\/\/lescreationsde.celineinmyworldmedium.com\/index.php\/produit\/quartz-fantome-cristal-de-roche-avec-chlorite\/\",\"url\":\"https:\/\/lescreationsde.celineinmyworldmedium.com\/index.php\/produit\/quartz-fantome-cristal-de-roche-avec-chlorite\/\",\"name\":\"Les cr\u00e9ations de C\u00e9line Inmyworld - Quartz Fant\u00f4me - Cristal de roche\",\"isPartOf\":{\"@id\":\"https:\/\/lescreationsde.celineinmyworldmedium.com\/#website\"},\"primaryImageOfPage\":{\"@id\":\"https:\/\/lescreationsde.celineinmyworldmedium.com\/index.php\/produit\/quartz-fantome-cristal-de-roche-avec-chlorite\/#primaryimage\"},\"image\":{\"@id\":\"https:\/\/lescreationsde.celineinmyworldmedium.com\/index.php\/produit\/quartz-fantome-cristal-de-roche-avec-chlorite\/#primaryimage\"},\"thumbnailUrl\":\"https:\/\/lescreationsde.celineinmyworldmedium.com\/wp-content\/uploads\/2020\/12\/quartz_fantome_cristal_de_roche_avec_chlorite.jpg\",\"datePublished\":\"2020-12-23T22:18:46+00:00\",\"dateModified\":\"2024-10-11T18:23:45+00:00\",\"description\":\"Aide dans les moments difficiles, \u00e9limine les sentiments d\u00e9sagr\u00e9ables. Contribue \u00e0 assimiler ses impressions et \u00e0 d\u00e9passer les conflits.\",\"breadcrumb\":{\"@id\":\"https:\/\/lescreationsde.celineinmyworldmedium.com\/index.php\/produit\/quartz-fantome-cristal-de-roche-avec-chlorite\/#breadcrumb\"},\"inLanguage\":\"fr-FR\",\"potentialAction\":[{\"@type\":\"ReadAction\",\"target\":[\"https:\/\/lescreationsde.celineinmyworldmedium.com\/index.php\/produit\/quartz-fantome-cristal-de-roche-avec-chlorite\/\"]}]},{\"@type\":\"ImageObject\",\"inLanguage\":\"fr-FR\",\"@id\":\"https:\/\/lescreationsde.celineinmyworldmedium.com\/index.php\/produit\/quartz-fantome-cristal-de-roche-avec-chlorite\/#primaryimage\",\"url\":\"https:\/\/lescreationsde.celineinmyworldmedium.com\/wp-content\/uploads\/2020\/12\/quartz_fantome_cristal_de_roche_avec_chlorite.jpg\",\"contentUrl\":\"https:\/\/lescreationsde.celineinmyworldmedium.com\/wp-content\/uploads\/2020\/12\/quartz_fantome_cristal_de_roche_avec_chlorite.jpg\",\"width\":1080,\"height\":832,\"caption\":\"Quartz Fant\u00f4me - Cristal de roche avec chlorite\"},{\"@type\":\"BreadcrumbList\",\"@id\":\"https:\/\/lescreationsde.celineinmyworldmedium.com\/index.php\/produit\/quartz-fantome-cristal-de-roche-avec-chlorite\/#breadcrumb\",\"itemListElement\":[{\"@type\":\"ListItem\",\"position\":1,\"name\":\"Accueil\",\"item\":\"https:\/\/lescreationsde.celineinmyworldmedium.com\/\"},{\"@type\":\"ListItem\",\"position\":2,\"name\":\"Produits\",\"item\":\"https:\/\/lescreationsde.celineinmyworldmedium.com\/index.php\/boutique\/\"},{\"@type\":\"ListItem\",\"position\":3,\"name\":\"Quartz Fant\u00f4me &#8211; Cristal de roche avec chlorite\"}]},{\"@type\":\"WebSite\",\"@id\":\"https:\/\/lescreationsde.celineinmyworldmedium.com\/#website\",\"url\":\"https:\/\/lescreationsde.celineinmyworldmedium.com\/\",\"name\":\"Les cr\u00e9ations de C\u00e9line Inmyworld\",\"description\":\"Cr\u00e9ation de bijoux personnalis\u00e9s, sur-mesure, en pierres semi-pr\u00e9cieuses de qualit\u00e9. Bracelets, boucles d&#039;oreilles, colliers, sautoirs, malas, cha\u00eenes de cheville, bagues...\u2764\",\"publisher\":{\"@id\":\"https:\/\/lescreationsde.celineinmyworldmedium.com\/#organization\"},\"potentialAction\":[{\"@type\":\"SearchAction\",\"target\":{\"@type\":\"EntryPoint\",\"urlTemplate\":\"https:\/\/lescreationsde.celineinmyworldmedium.com\/?s={search_term_string}\"},\"query-input\":{\"@type\":\"PropertyValueSpecification\",\"valueRequired\":true,\"valueName\":\"search_term_string\"}}],\"inLanguage\":\"fr-FR\"},{\"@type\":\"Organization\",\"@id\":\"https:\/\/lescreationsde.celineinmyworldmedium.com\/#organization\",\"name\":\"Les cr\u00e9ations de C\u00e9line Inmyworld\",\"url\":\"https:\/\/lescreationsde.celineinmyworldmedium.com\/\",\"logo\":{\"@type\":\"ImageObject\",\"inLanguage\":\"fr-FR\",\"@id\":\"https:\/\/lescreationsde.celineinmyworldmedium.com\/#\/schema\/logo\/image\/\",\"url\":\"https:\/\/lescreationsde.celineinmyworldmedium.com\/wp-content\/uploads\/2021\/03\/logo_creations3.png\",\"contentUrl\":\"https:\/\/lescreationsde.celineinmyworldmedium.com\/wp-content\/uploads\/2021\/03\/logo_creations3.png\",\"width\":613,\"height\":190,\"caption\":\"Les cr\u00e9ations de C\u00e9line Inmyworld\"},\"image\":{\"@id\":\"https:\/\/lescreationsde.celineinmyworldmedium.com\/#\/schema\/logo\/image\/\"}}]}<\/script>\n<!-- \/ Yoast SEO plugin. -->","yoast_head_json":{"title":"Les cr\u00e9ations de C\u00e9line Inmyworld - Quartz Fant\u00f4me - Cristal de roche","description":"Aide dans les moments difficiles, \u00e9limine les sentiments d\u00e9sagr\u00e9ables. Contribue \u00e0 assimiler ses impressions et \u00e0 d\u00e9passer les conflits.","robots":{"index":"index","follow":"follow","max-snippet":"max-snippet:-1","max-image-preview":"max-image-preview:large","max-video-preview":"max-video-preview:-1"},"canonical":"https:\/\/lescreationsde.celineinmyworldmedium.com\/index.php\/produit\/quartz-fantome-cristal-de-roche-avec-chlorite\/","og_locale":"fr_FR","og_type":"article","og_title":"Les cr\u00e9ations de C\u00e9line Inmyworld - Quartz Fant\u00f4me - Cristal de roche","og_description":"Aide dans les moments difficiles, \u00e9limine les sentiments d\u00e9sagr\u00e9ables. Contribue \u00e0 assimiler ses impressions et \u00e0 d\u00e9passer les conflits.","og_url":"https:\/\/lescreationsde.celineinmyworldmedium.com\/index.php\/produit\/quartz-fantome-cristal-de-roche-avec-chlorite\/","og_site_name":"Les cr\u00e9ations de C\u00e9line Inmyworld","article_modified_time":"2024-10-11T18:23:45+00:00","og_image":[{"width":1080,"height":832,"url":"https:\/\/lescreationsde.celineinmyworldmedium.com\/wp-content\/uploads\/2020\/12\/quartz_fantome_cristal_de_roche_avec_chlorite.jpg","type":"image\/jpeg"}],"twitter_card":"summary_large_image","twitter_misc":{"Dur\u00e9e de lecture estim\u00e9e":"1 minute"},"schema":{"@context":"https:\/\/schema.org","@graph":[{"@type":"WebPage","@id":"https:\/\/lescreationsde.celineinmyworldmedium.com\/index.php\/produit\/quartz-fantome-cristal-de-roche-avec-chlorite\/","url":"https:\/\/lescreationsde.celineinmyworldmedium.com\/index.php\/produit\/quartz-fantome-cristal-de-roche-avec-chlorite\/","name":"Les cr\u00e9ations de C\u00e9line Inmyworld - Quartz Fant\u00f4me - Cristal de roche","isPartOf":{"@id":"https:\/\/lescreationsde.celineinmyworldmedium.com\/#website"},"primaryImageOfPage":{"@id":"https:\/\/lescreationsde.celineinmyworldmedium.com\/index.php\/produit\/quartz-fantome-cristal-de-roche-avec-chlorite\/#primaryimage"},"image":{"@id":"https:\/\/lescreationsde.celineinmyworldmedium.com\/index.php\/produit\/quartz-fantome-cristal-de-roche-avec-chlorite\/#primaryimage"},"thumbnailUrl":"https:\/\/lescreationsde.celineinmyworldmedium.com\/wp-content\/uploads\/2020\/12\/quartz_fantome_cristal_de_roche_avec_chlorite.jpg","datePublished":"2020-12-23T22:18:46+00:00","dateModified":"2024-10-11T18:23:45+00:00","description":"Aide dans les moments difficiles, \u00e9limine les sentiments d\u00e9sagr\u00e9ables. Contribue \u00e0 assimiler ses impressions et \u00e0 d\u00e9passer les conflits.","breadcrumb":{"@id":"https:\/\/lescreationsde.celineinmyworldmedium.com\/index.php\/produit\/quartz-fantome-cristal-de-roche-avec-chlorite\/#breadcrumb"},"inLanguage":"fr-FR","potentialAction":[{"@type":"ReadAction","target":["https:\/\/lescreationsde.celineinmyworldmedium.com\/index.php\/produit\/quartz-fantome-cristal-de-roche-avec-chlorite\/"]}]},{"@type":"ImageObject","inLanguage":"fr-FR","@id":"https:\/\/lescreationsde.celineinmyworldmedium.com\/index.php\/produit\/quartz-fantome-cristal-de-roche-avec-chlorite\/#primaryimage","url":"https:\/\/lescreationsde.celineinmyworldmedium.com\/wp-content\/uploads\/2020\/12\/quartz_fantome_cristal_de_roche_avec_chlorite.jpg","contentUrl":"https:\/\/lescreationsde.celineinmyworldmedium.com\/wp-content\/uploads\/2020\/12\/quartz_fantome_cristal_de_roche_avec_chlorite.jpg","width":1080,"height":832,"caption":"Quartz Fant\u00f4me - Cristal de roche avec chlorite"},{"@type":"BreadcrumbList","@id":"https:\/\/lescreationsde.celineinmyworldmedium.com\/index.php\/produit\/quartz-fantome-cristal-de-roche-avec-chlorite\/#breadcrumb","itemListElement":[{"@type":"ListItem","position":1,"name":"Accueil","item":"https:\/\/lescreationsde.celineinmyworldmedium.com\/"},{"@type":"ListItem","position":2,"name":"Produits","item":"https:\/\/lescreationsde.celineinmyworldmedium.com\/index.php\/boutique\/"},{"@type":"ListItem","position":3,"name":"Quartz Fant\u00f4me &#8211; Cristal de roche avec chlorite"}]},{"@type":"WebSite","@id":"https:\/\/lescreationsde.celineinmyworldmedium.com\/#website","url":"https:\/\/lescreationsde.celineinmyworldmedium.com\/","name":"Les cr\u00e9ations de C\u00e9line Inmyworld","description":"Cr\u00e9ation de bijoux personnalis\u00e9s, sur-mesure, en pierres semi-pr\u00e9cieuses de qualit\u00e9. Bracelets, boucles d&#039;oreilles, colliers, sautoirs, malas, cha\u00eenes de cheville, bagues...\u2764","publisher":{"@id":"https:\/\/lescreationsde.celineinmyworldmedium.com\/#organization"},"potentialAction":[{"@type":"SearchAction","target":{"@type":"EntryPoint","urlTemplate":"https:\/\/lescreationsde.celineinmyworldmedium.com\/?s={search_term_string}"},"query-input":{"@type":"PropertyValueSpecification","valueRequired":true,"valueName":"search_term_string"}}],"inLanguage":"fr-FR"},{"@type":"Organization","@id":"https:\/\/lescreationsde.celineinmyworldmedium.com\/#organization","name":"Les cr\u00e9ations de C\u00e9line Inmyworld","url":"https:\/\/lescreationsde.celineinmyworldmedium.com\/","logo":{"@type":"ImageObject","inLanguage":"fr-FR","@id":"https:\/\/lescreationsde.celineinmyworldmedium.com\/#\/schema\/logo\/image\/","url":"https:\/\/lescreationsde.celineinmyworldmedium.com\/wp-content\/uploads\/2021\/03\/logo_creations3.png","contentUrl":"https:\/\/lescreationsde.celineinmyworldmedium.com\/wp-content\/uploads\/2021\/03\/logo_creations3.png","width":613,"height":190,"caption":"Les cr\u00e9ations de C\u00e9line Inmyworld"},"image":{"@id":"https:\/\/lescreationsde.celineinmyworldmedium.com\/#\/schema\/logo\/image\/"}}]}},"jetpack_sharing_enabled":true,"_links":{"self":[{"href":"https:\/\/lescreationsde.celineinmyworldmedium.com\/index.php\/wp-json\/wp\/v2\/product\/1176","targetHints":{"allow":["GET"]}}],"collection":[{"href":"https:\/\/lescreationsde.celineinmyworldmedium.com\/index.php\/wp-json\/wp\/v2\/product"}],"about":[{"href":"https:\/\/lescreationsde.celineinmyworldmedium.com\/index.php\/wp-json\/wp\/v2\/types\/product"}],"replies":[{"embeddable":true,"href":"https:\/\/lescreationsde.celineinmyworldmedium.com\/index.php\/wp-json\/wp\/v2\/comments?post=1176"}],"wp:featuredmedia":[{"embeddable":true,"href":"https:\/\/lescreationsde.celineinmyworldmedium.com\/index.php\/wp-json\/wp\/v2\/media\/1179"}],"wp:attachment":[{"href":"https:\/\/lescreationsde.celineinmyworldmedium.com\/index.php\/wp-json\/wp\/v2\/media?parent=1176"}],"wp:term":[{"taxonomy":"product_brand","embeddable":true,"href":"https:\/\/lescreationsde.celineinmyworldmedium.com\/index.php\/wp-json\/wp\/v2\/product_brand?post=1176"},{"taxonomy":"product_cat","embeddable":true,"href":"https:\/\/lescreationsde.celineinmyworldmedium.com\/index.php\/wp-json\/wp\/v2\/product_cat?post=1176"},{"taxonomy":"product_tag","embeddable":true,"href":"https:\/\/lescreationsde.celineinmyworldmedium.com\/index.php\/wp-json\/wp\/v2\/product_tag?post=1176"}],"curies":[{"name":"wp","href":"https:\/\/api.w.org\/{rel}","templated":true}]}}