{"id":8331,"date":"2025-01-18T19:03:39","date_gmt":"2025-01-18T18:03:39","guid":{"rendered":"https:\/\/lescreationsde.celineinmyworldmedium.com\/?page_id=8331"},"modified":"2025-01-18T19:09:47","modified_gmt":"2025-01-18T18:09:47","slug":"comment-deposer-un-avis-a-propos-de-ma-commande","status":"publish","type":"page","link":"https:\/\/lescreationsde.celineinmyworldmedium.com\/index.php\/comment-deposer-un-avis-a-propos-de-ma-commande\/","title":{"rendered":"Comment d\u00e9poser un avis \u00e0 propos de ma commande ?"},"content":{"rendered":"\n<p class=\"has-medium-font-size\">Connectez-vous \u00e0 votre compte :<\/p>\n\n\n\n<figure class=\"wp-block-image size-full is-resized\"><img loading=\"lazy\" decoding=\"async\" width=\"754\" height=\"354\" src=\"https:\/\/lescreationsde.celineinmyworldmedium.com\/wp-content\/uploads\/2025\/01\/mon_compte.jpg\" alt=\"\" class=\"wp-image-8332\" style=\"width:840px;height:auto\" srcset=\"https:\/\/lescreationsde.celineinmyworldmedium.com\/wp-content\/uploads\/2025\/01\/mon_compte.jpg 754w, https:\/\/lescreationsde.celineinmyworldmedium.com\/wp-content\/uploads\/2025\/01\/mon_compte-416x195.jpg 416w, https:\/\/lescreationsde.celineinmyworldmedium.com\/wp-content\/uploads\/2025\/01\/mon_compte-64x30.jpg 64w, https:\/\/lescreationsde.celineinmyworldmedium.com\/wp-content\/uploads\/2025\/01\/mon_compte-300x141.jpg 300w, https:\/\/lescreationsde.celineinmyworldmedium.com\/wp-content\/uploads\/2025\/01\/mon_compte-128x60.jpg 128w\" sizes=\"auto, (max-width: 754px) 100vw, 754px\" \/><\/figure>\n\n\n\n<p class=\"has-medium-font-size\">Cliquez sur Commandes :<\/p>\n\n\n\n<figure class=\"wp-block-image size-full\"><img loading=\"lazy\" decoding=\"async\" width=\"804\" height=\"381\" src=\"https:\/\/lescreationsde.celineinmyworldmedium.com\/wp-content\/uploads\/2025\/01\/commande.jpg\" alt=\"\" class=\"wp-image-8333\" srcset=\"https:\/\/lescreationsde.celineinmyworldmedium.com\/wp-content\/uploads\/2025\/01\/commande.jpg 804w, https:\/\/lescreationsde.celineinmyworldmedium.com\/wp-content\/uploads\/2025\/01\/commande-416x197.jpg 416w, https:\/\/lescreationsde.celineinmyworldmedium.com\/wp-content\/uploads\/2025\/01\/commande-64x30.jpg 64w, https:\/\/lescreationsde.celineinmyworldmedium.com\/wp-content\/uploads\/2025\/01\/commande-300x142.jpg 300w, https:\/\/lescreationsde.celineinmyworldmedium.com\/wp-content\/uploads\/2025\/01\/commande-768x364.jpg 768w, https:\/\/lescreationsde.celineinmyworldmedium.com\/wp-content\/uploads\/2025\/01\/commande-127x60.jpg 127w\" sizes=\"auto, (max-width: 804px) 100vw, 804px\" \/><\/figure>\n\n\n\n<p class=\"has-medium-font-size\">Choisissez votre n\u00b0 xxxxx si vous voulez d\u00e9poser un avis sur une commande pr\u00e9cise. Dans cet exemple, c&rsquo;est le n\u00b03028 :<\/p>\n\n\n\n<figure class=\"wp-block-image size-full\"><img loading=\"lazy\" decoding=\"async\" width=\"749\" height=\"1024\" src=\"https:\/\/lescreationsde.celineinmyworldmedium.com\/wp-content\/uploads\/2025\/01\/commande_3028.jpg\" alt=\"\" class=\"wp-image-8334\" srcset=\"https:\/\/lescreationsde.celineinmyworldmedium.com\/wp-content\/uploads\/2025\/01\/commande_3028.jpg 749w, https:\/\/lescreationsde.celineinmyworldmedium.com\/wp-content\/uploads\/2025\/01\/commande_3028-416x569.jpg 416w, https:\/\/lescreationsde.celineinmyworldmedium.com\/wp-content\/uploads\/2025\/01\/commande_3028-64x87.jpg 64w, https:\/\/lescreationsde.celineinmyworldmedium.com\/wp-content\/uploads\/2025\/01\/commande_3028-219x300.jpg 219w, https:\/\/lescreationsde.celineinmyworldmedium.com\/wp-content\/uploads\/2025\/01\/commande_3028-44x60.jpg 44w, https:\/\/lescreationsde.celineinmyworldmedium.com\/wp-content\/uploads\/2025\/01\/commande_3028-293x400.jpg 293w\" sizes=\"auto, (max-width: 749px) 100vw, 749px\" \/><\/figure>\n\n\n\n<p class=\"has-medium-font-size\">Je choisis dans ce cas le lien \u00ab\u00a0Fleur de Vie pour purification des pierres\u00a0\u00bb pour mettre un avis.<\/p>\n\n\n\n<figure class=\"wp-block-image size-full\"><img loading=\"lazy\" decoding=\"async\" width=\"752\" height=\"827\" src=\"https:\/\/lescreationsde.celineinmyworldmedium.com\/wp-content\/uploads\/2025\/01\/fleur_de_vie.jpg\" alt=\"\" class=\"wp-image-8335\" srcset=\"https:\/\/lescreationsde.celineinmyworldmedium.com\/wp-content\/uploads\/2025\/01\/fleur_de_vie.jpg 752w, https:\/\/lescreationsde.celineinmyworldmedium.com\/wp-content\/uploads\/2025\/01\/fleur_de_vie-416x457.jpg 416w, https:\/\/lescreationsde.celineinmyworldmedium.com\/wp-content\/uploads\/2025\/01\/fleur_de_vie-64x70.jpg 64w, https:\/\/lescreationsde.celineinmyworldmedium.com\/wp-content\/uploads\/2025\/01\/fleur_de_vie-273x300.jpg 273w, https:\/\/lescreationsde.celineinmyworldmedium.com\/wp-content\/uploads\/2025\/01\/fleur_de_vie-55x60.jpg 55w\" sizes=\"auto, (max-width: 752px) 100vw, 752px\" \/><\/figure>\n\n\n\n<p class=\"has-medium-font-size\">Je cliques sur \u00ab\u00a0Avis clients\u00a0\u00bb :<\/p>\n\n\n\n<figure class=\"wp-block-image size-full\"><img loading=\"lazy\" decoding=\"async\" width=\"760\" height=\"584\" src=\"https:\/\/lescreationsde.celineinmyworldmedium.com\/wp-content\/uploads\/2025\/01\/avis.jpg\" alt=\"\" class=\"wp-image-8336\" srcset=\"https:\/\/lescreationsde.celineinmyworldmedium.com\/wp-content\/uploads\/2025\/01\/avis.jpg 760w, https:\/\/lescreationsde.celineinmyworldmedium.com\/wp-content\/uploads\/2025\/01\/avis-416x320.jpg 416w, https:\/\/lescreationsde.celineinmyworldmedium.com\/wp-content\/uploads\/2025\/01\/avis-64x49.jpg 64w, https:\/\/lescreationsde.celineinmyworldmedium.com\/wp-content\/uploads\/2025\/01\/avis-300x232.jpg 300w, https:\/\/lescreationsde.celineinmyworldmedium.com\/wp-content\/uploads\/2025\/01\/avis-260x200.jpg 260w, https:\/\/lescreationsde.celineinmyworldmedium.com\/wp-content\/uploads\/2025\/01\/avis-280x215.jpg 280w, https:\/\/lescreationsde.celineinmyworldmedium.com\/wp-content\/uploads\/2025\/01\/avis-78x60.jpg 78w\" sizes=\"auto, (max-width: 760px) 100vw, 760px\" \/><\/figure>\n\n\n\n<p class=\"has-medium-font-size\">Je note <strong>(Votre note*<\/strong>) en cliquant sur le nombre d&rsquo;\u00e9toiles que je d\u00e9sire d\u00e9poser. J&rsquo;\u00e9cris mon avis dans le rectangle bleu (<strong>Votre avis*<\/strong>), je coche pour confirmer que je ne suis pas un robot et je clique sur \u00ab\u00a0<strong>Soumettre<\/strong>\u00a0\u00bb pour envoyer le tout.<\/p>\n\n\n\n<p class=\"has-vivid-red-color has-text-color has-link-color has-medium-font-size wp-elements-f4cf7c848edb44c64ede33c213b57201\" style=\"border-width:2px\">Attention votre avis passe par un mod\u00e9rateur ou une mod\u00e9ratrice, il ne sera pas visible imm\u00e9diatement.<\/p>\n\n\n\n<p><\/p>\n","protected":false},"excerpt":{"rendered":"<p>Connectez-vous \u00e0 votre compte : Cliquez sur Commandes : Choisissez votre n\u00b0 xxxxx si vous voulez d\u00e9poser un avis sur une commande pr\u00e9cise. Dans cet exemple, c&rsquo;est le n\u00b03028 : Je choisis dans ce cas le lien \u00ab\u00a0Fleur de Vie pour purification des pierres\u00a0\u00bb pour mettre un avis. Je cliques sur \u00ab\u00a0Avis clients\u00a0\u00bb : Je [&hellip;]<\/p>\n","protected":false},"author":1,"featured_media":0,"parent":0,"menu_order":0,"comment_status":"closed","ping_status":"closed","template":"","meta":{"footnotes":""},"class_list":["post-8331","page","type-page","status-publish","hentry"],"yoast_head":"<!-- This site is optimized with the Yoast SEO plugin v27.2 - https:\/\/yoast.com\/product\/yoast-seo-wordpress\/ -->\n<title>Comment d\u00e9poser un avis \u00e0 propos de ma commande ? - Les cr\u00e9ations de C\u00e9line Inmyworld<\/title>\n<meta name=\"robots\" content=\"index, follow, max-snippet:-1, max-image-preview:large, max-video-preview:-1\" \/>\n<link rel=\"canonical\" href=\"https:\/\/lescreationsde.celineinmyworldmedium.com\/index.php\/comment-deposer-un-avis-a-propos-de-ma-commande\/\" \/>\n<meta property=\"og:locale\" content=\"fr_FR\" \/>\n<meta property=\"og:type\" content=\"article\" \/>\n<meta property=\"og:title\" content=\"Comment d\u00e9poser un avis \u00e0 propos de ma commande ? - Les cr\u00e9ations de C\u00e9line Inmyworld\" \/>\n<meta property=\"og:description\" content=\"Connectez-vous \u00e0 votre compte : Cliquez sur Commandes : Choisissez votre n\u00b0 xxxxx si vous voulez d\u00e9poser un avis sur une commande pr\u00e9cise. Dans cet exemple, c&rsquo;est le n\u00b03028 : Je choisis dans ce cas le lien \u00ab\u00a0Fleur de Vie pour purification des pierres\u00a0\u00bb pour mettre un avis. Je cliques sur \u00ab\u00a0Avis clients\u00a0\u00bb : Je [&hellip;]\" \/>\n<meta property=\"og:url\" content=\"https:\/\/lescreationsde.celineinmyworldmedium.com\/index.php\/comment-deposer-un-avis-a-propos-de-ma-commande\/\" \/>\n<meta property=\"og:site_name\" content=\"Les cr\u00e9ations de C\u00e9line Inmyworld\" \/>\n<meta property=\"article:modified_time\" content=\"2025-01-18T18:09:47+00:00\" \/>\n<meta property=\"og:image\" content=\"https:\/\/lescreationsde.celineinmyworldmedium.com\/wp-content\/uploads\/2025\/01\/mon_compte.jpg\" \/>\n\t<meta property=\"og:image:width\" content=\"754\" \/>\n\t<meta property=\"og:image:height\" content=\"354\" \/>\n\t<meta property=\"og:image:type\" content=\"image\/jpeg\" \/>\n<meta name=\"twitter:card\" content=\"summary_large_image\" \/>\n<meta name=\"twitter:label1\" content=\"Dur\u00e9e de lecture estim\u00e9e\" \/>\n\t<meta name=\"twitter:data1\" content=\"2 minutes\" \/>\n<script type=\"application\/ld+json\" class=\"yoast-schema-graph\">{\"@context\":\"https:\/\/schema.org\",\"@graph\":[{\"@type\":\"WebPage\",\"@id\":\"https:\/\/lescreationsde.celineinmyworldmedium.com\/index.php\/comment-deposer-un-avis-a-propos-de-ma-commande\/\",\"url\":\"https:\/\/lescreationsde.celineinmyworldmedium.com\/index.php\/comment-deposer-un-avis-a-propos-de-ma-commande\/\",\"name\":\"Comment d\u00e9poser un avis \u00e0 propos de ma commande ? - Les cr\u00e9ations de C\u00e9line Inmyworld\",\"isPartOf\":{\"@id\":\"https:\/\/lescreationsde.celineinmyworldmedium.com\/#website\"},\"primaryImageOfPage\":{\"@id\":\"https:\/\/lescreationsde.celineinmyworldmedium.com\/index.php\/comment-deposer-un-avis-a-propos-de-ma-commande\/#primaryimage\"},\"image\":{\"@id\":\"https:\/\/lescreationsde.celineinmyworldmedium.com\/index.php\/comment-deposer-un-avis-a-propos-de-ma-commande\/#primaryimage\"},\"thumbnailUrl\":\"https:\/\/lescreationsde.celineinmyworldmedium.com\/wp-content\/uploads\/2025\/01\/mon_compte.jpg\",\"datePublished\":\"2025-01-18T18:03:39+00:00\",\"dateModified\":\"2025-01-18T18:09:47+00:00\",\"breadcrumb\":{\"@id\":\"https:\/\/lescreationsde.celineinmyworldmedium.com\/index.php\/comment-deposer-un-avis-a-propos-de-ma-commande\/#breadcrumb\"},\"inLanguage\":\"fr-FR\",\"potentialAction\":[{\"@type\":\"ReadAction\",\"target\":[\"https:\/\/lescreationsde.celineinmyworldmedium.com\/index.php\/comment-deposer-un-avis-a-propos-de-ma-commande\/\"]}]},{\"@type\":\"ImageObject\",\"inLanguage\":\"fr-FR\",\"@id\":\"https:\/\/lescreationsde.celineinmyworldmedium.com\/index.php\/comment-deposer-un-avis-a-propos-de-ma-commande\/#primaryimage\",\"url\":\"https:\/\/lescreationsde.celineinmyworldmedium.com\/wp-content\/uploads\/2025\/01\/mon_compte.jpg\",\"contentUrl\":\"https:\/\/lescreationsde.celineinmyworldmedium.com\/wp-content\/uploads\/2025\/01\/mon_compte.jpg\",\"width\":754,\"height\":354},{\"@type\":\"BreadcrumbList\",\"@id\":\"https:\/\/lescreationsde.celineinmyworldmedium.com\/index.php\/comment-deposer-un-avis-a-propos-de-ma-commande\/#breadcrumb\",\"itemListElement\":[{\"@type\":\"ListItem\",\"position\":1,\"name\":\"Accueil\",\"item\":\"https:\/\/lescreationsde.celineinmyworldmedium.com\/\"},{\"@type\":\"ListItem\",\"position\":2,\"name\":\"Comment d\u00e9poser un avis \u00e0 propos de ma commande ?\"}]},{\"@type\":\"WebSite\",\"@id\":\"https:\/\/lescreationsde.celineinmyworldmedium.com\/#website\",\"url\":\"https:\/\/lescreationsde.celineinmyworldmedium.com\/\",\"name\":\"Les cr\u00e9ations de C\u00e9line Inmyworld\",\"description\":\"Cr\u00e9ation de bijoux personnalis\u00e9s, sur-mesure, en pierres semi-pr\u00e9cieuses de qualit\u00e9. Bracelets, boucles d&#039;oreilles, colliers, sautoirs, malas, cha\u00eenes de cheville, bagues...\u2764\",\"publisher\":{\"@id\":\"https:\/\/lescreationsde.celineinmyworldmedium.com\/#organization\"},\"potentialAction\":[{\"@type\":\"SearchAction\",\"target\":{\"@type\":\"EntryPoint\",\"urlTemplate\":\"https:\/\/lescreationsde.celineinmyworldmedium.com\/?s={search_term_string}\"},\"query-input\":{\"@type\":\"PropertyValueSpecification\",\"valueRequired\":true,\"valueName\":\"search_term_string\"}}],\"inLanguage\":\"fr-FR\"},{\"@type\":\"Organization\",\"@id\":\"https:\/\/lescreationsde.celineinmyworldmedium.com\/#organization\",\"name\":\"Les cr\u00e9ations de C\u00e9line Inmyworld\",\"url\":\"https:\/\/lescreationsde.celineinmyworldmedium.com\/\",\"logo\":{\"@type\":\"ImageObject\",\"inLanguage\":\"fr-FR\",\"@id\":\"https:\/\/lescreationsde.celineinmyworldmedium.com\/#\/schema\/logo\/image\/\",\"url\":\"https:\/\/lescreationsde.celineinmyworldmedium.com\/wp-content\/uploads\/2021\/03\/logo_creations3.png\",\"contentUrl\":\"https:\/\/lescreationsde.celineinmyworldmedium.com\/wp-content\/uploads\/2021\/03\/logo_creations3.png\",\"width\":613,\"height\":190,\"caption\":\"Les cr\u00e9ations de C\u00e9line Inmyworld\"},\"image\":{\"@id\":\"https:\/\/lescreationsde.celineinmyworldmedium.com\/#\/schema\/logo\/image\/\"}}]}<\/script>\n<!-- \/ Yoast SEO plugin. -->","yoast_head_json":{"title":"Comment d\u00e9poser un avis \u00e0 propos de ma commande ? - Les cr\u00e9ations de C\u00e9line Inmyworld","robots":{"index":"index","follow":"follow","max-snippet":"max-snippet:-1","max-image-preview":"max-image-preview:large","max-video-preview":"max-video-preview:-1"},"canonical":"https:\/\/lescreationsde.celineinmyworldmedium.com\/index.php\/comment-deposer-un-avis-a-propos-de-ma-commande\/","og_locale":"fr_FR","og_type":"article","og_title":"Comment d\u00e9poser un avis \u00e0 propos de ma commande ? - Les cr\u00e9ations de C\u00e9line Inmyworld","og_description":"Connectez-vous \u00e0 votre compte : Cliquez sur Commandes : Choisissez votre n\u00b0 xxxxx si vous voulez d\u00e9poser un avis sur une commande pr\u00e9cise. Dans cet exemple, c&rsquo;est le n\u00b03028 : Je choisis dans ce cas le lien \u00ab\u00a0Fleur de Vie pour purification des pierres\u00a0\u00bb pour mettre un avis. Je cliques sur \u00ab\u00a0Avis clients\u00a0\u00bb : Je [&hellip;]","og_url":"https:\/\/lescreationsde.celineinmyworldmedium.com\/index.php\/comment-deposer-un-avis-a-propos-de-ma-commande\/","og_site_name":"Les cr\u00e9ations de C\u00e9line Inmyworld","article_modified_time":"2025-01-18T18:09:47+00:00","og_image":[{"width":754,"height":354,"url":"https:\/\/lescreationsde.celineinmyworldmedium.com\/wp-content\/uploads\/2025\/01\/mon_compte.jpg","type":"image\/jpeg"}],"twitter_card":"summary_large_image","twitter_misc":{"Dur\u00e9e de lecture estim\u00e9e":"2 minutes"},"schema":{"@context":"https:\/\/schema.org","@graph":[{"@type":"WebPage","@id":"https:\/\/lescreationsde.celineinmyworldmedium.com\/index.php\/comment-deposer-un-avis-a-propos-de-ma-commande\/","url":"https:\/\/lescreationsde.celineinmyworldmedium.com\/index.php\/comment-deposer-un-avis-a-propos-de-ma-commande\/","name":"Comment d\u00e9poser un avis \u00e0 propos de ma commande ? - Les cr\u00e9ations de C\u00e9line Inmyworld","isPartOf":{"@id":"https:\/\/lescreationsde.celineinmyworldmedium.com\/#website"},"primaryImageOfPage":{"@id":"https:\/\/lescreationsde.celineinmyworldmedium.com\/index.php\/comment-deposer-un-avis-a-propos-de-ma-commande\/#primaryimage"},"image":{"@id":"https:\/\/lescreationsde.celineinmyworldmedium.com\/index.php\/comment-deposer-un-avis-a-propos-de-ma-commande\/#primaryimage"},"thumbnailUrl":"https:\/\/lescreationsde.celineinmyworldmedium.com\/wp-content\/uploads\/2025\/01\/mon_compte.jpg","datePublished":"2025-01-18T18:03:39+00:00","dateModified":"2025-01-18T18:09:47+00:00","breadcrumb":{"@id":"https:\/\/lescreationsde.celineinmyworldmedium.com\/index.php\/comment-deposer-un-avis-a-propos-de-ma-commande\/#breadcrumb"},"inLanguage":"fr-FR","potentialAction":[{"@type":"ReadAction","target":["https:\/\/lescreationsde.celineinmyworldmedium.com\/index.php\/comment-deposer-un-avis-a-propos-de-ma-commande\/"]}]},{"@type":"ImageObject","inLanguage":"fr-FR","@id":"https:\/\/lescreationsde.celineinmyworldmedium.com\/index.php\/comment-deposer-un-avis-a-propos-de-ma-commande\/#primaryimage","url":"https:\/\/lescreationsde.celineinmyworldmedium.com\/wp-content\/uploads\/2025\/01\/mon_compte.jpg","contentUrl":"https:\/\/lescreationsde.celineinmyworldmedium.com\/wp-content\/uploads\/2025\/01\/mon_compte.jpg","width":754,"height":354},{"@type":"BreadcrumbList","@id":"https:\/\/lescreationsde.celineinmyworldmedium.com\/index.php\/comment-deposer-un-avis-a-propos-de-ma-commande\/#breadcrumb","itemListElement":[{"@type":"ListItem","position":1,"name":"Accueil","item":"https:\/\/lescreationsde.celineinmyworldmedium.com\/"},{"@type":"ListItem","position":2,"name":"Comment d\u00e9poser un avis \u00e0 propos de ma commande ?"}]},{"@type":"WebSite","@id":"https:\/\/lescreationsde.celineinmyworldmedium.com\/#website","url":"https:\/\/lescreationsde.celineinmyworldmedium.com\/","name":"Les cr\u00e9ations de C\u00e9line Inmyworld","description":"Cr\u00e9ation de bijoux personnalis\u00e9s, sur-mesure, en pierres semi-pr\u00e9cieuses de qualit\u00e9. Bracelets, boucles d&#039;oreilles, colliers, sautoirs, malas, cha\u00eenes de cheville, bagues...\u2764","publisher":{"@id":"https:\/\/lescreationsde.celineinmyworldmedium.com\/#organization"},"potentialAction":[{"@type":"SearchAction","target":{"@type":"EntryPoint","urlTemplate":"https:\/\/lescreationsde.celineinmyworldmedium.com\/?s={search_term_string}"},"query-input":{"@type":"PropertyValueSpecification","valueRequired":true,"valueName":"search_term_string"}}],"inLanguage":"fr-FR"},{"@type":"Organization","@id":"https:\/\/lescreationsde.celineinmyworldmedium.com\/#organization","name":"Les cr\u00e9ations de C\u00e9line Inmyworld","url":"https:\/\/lescreationsde.celineinmyworldmedium.com\/","logo":{"@type":"ImageObject","inLanguage":"fr-FR","@id":"https:\/\/lescreationsde.celineinmyworldmedium.com\/#\/schema\/logo\/image\/","url":"https:\/\/lescreationsde.celineinmyworldmedium.com\/wp-content\/uploads\/2021\/03\/logo_creations3.png","contentUrl":"https:\/\/lescreationsde.celineinmyworldmedium.com\/wp-content\/uploads\/2021\/03\/logo_creations3.png","width":613,"height":190,"caption":"Les cr\u00e9ations de C\u00e9line Inmyworld"},"image":{"@id":"https:\/\/lescreationsde.celineinmyworldmedium.com\/#\/schema\/logo\/image\/"}}]}},"jetpack_sharing_enabled":true,"_links":{"self":[{"href":"https:\/\/lescreationsde.celineinmyworldmedium.com\/index.php\/wp-json\/wp\/v2\/pages\/8331","targetHints":{"allow":["GET"]}}],"collection":[{"href":"https:\/\/lescreationsde.celineinmyworldmedium.com\/index.php\/wp-json\/wp\/v2\/pages"}],"about":[{"href":"https:\/\/lescreationsde.celineinmyworldmedium.com\/index.php\/wp-json\/wp\/v2\/types\/page"}],"author":[{"embeddable":true,"href":"https:\/\/lescreationsde.celineinmyworldmedium.com\/index.php\/wp-json\/wp\/v2\/users\/1"}],"replies":[{"embeddable":true,"href":"https:\/\/lescreationsde.celineinmyworldmedium.com\/index.php\/wp-json\/wp\/v2\/comments?post=8331"}],"version-history":[{"count":3,"href":"https:\/\/lescreationsde.celineinmyworldmedium.com\/index.php\/wp-json\/wp\/v2\/pages\/8331\/revisions"}],"predecessor-version":[{"id":8339,"href":"https:\/\/lescreationsde.celineinmyworldmedium.com\/index.php\/wp-json\/wp\/v2\/pages\/8331\/revisions\/8339"}],"wp:attachment":[{"href":"https:\/\/lescreationsde.celineinmyworldmedium.com\/index.php\/wp-json\/wp\/v2\/media?parent=8331"}],"curies":[{"name":"wp","href":"https:\/\/api.w.org\/{rel}","templated":true}]}}