{"id":4947,"date":"2022-05-16T11:16:50","date_gmt":"2022-05-16T09:16:50","guid":{"rendered":"https:\/\/lescreationsde.celineinmyworldmedium.com\/?page_id=4947"},"modified":"2022-05-18T22:29:13","modified_gmt":"2022-05-18T20:29:13","slug":"comment-suivre-les-differentes-etapes-de-ma-commande","status":"publish","type":"page","link":"https:\/\/lescreationsde.celineinmyworldmedium.com\/index.php\/comment-suivre-les-differentes-etapes-de-ma-commande\/","title":{"rendered":"Comment suivre les diff\u00e9rentes \u00e9tapes de ma commande ?"},"content":{"rendered":"\n<figure class=\"wp-block-image size-full\"><img loading=\"lazy\" decoding=\"async\" width=\"161\" height=\"33\" src=\"https:\/\/lescreationsde.celineinmyworldmedium.com\/wp-content\/uploads\/2022\/05\/en_attente_de_paiement.png\" alt=\"En attente de paiement\" class=\"wp-image-4952\" srcset=\"https:\/\/lescreationsde.celineinmyworldmedium.com\/wp-content\/uploads\/2022\/05\/en_attente_de_paiement.png 161w, https:\/\/lescreationsde.celineinmyworldmedium.com\/wp-content\/uploads\/2022\/05\/en_attente_de_paiement-64x13.png 64w\" sizes=\"auto, (max-width: 161px) 100vw, 161px\" \/><\/figure>\n\n\n\n<p>\u00ab\u00a0En attente de paiement\u00a0\u00bb appara\u00eet dans votre commande lorsque vous payez par ch\u00e8que ou virement bancaire.<\/p>\n\n\n\n<figure class=\"wp-block-image size-full\"><img loading=\"lazy\" decoding=\"async\" width=\"154\" height=\"33\" src=\"https:\/\/lescreationsde.celineinmyworldmedium.com\/wp-content\/uploads\/2022\/05\/en_attente_de_creation.png\" alt=\"En attente de cr\u00e9ation\" class=\"wp-image-4948\" srcset=\"https:\/\/lescreationsde.celineinmyworldmedium.com\/wp-content\/uploads\/2022\/05\/en_attente_de_creation.png 154w, https:\/\/lescreationsde.celineinmyworldmedium.com\/wp-content\/uploads\/2022\/05\/en_attente_de_creation-64x14.png 64w, https:\/\/lescreationsde.celineinmyworldmedium.com\/wp-content\/uploads\/2022\/05\/en_attente_de_creation-150x33.png 150w\" sizes=\"auto, (max-width: 154px) 100vw, 154px\" \/><\/figure>\n\n\n\n<p>Pas d\u2019inqui\u00e9tude votre commande est en attente de cr\u00e9ation car je re\u00e7ois un certain nombre de commandes. Sachant qu&rsquo;en tant que m\u00e9dium, je charge vos bijoux en \u00e9nergie pour qu&rsquo;ils vous soient les plus b\u00e9n\u00e9fiques possible, avec l&rsquo;aide et l&rsquo;accompagnement de vos \u00ab\u00a0Guides Spirituels\u00a0\u00bb, tout cela demande de la pr\u00e9paration et du temps.<\/p>\n\n\n\n<figure class=\"wp-block-image size-full is-style-default\"><img loading=\"lazy\" decoding=\"async\" width=\"146\" height=\"33\" src=\"https:\/\/lescreationsde.celineinmyworldmedium.com\/wp-content\/uploads\/2022\/05\/en_cours_de_creation.png\" alt=\"En cours de cr\u00e9ation\" class=\"wp-image-4954\" srcset=\"https:\/\/lescreationsde.celineinmyworldmedium.com\/wp-content\/uploads\/2022\/05\/en_cours_de_creation.png 146w, https:\/\/lescreationsde.celineinmyworldmedium.com\/wp-content\/uploads\/2022\/05\/en_cours_de_creation-64x14.png 64w\" sizes=\"auto, (max-width: 146px) 100vw, 146px\" \/><\/figure>\n\n\n\n<p>\u00ab\u00a0En cours de cr\u00e9ation\u00a0\u00bb annonce que votre\/vos bijoux sont en cr\u00e9ation. Cela comprend la pr\u00e9paration et la fabrication.<\/p>\n\n\n\n<figure class=\"wp-block-image size-full is-style-default\"><img loading=\"lazy\" decoding=\"async\" width=\"192\" height=\"33\" src=\"https:\/\/lescreationsde.celineinmyworldmedium.com\/wp-content\/uploads\/2022\/05\/commande_finalisee.png\" alt=\"Commande finalis\u00e9e (pr\u00eate \u00e0 \u00eatre envoy\u00e9e)\" class=\"wp-image-4955\" srcset=\"https:\/\/lescreationsde.celineinmyworldmedium.com\/wp-content\/uploads\/2022\/05\/commande_finalisee.png 192w, https:\/\/lescreationsde.celineinmyworldmedium.com\/wp-content\/uploads\/2022\/05\/commande_finalisee-64x11.png 64w\" sizes=\"auto, (max-width: 192px) 100vw, 192px\" \/><\/figure>\n\n\n\n<p>Votre commande est finalis\u00e9e et pr\u00eate \u00e0 \u00eatre envoy\u00e9e. Celle-ci va \u00eatre envoy\u00e9e par la poste, en lettre suivie.<\/p>\n\n\n\n<figure class=\"wp-block-image size-full is-style-default\"><img loading=\"lazy\" decoding=\"async\" width=\"147\" height=\"33\" src=\"https:\/\/lescreationsde.celineinmyworldmedium.com\/wp-content\/uploads\/2022\/05\/en_cours_de_livraison.png\" alt=\"En cours de livraison\" class=\"wp-image-4956\" srcset=\"https:\/\/lescreationsde.celineinmyworldmedium.com\/wp-content\/uploads\/2022\/05\/en_cours_de_livraison.png 147w, https:\/\/lescreationsde.celineinmyworldmedium.com\/wp-content\/uploads\/2022\/05\/en_cours_de_livraison-64x14.png 64w\" sizes=\"auto, (max-width: 147px) 100vw, 147px\" \/><\/figure>\n\n\n\n<p>Votre commande est partie. Vous pouvez la suivre gr\u00e2ce \u00e0 la \u00ab\u00a0lettre suivie\u00a0\u00bb de la poste qui comporte un num\u00e9ro tel que : 3X005xxxxxxxxxxx<\/p>\n\n\n\n<figure class=\"wp-block-image size-full is-style-default\"><img loading=\"lazy\" decoding=\"async\" width=\"128\" height=\"33\" src=\"https:\/\/lescreationsde.celineinmyworldmedium.com\/wp-content\/uploads\/2022\/05\/commande_livree.png\" alt=\"Commande livr\u00e9e\" class=\"wp-image-4957\" srcset=\"https:\/\/lescreationsde.celineinmyworldmedium.com\/wp-content\/uploads\/2022\/05\/commande_livree.png 128w, https:\/\/lescreationsde.celineinmyworldmedium.com\/wp-content\/uploads\/2022\/05\/commande_livree-64x17.png 64w\" sizes=\"auto, (max-width: 128px) 100vw, 128px\" \/><\/figure>\n\n\n\n<p>Votre commande est livr\u00e9e dans votre bo\u00eete aux lettres par le facteur.<\/p>\n\n\n\n<p><strong><em>Ces diff\u00e9rentes \u00e9tapes peuvent \u00eatre suivies sur \u00ab\u00a0mon compte\u00a0\u00bb de la boutique<\/em><\/strong>.<\/p>\n","protected":false},"excerpt":{"rendered":"<p>\u00ab\u00a0En attente de paiement\u00a0\u00bb appara\u00eet dans votre commande lorsque vous payez par ch\u00e8que ou virement bancaire. Pas d\u2019inqui\u00e9tude votre commande est en attente de cr\u00e9ation car je re\u00e7ois un certain nombre de commandes. Sachant qu&rsquo;en tant que m\u00e9dium, je charge vos bijoux en \u00e9nergie pour qu&rsquo;ils vous soient les plus b\u00e9n\u00e9fiques possible, avec l&rsquo;aide et [&hellip;]<\/p>\n","protected":false},"author":1,"featured_media":0,"parent":0,"menu_order":0,"comment_status":"closed","ping_status":"closed","template":"","meta":{"footnotes":""},"class_list":["post-4947","page","type-page","status-publish","hentry"],"yoast_head":"<!-- This site is optimized with the Yoast SEO plugin v27.2 - https:\/\/yoast.com\/product\/yoast-seo-wordpress\/ -->\n<title>Comment suivre les diff\u00e9rentes \u00e9tapes de ma commande ? - La Boutique<\/title>\n<meta name=\"description\" content=\"Votre commande est partie. Vous pouvez la suivre gr\u00e2ce \u00e0 la &quot;lettre suivie&quot; de la poste qui comporte un num\u00e9ro tel que : 3X005xxxxxxxxxxx\" \/>\n<meta name=\"robots\" content=\"index, follow, max-snippet:-1, max-image-preview:large, max-video-preview:-1\" \/>\n<link rel=\"canonical\" href=\"https:\/\/lescreationsde.celineinmyworldmedium.com\/index.php\/comment-suivre-les-differentes-etapes-de-ma-commande\/\" \/>\n<meta property=\"og:locale\" content=\"fr_FR\" \/>\n<meta property=\"og:type\" content=\"article\" \/>\n<meta property=\"og:title\" content=\"Comment suivre les diff\u00e9rentes \u00e9tapes de ma commande ? - La Boutique\" \/>\n<meta property=\"og:description\" content=\"Votre commande est partie. Vous pouvez la suivre gr\u00e2ce \u00e0 la &quot;lettre suivie&quot; de la poste qui comporte un num\u00e9ro tel que : 3X005xxxxxxxxxxx\" \/>\n<meta property=\"og:url\" content=\"https:\/\/lescreationsde.celineinmyworldmedium.com\/index.php\/comment-suivre-les-differentes-etapes-de-ma-commande\/\" \/>\n<meta property=\"og:site_name\" content=\"Les cr\u00e9ations de C\u00e9line Inmyworld\" \/>\n<meta property=\"article:modified_time\" content=\"2022-05-18T20:29:13+00:00\" \/>\n<meta property=\"og:image\" content=\"https:\/\/lescreationsde.celineinmyworldmedium.com\/wp-content\/uploads\/2022\/05\/en_attente_de_paiement.png\" \/>\n<meta name=\"twitter:card\" content=\"summary_large_image\" \/>\n<meta name=\"twitter:label1\" content=\"Dur\u00e9e de lecture estim\u00e9e\" \/>\n\t<meta name=\"twitter:data1\" content=\"2 minutes\" \/>\n<script type=\"application\/ld+json\" class=\"yoast-schema-graph\">{\"@context\":\"https:\/\/schema.org\",\"@graph\":[{\"@type\":\"WebPage\",\"@id\":\"https:\/\/lescreationsde.celineinmyworldmedium.com\/index.php\/comment-suivre-les-differentes-etapes-de-ma-commande\/\",\"url\":\"https:\/\/lescreationsde.celineinmyworldmedium.com\/index.php\/comment-suivre-les-differentes-etapes-de-ma-commande\/\",\"name\":\"Comment suivre les diff\u00e9rentes \u00e9tapes de ma commande ? - La Boutique\",\"isPartOf\":{\"@id\":\"https:\/\/lescreationsde.celineinmyworldmedium.com\/#website\"},\"primaryImageOfPage\":{\"@id\":\"https:\/\/lescreationsde.celineinmyworldmedium.com\/index.php\/comment-suivre-les-differentes-etapes-de-ma-commande\/#primaryimage\"},\"image\":{\"@id\":\"https:\/\/lescreationsde.celineinmyworldmedium.com\/index.php\/comment-suivre-les-differentes-etapes-de-ma-commande\/#primaryimage\"},\"thumbnailUrl\":\"https:\/\/lescreationsde.celineinmyworldmedium.com\/wp-content\/uploads\/2022\/05\/en_attente_de_paiement.png\",\"datePublished\":\"2022-05-16T09:16:50+00:00\",\"dateModified\":\"2022-05-18T20:29:13+00:00\",\"description\":\"Votre commande est partie. Vous pouvez la suivre gr\u00e2ce \u00e0 la \\\"lettre suivie\\\" de la poste qui comporte un num\u00e9ro tel que : 3X005xxxxxxxxxxx\",\"breadcrumb\":{\"@id\":\"https:\/\/lescreationsde.celineinmyworldmedium.com\/index.php\/comment-suivre-les-differentes-etapes-de-ma-commande\/#breadcrumb\"},\"inLanguage\":\"fr-FR\",\"potentialAction\":[{\"@type\":\"ReadAction\",\"target\":[\"https:\/\/lescreationsde.celineinmyworldmedium.com\/index.php\/comment-suivre-les-differentes-etapes-de-ma-commande\/\"]}]},{\"@type\":\"ImageObject\",\"inLanguage\":\"fr-FR\",\"@id\":\"https:\/\/lescreationsde.celineinmyworldmedium.com\/index.php\/comment-suivre-les-differentes-etapes-de-ma-commande\/#primaryimage\",\"url\":\"https:\/\/lescreationsde.celineinmyworldmedium.com\/wp-content\/uploads\/2022\/05\/en_attente_de_paiement.png\",\"contentUrl\":\"https:\/\/lescreationsde.celineinmyworldmedium.com\/wp-content\/uploads\/2022\/05\/en_attente_de_paiement.png\",\"width\":161,\"height\":33,\"caption\":\"En attente de paiement\"},{\"@type\":\"BreadcrumbList\",\"@id\":\"https:\/\/lescreationsde.celineinmyworldmedium.com\/index.php\/comment-suivre-les-differentes-etapes-de-ma-commande\/#breadcrumb\",\"itemListElement\":[{\"@type\":\"ListItem\",\"position\":1,\"name\":\"Accueil\",\"item\":\"https:\/\/lescreationsde.celineinmyworldmedium.com\/\"},{\"@type\":\"ListItem\",\"position\":2,\"name\":\"Comment suivre les diff\u00e9rentes \u00e9tapes de ma commande ?\"}]},{\"@type\":\"WebSite\",\"@id\":\"https:\/\/lescreationsde.celineinmyworldmedium.com\/#website\",\"url\":\"https:\/\/lescreationsde.celineinmyworldmedium.com\/\",\"name\":\"Les cr\u00e9ations de C\u00e9line Inmyworld\",\"description\":\"Cr\u00e9ation de bijoux personnalis\u00e9s, sur-mesure, en pierres semi-pr\u00e9cieuses de qualit\u00e9. Bracelets, boucles d&#039;oreilles, colliers, sautoirs, malas, cha\u00eenes de cheville, bagues...\u2764\",\"publisher\":{\"@id\":\"https:\/\/lescreationsde.celineinmyworldmedium.com\/#organization\"},\"potentialAction\":[{\"@type\":\"SearchAction\",\"target\":{\"@type\":\"EntryPoint\",\"urlTemplate\":\"https:\/\/lescreationsde.celineinmyworldmedium.com\/?s={search_term_string}\"},\"query-input\":{\"@type\":\"PropertyValueSpecification\",\"valueRequired\":true,\"valueName\":\"search_term_string\"}}],\"inLanguage\":\"fr-FR\"},{\"@type\":\"Organization\",\"@id\":\"https:\/\/lescreationsde.celineinmyworldmedium.com\/#organization\",\"name\":\"Les cr\u00e9ations de C\u00e9line Inmyworld\",\"url\":\"https:\/\/lescreationsde.celineinmyworldmedium.com\/\",\"logo\":{\"@type\":\"ImageObject\",\"inLanguage\":\"fr-FR\",\"@id\":\"https:\/\/lescreationsde.celineinmyworldmedium.com\/#\/schema\/logo\/image\/\",\"url\":\"https:\/\/lescreationsde.celineinmyworldmedium.com\/wp-content\/uploads\/2021\/03\/logo_creations3.png\",\"contentUrl\":\"https:\/\/lescreationsde.celineinmyworldmedium.com\/wp-content\/uploads\/2021\/03\/logo_creations3.png\",\"width\":613,\"height\":190,\"caption\":\"Les cr\u00e9ations de C\u00e9line Inmyworld\"},\"image\":{\"@id\":\"https:\/\/lescreationsde.celineinmyworldmedium.com\/#\/schema\/logo\/image\/\"}}]}<\/script>\n<!-- \/ Yoast SEO plugin. -->","yoast_head_json":{"title":"Comment suivre les diff\u00e9rentes \u00e9tapes de ma commande ? - La Boutique","description":"Votre commande est partie. Vous pouvez la suivre gr\u00e2ce \u00e0 la \"lettre suivie\" de la poste qui comporte un num\u00e9ro tel que : 3X005xxxxxxxxxxx","robots":{"index":"index","follow":"follow","max-snippet":"max-snippet:-1","max-image-preview":"max-image-preview:large","max-video-preview":"max-video-preview:-1"},"canonical":"https:\/\/lescreationsde.celineinmyworldmedium.com\/index.php\/comment-suivre-les-differentes-etapes-de-ma-commande\/","og_locale":"fr_FR","og_type":"article","og_title":"Comment suivre les diff\u00e9rentes \u00e9tapes de ma commande ? - La Boutique","og_description":"Votre commande est partie. Vous pouvez la suivre gr\u00e2ce \u00e0 la \"lettre suivie\" de la poste qui comporte un num\u00e9ro tel que : 3X005xxxxxxxxxxx","og_url":"https:\/\/lescreationsde.celineinmyworldmedium.com\/index.php\/comment-suivre-les-differentes-etapes-de-ma-commande\/","og_site_name":"Les cr\u00e9ations de C\u00e9line Inmyworld","article_modified_time":"2022-05-18T20:29:13+00:00","og_image":[{"url":"https:\/\/lescreationsde.celineinmyworldmedium.com\/wp-content\/uploads\/2022\/05\/en_attente_de_paiement.png","type":"","width":"","height":""}],"twitter_card":"summary_large_image","twitter_misc":{"Dur\u00e9e de lecture estim\u00e9e":"2 minutes"},"schema":{"@context":"https:\/\/schema.org","@graph":[{"@type":"WebPage","@id":"https:\/\/lescreationsde.celineinmyworldmedium.com\/index.php\/comment-suivre-les-differentes-etapes-de-ma-commande\/","url":"https:\/\/lescreationsde.celineinmyworldmedium.com\/index.php\/comment-suivre-les-differentes-etapes-de-ma-commande\/","name":"Comment suivre les diff\u00e9rentes \u00e9tapes de ma commande ? - La Boutique","isPartOf":{"@id":"https:\/\/lescreationsde.celineinmyworldmedium.com\/#website"},"primaryImageOfPage":{"@id":"https:\/\/lescreationsde.celineinmyworldmedium.com\/index.php\/comment-suivre-les-differentes-etapes-de-ma-commande\/#primaryimage"},"image":{"@id":"https:\/\/lescreationsde.celineinmyworldmedium.com\/index.php\/comment-suivre-les-differentes-etapes-de-ma-commande\/#primaryimage"},"thumbnailUrl":"https:\/\/lescreationsde.celineinmyworldmedium.com\/wp-content\/uploads\/2022\/05\/en_attente_de_paiement.png","datePublished":"2022-05-16T09:16:50+00:00","dateModified":"2022-05-18T20:29:13+00:00","description":"Votre commande est partie. Vous pouvez la suivre gr\u00e2ce \u00e0 la \"lettre suivie\" de la poste qui comporte un num\u00e9ro tel que : 3X005xxxxxxxxxxx","breadcrumb":{"@id":"https:\/\/lescreationsde.celineinmyworldmedium.com\/index.php\/comment-suivre-les-differentes-etapes-de-ma-commande\/#breadcrumb"},"inLanguage":"fr-FR","potentialAction":[{"@type":"ReadAction","target":["https:\/\/lescreationsde.celineinmyworldmedium.com\/index.php\/comment-suivre-les-differentes-etapes-de-ma-commande\/"]}]},{"@type":"ImageObject","inLanguage":"fr-FR","@id":"https:\/\/lescreationsde.celineinmyworldmedium.com\/index.php\/comment-suivre-les-differentes-etapes-de-ma-commande\/#primaryimage","url":"https:\/\/lescreationsde.celineinmyworldmedium.com\/wp-content\/uploads\/2022\/05\/en_attente_de_paiement.png","contentUrl":"https:\/\/lescreationsde.celineinmyworldmedium.com\/wp-content\/uploads\/2022\/05\/en_attente_de_paiement.png","width":161,"height":33,"caption":"En attente de paiement"},{"@type":"BreadcrumbList","@id":"https:\/\/lescreationsde.celineinmyworldmedium.com\/index.php\/comment-suivre-les-differentes-etapes-de-ma-commande\/#breadcrumb","itemListElement":[{"@type":"ListItem","position":1,"name":"Accueil","item":"https:\/\/lescreationsde.celineinmyworldmedium.com\/"},{"@type":"ListItem","position":2,"name":"Comment suivre les diff\u00e9rentes \u00e9tapes de ma commande ?"}]},{"@type":"WebSite","@id":"https:\/\/lescreationsde.celineinmyworldmedium.com\/#website","url":"https:\/\/lescreationsde.celineinmyworldmedium.com\/","name":"Les cr\u00e9ations de C\u00e9line Inmyworld","description":"Cr\u00e9ation de bijoux personnalis\u00e9s, sur-mesure, en pierres semi-pr\u00e9cieuses de qualit\u00e9. Bracelets, boucles d&#039;oreilles, colliers, sautoirs, malas, cha\u00eenes de cheville, bagues...\u2764","publisher":{"@id":"https:\/\/lescreationsde.celineinmyworldmedium.com\/#organization"},"potentialAction":[{"@type":"SearchAction","target":{"@type":"EntryPoint","urlTemplate":"https:\/\/lescreationsde.celineinmyworldmedium.com\/?s={search_term_string}"},"query-input":{"@type":"PropertyValueSpecification","valueRequired":true,"valueName":"search_term_string"}}],"inLanguage":"fr-FR"},{"@type":"Organization","@id":"https:\/\/lescreationsde.celineinmyworldmedium.com\/#organization","name":"Les cr\u00e9ations de C\u00e9line Inmyworld","url":"https:\/\/lescreationsde.celineinmyworldmedium.com\/","logo":{"@type":"ImageObject","inLanguage":"fr-FR","@id":"https:\/\/lescreationsde.celineinmyworldmedium.com\/#\/schema\/logo\/image\/","url":"https:\/\/lescreationsde.celineinmyworldmedium.com\/wp-content\/uploads\/2021\/03\/logo_creations3.png","contentUrl":"https:\/\/lescreationsde.celineinmyworldmedium.com\/wp-content\/uploads\/2021\/03\/logo_creations3.png","width":613,"height":190,"caption":"Les cr\u00e9ations de C\u00e9line Inmyworld"},"image":{"@id":"https:\/\/lescreationsde.celineinmyworldmedium.com\/#\/schema\/logo\/image\/"}}]}},"jetpack_sharing_enabled":true,"_links":{"self":[{"href":"https:\/\/lescreationsde.celineinmyworldmedium.com\/index.php\/wp-json\/wp\/v2\/pages\/4947","targetHints":{"allow":["GET"]}}],"collection":[{"href":"https:\/\/lescreationsde.celineinmyworldmedium.com\/index.php\/wp-json\/wp\/v2\/pages"}],"about":[{"href":"https:\/\/lescreationsde.celineinmyworldmedium.com\/index.php\/wp-json\/wp\/v2\/types\/page"}],"author":[{"embeddable":true,"href":"https:\/\/lescreationsde.celineinmyworldmedium.com\/index.php\/wp-json\/wp\/v2\/users\/1"}],"replies":[{"embeddable":true,"href":"https:\/\/lescreationsde.celineinmyworldmedium.com\/index.php\/wp-json\/wp\/v2\/comments?post=4947"}],"version-history":[{"count":10,"href":"https:\/\/lescreationsde.celineinmyworldmedium.com\/index.php\/wp-json\/wp\/v2\/pages\/4947\/revisions"}],"predecessor-version":[{"id":4973,"href":"https:\/\/lescreationsde.celineinmyworldmedium.com\/index.php\/wp-json\/wp\/v2\/pages\/4947\/revisions\/4973"}],"wp:attachment":[{"href":"https:\/\/lescreationsde.celineinmyworldmedium.com\/index.php\/wp-json\/wp\/v2\/media?parent=4947"}],"curies":[{"name":"wp","href":"https:\/\/api.w.org\/{rel}","templated":true}]}}