{"id":3029,"date":"2021-10-20T13:51:41","date_gmt":"2021-10-20T11:51:41","guid":{"rendered":"https:\/\/lescreationsde.celineinmyworldmedium.com\/?page_id=3029"},"modified":"2021-10-20T13:52:40","modified_gmt":"2021-10-20T11:52:40","slug":"comment-suivre-letat-de-ma-commande","status":"publish","type":"page","link":"https:\/\/lescreationsde.celineinmyworldmedium.com\/index.php\/comment-suivre-letat-de-ma-commande\/","title":{"rendered":"Comment suivre l&rsquo;\u00e9tat de ma commande ?"},"content":{"rendered":"\n<p>  Vous pouvez ainsi suivre r\u00e9guli\u00e8rement votre commande en vous connectant sur \u00ab\u00a0Mon Compte\u00a0\u00bb et cliquez sur \u00ab\u00a0Commande\u00a0\u00bb, apparait alors une fen\u00eatre (exemple ci-dessous).<\/p>\n\n\n\n<figure class=\"wp-block-image size-full\"><img loading=\"lazy\" decoding=\"async\" width=\"799\" height=\"238\" src=\"https:\/\/lescreationsde.celineinmyworldmedium.com\/wp-content\/uploads\/2021\/10\/exemple_compte_2.jpg\" alt=\"Exemple commande\" class=\"wp-image-3031\" srcset=\"https:\/\/lescreationsde.celineinmyworldmedium.com\/wp-content\/uploads\/2021\/10\/exemple_compte_2.jpg 799w, https:\/\/lescreationsde.celineinmyworldmedium.com\/wp-content\/uploads\/2021\/10\/exemple_compte_2-416x124.jpg 416w, https:\/\/lescreationsde.celineinmyworldmedium.com\/wp-content\/uploads\/2021\/10\/exemple_compte_2-64x19.jpg 64w, https:\/\/lescreationsde.celineinmyworldmedium.com\/wp-content\/uploads\/2021\/10\/exemple_compte_2-300x89.jpg 300w, https:\/\/lescreationsde.celineinmyworldmedium.com\/wp-content\/uploads\/2021\/10\/exemple_compte_2-768x229.jpg 768w, https:\/\/lescreationsde.celineinmyworldmedium.com\/wp-content\/uploads\/2021\/10\/exemple_compte_2-201x60.jpg 201w, https:\/\/lescreationsde.celineinmyworldmedium.com\/wp-content\/uploads\/2021\/10\/exemple_compte_2-600x179.jpg 600w\" sizes=\"auto, (max-width: 799px) 100vw, 799px\" \/><\/figure>\n\n\n\n<p>Mais le plus important est l&rsquo;\u00e9tat de votre commande, ici : \u00ab\u00a0<strong>En attente de paiement\u00a0\u00bb<\/strong> .  <\/p>\n\n\n\n<p>Comme vous pouvez le constater dans cet exemple ci-dessous, il est facile de suivre l&rsquo;\u00e9volution de celle-ci. En cliquant sur \u00ab\u00a0<strong>Voir<\/strong>\u00ab\u00a0, une vision plus d\u00e9taill\u00e9e de votre commande appara\u00eet.<\/p>\n\n\n\n<figure class=\"wp-block-image size-full\"><img loading=\"lazy\" decoding=\"async\" width=\"787\" height=\"632\" src=\"https:\/\/lescreationsde.celineinmyworldmedium.com\/wp-content\/uploads\/2021\/10\/exemple_compte.jpg\" alt=\"Exemple de commande\" class=\"wp-image-3030\" srcset=\"https:\/\/lescreationsde.celineinmyworldmedium.com\/wp-content\/uploads\/2021\/10\/exemple_compte.jpg 787w, https:\/\/lescreationsde.celineinmyworldmedium.com\/wp-content\/uploads\/2021\/10\/exemple_compte-416x334.jpg 416w, https:\/\/lescreationsde.celineinmyworldmedium.com\/wp-content\/uploads\/2021\/10\/exemple_compte-64x51.jpg 64w, https:\/\/lescreationsde.celineinmyworldmedium.com\/wp-content\/uploads\/2021\/10\/exemple_compte-300x241.jpg 300w, https:\/\/lescreationsde.celineinmyworldmedium.com\/wp-content\/uploads\/2021\/10\/exemple_compte-768x617.jpg 768w, https:\/\/lescreationsde.celineinmyworldmedium.com\/wp-content\/uploads\/2021\/10\/exemple_compte-75x60.jpg 75w, https:\/\/lescreationsde.celineinmyworldmedium.com\/wp-content\/uploads\/2021\/10\/exemple_compte-600x482.jpg 600w, https:\/\/lescreationsde.celineinmyworldmedium.com\/wp-content\/uploads\/2021\/10\/exemple_compte-112x90.jpg 112w\" sizes=\"auto, (max-width: 787px) 100vw, 787px\" \/><\/figure>\n\n\n\n<p>Vous pouvez ainsi suivre l&rsquo;avancement de l&rsquo;achat de vos produits en vous connectant r\u00e9guli\u00e8rement sur votre compte jusqu&rsquo;\u00e0 la livraison.<\/p>\n","protected":false},"excerpt":{"rendered":"<p>Vous pouvez ainsi suivre r\u00e9guli\u00e8rement votre commande en vous connectant sur \u00ab\u00a0Mon Compte\u00a0\u00bb et cliquez sur \u00ab\u00a0Commande\u00a0\u00bb, apparait alors une fen\u00eatre (exemple ci-dessous). Mais le plus important est l&rsquo;\u00e9tat de votre commande, ici : \u00ab\u00a0En attente de paiement\u00a0\u00bb . Comme vous pouvez le constater dans cet exemple ci-dessous, il est facile de suivre l&rsquo;\u00e9volution de [&hellip;]<\/p>\n","protected":false},"author":1,"featured_media":0,"parent":0,"menu_order":0,"comment_status":"closed","ping_status":"closed","template":"","meta":{"footnotes":""},"class_list":["post-3029","page","type-page","status-publish","hentry"],"yoast_head":"<!-- This site is optimized with the Yoast SEO plugin v27.2 - https:\/\/yoast.com\/product\/yoast-seo-wordpress\/ -->\n<title>La Boutique de C\u00e9line - Comment suivre l&#039;\u00e9tat de ma commande ?<\/title>\n<meta name=\"description\" content=\"Comme vous pouvez le constater dans cet exemple ci-dessous, il est facile de suivre l&#039;\u00e9volution de celle-ci.\" \/>\n<meta name=\"robots\" content=\"index, follow, max-snippet:-1, max-image-preview:large, max-video-preview:-1\" \/>\n<link rel=\"canonical\" href=\"https:\/\/lescreationsde.celineinmyworldmedium.com\/index.php\/comment-suivre-letat-de-ma-commande\/\" \/>\n<meta property=\"og:locale\" content=\"fr_FR\" \/>\n<meta property=\"og:type\" content=\"article\" \/>\n<meta property=\"og:title\" content=\"La Boutique de C\u00e9line - Comment suivre l&#039;\u00e9tat de ma commande ?\" \/>\n<meta property=\"og:description\" content=\"Comme vous pouvez le constater dans cet exemple ci-dessous, il est facile de suivre l&#039;\u00e9volution de celle-ci.\" \/>\n<meta property=\"og:url\" content=\"https:\/\/lescreationsde.celineinmyworldmedium.com\/index.php\/comment-suivre-letat-de-ma-commande\/\" \/>\n<meta property=\"og:site_name\" content=\"Les cr\u00e9ations de C\u00e9line Inmyworld\" \/>\n<meta property=\"article:modified_time\" content=\"2021-10-20T11:52:40+00:00\" \/>\n<meta property=\"og:image\" content=\"https:\/\/lescreationsde.celineinmyworldmedium.com\/wp-content\/uploads\/2021\/10\/exemple_compte_2.jpg\" \/>\n<meta name=\"twitter:card\" content=\"summary_large_image\" \/>\n<meta name=\"twitter:label1\" content=\"Dur\u00e9e de lecture estim\u00e9e\" \/>\n\t<meta name=\"twitter:data1\" content=\"1 minute\" \/>\n<script type=\"application\/ld+json\" class=\"yoast-schema-graph\">{\"@context\":\"https:\/\/schema.org\",\"@graph\":[{\"@type\":\"WebPage\",\"@id\":\"https:\/\/lescreationsde.celineinmyworldmedium.com\/index.php\/comment-suivre-letat-de-ma-commande\/\",\"url\":\"https:\/\/lescreationsde.celineinmyworldmedium.com\/index.php\/comment-suivre-letat-de-ma-commande\/\",\"name\":\"La Boutique de C\u00e9line - Comment suivre l'\u00e9tat de ma commande ?\",\"isPartOf\":{\"@id\":\"https:\/\/lescreationsde.celineinmyworldmedium.com\/#website\"},\"primaryImageOfPage\":{\"@id\":\"https:\/\/lescreationsde.celineinmyworldmedium.com\/index.php\/comment-suivre-letat-de-ma-commande\/#primaryimage\"},\"image\":{\"@id\":\"https:\/\/lescreationsde.celineinmyworldmedium.com\/index.php\/comment-suivre-letat-de-ma-commande\/#primaryimage\"},\"thumbnailUrl\":\"https:\/\/lescreationsde.celineinmyworldmedium.com\/wp-content\/uploads\/2021\/10\/exemple_compte_2.jpg\",\"datePublished\":\"2021-10-20T11:51:41+00:00\",\"dateModified\":\"2021-10-20T11:52:40+00:00\",\"description\":\"Comme vous pouvez le constater dans cet exemple ci-dessous, il est facile de suivre l'\u00e9volution de celle-ci.\",\"breadcrumb\":{\"@id\":\"https:\/\/lescreationsde.celineinmyworldmedium.com\/index.php\/comment-suivre-letat-de-ma-commande\/#breadcrumb\"},\"inLanguage\":\"fr-FR\",\"potentialAction\":[{\"@type\":\"ReadAction\",\"target\":[\"https:\/\/lescreationsde.celineinmyworldmedium.com\/index.php\/comment-suivre-letat-de-ma-commande\/\"]}]},{\"@type\":\"ImageObject\",\"inLanguage\":\"fr-FR\",\"@id\":\"https:\/\/lescreationsde.celineinmyworldmedium.com\/index.php\/comment-suivre-letat-de-ma-commande\/#primaryimage\",\"url\":\"https:\/\/lescreationsde.celineinmyworldmedium.com\/wp-content\/uploads\/2021\/10\/exemple_compte_2.jpg\",\"contentUrl\":\"https:\/\/lescreationsde.celineinmyworldmedium.com\/wp-content\/uploads\/2021\/10\/exemple_compte_2.jpg\",\"width\":799,\"height\":238,\"caption\":\"Exemple commande\"},{\"@type\":\"BreadcrumbList\",\"@id\":\"https:\/\/lescreationsde.celineinmyworldmedium.com\/index.php\/comment-suivre-letat-de-ma-commande\/#breadcrumb\",\"itemListElement\":[{\"@type\":\"ListItem\",\"position\":1,\"name\":\"Accueil\",\"item\":\"https:\/\/lescreationsde.celineinmyworldmedium.com\/\"},{\"@type\":\"ListItem\",\"position\":2,\"name\":\"Comment suivre l&rsquo;\u00e9tat de ma commande ?\"}]},{\"@type\":\"WebSite\",\"@id\":\"https:\/\/lescreationsde.celineinmyworldmedium.com\/#website\",\"url\":\"https:\/\/lescreationsde.celineinmyworldmedium.com\/\",\"name\":\"Les cr\u00e9ations de C\u00e9line Inmyworld\",\"description\":\"Cr\u00e9ation de bijoux personnalis\u00e9s, sur-mesure, en pierres semi-pr\u00e9cieuses de qualit\u00e9. Bracelets, boucles d&#039;oreilles, colliers, sautoirs, malas, cha\u00eenes de cheville, bagues...\u2764\",\"publisher\":{\"@id\":\"https:\/\/lescreationsde.celineinmyworldmedium.com\/#organization\"},\"potentialAction\":[{\"@type\":\"SearchAction\",\"target\":{\"@type\":\"EntryPoint\",\"urlTemplate\":\"https:\/\/lescreationsde.celineinmyworldmedium.com\/?s={search_term_string}\"},\"query-input\":{\"@type\":\"PropertyValueSpecification\",\"valueRequired\":true,\"valueName\":\"search_term_string\"}}],\"inLanguage\":\"fr-FR\"},{\"@type\":\"Organization\",\"@id\":\"https:\/\/lescreationsde.celineinmyworldmedium.com\/#organization\",\"name\":\"Les cr\u00e9ations de C\u00e9line Inmyworld\",\"url\":\"https:\/\/lescreationsde.celineinmyworldmedium.com\/\",\"logo\":{\"@type\":\"ImageObject\",\"inLanguage\":\"fr-FR\",\"@id\":\"https:\/\/lescreationsde.celineinmyworldmedium.com\/#\/schema\/logo\/image\/\",\"url\":\"https:\/\/lescreationsde.celineinmyworldmedium.com\/wp-content\/uploads\/2021\/03\/logo_creations3.png\",\"contentUrl\":\"https:\/\/lescreationsde.celineinmyworldmedium.com\/wp-content\/uploads\/2021\/03\/logo_creations3.png\",\"width\":613,\"height\":190,\"caption\":\"Les cr\u00e9ations de C\u00e9line Inmyworld\"},\"image\":{\"@id\":\"https:\/\/lescreationsde.celineinmyworldmedium.com\/#\/schema\/logo\/image\/\"}}]}<\/script>\n<!-- \/ Yoast SEO plugin. -->","yoast_head_json":{"title":"La Boutique de C\u00e9line - Comment suivre l'\u00e9tat de ma commande ?","description":"Comme vous pouvez le constater dans cet exemple ci-dessous, il est facile de suivre l'\u00e9volution de celle-ci.","robots":{"index":"index","follow":"follow","max-snippet":"max-snippet:-1","max-image-preview":"max-image-preview:large","max-video-preview":"max-video-preview:-1"},"canonical":"https:\/\/lescreationsde.celineinmyworldmedium.com\/index.php\/comment-suivre-letat-de-ma-commande\/","og_locale":"fr_FR","og_type":"article","og_title":"La Boutique de C\u00e9line - Comment suivre l'\u00e9tat de ma commande ?","og_description":"Comme vous pouvez le constater dans cet exemple ci-dessous, il est facile de suivre l'\u00e9volution de celle-ci.","og_url":"https:\/\/lescreationsde.celineinmyworldmedium.com\/index.php\/comment-suivre-letat-de-ma-commande\/","og_site_name":"Les cr\u00e9ations de C\u00e9line Inmyworld","article_modified_time":"2021-10-20T11:52:40+00:00","og_image":[{"url":"https:\/\/lescreationsde.celineinmyworldmedium.com\/wp-content\/uploads\/2021\/10\/exemple_compte_2.jpg","type":"","width":"","height":""}],"twitter_card":"summary_large_image","twitter_misc":{"Dur\u00e9e de lecture estim\u00e9e":"1 minute"},"schema":{"@context":"https:\/\/schema.org","@graph":[{"@type":"WebPage","@id":"https:\/\/lescreationsde.celineinmyworldmedium.com\/index.php\/comment-suivre-letat-de-ma-commande\/","url":"https:\/\/lescreationsde.celineinmyworldmedium.com\/index.php\/comment-suivre-letat-de-ma-commande\/","name":"La Boutique de C\u00e9line - Comment suivre l'\u00e9tat de ma commande ?","isPartOf":{"@id":"https:\/\/lescreationsde.celineinmyworldmedium.com\/#website"},"primaryImageOfPage":{"@id":"https:\/\/lescreationsde.celineinmyworldmedium.com\/index.php\/comment-suivre-letat-de-ma-commande\/#primaryimage"},"image":{"@id":"https:\/\/lescreationsde.celineinmyworldmedium.com\/index.php\/comment-suivre-letat-de-ma-commande\/#primaryimage"},"thumbnailUrl":"https:\/\/lescreationsde.celineinmyworldmedium.com\/wp-content\/uploads\/2021\/10\/exemple_compte_2.jpg","datePublished":"2021-10-20T11:51:41+00:00","dateModified":"2021-10-20T11:52:40+00:00","description":"Comme vous pouvez le constater dans cet exemple ci-dessous, il est facile de suivre l'\u00e9volution de celle-ci.","breadcrumb":{"@id":"https:\/\/lescreationsde.celineinmyworldmedium.com\/index.php\/comment-suivre-letat-de-ma-commande\/#breadcrumb"},"inLanguage":"fr-FR","potentialAction":[{"@type":"ReadAction","target":["https:\/\/lescreationsde.celineinmyworldmedium.com\/index.php\/comment-suivre-letat-de-ma-commande\/"]}]},{"@type":"ImageObject","inLanguage":"fr-FR","@id":"https:\/\/lescreationsde.celineinmyworldmedium.com\/index.php\/comment-suivre-letat-de-ma-commande\/#primaryimage","url":"https:\/\/lescreationsde.celineinmyworldmedium.com\/wp-content\/uploads\/2021\/10\/exemple_compte_2.jpg","contentUrl":"https:\/\/lescreationsde.celineinmyworldmedium.com\/wp-content\/uploads\/2021\/10\/exemple_compte_2.jpg","width":799,"height":238,"caption":"Exemple commande"},{"@type":"BreadcrumbList","@id":"https:\/\/lescreationsde.celineinmyworldmedium.com\/index.php\/comment-suivre-letat-de-ma-commande\/#breadcrumb","itemListElement":[{"@type":"ListItem","position":1,"name":"Accueil","item":"https:\/\/lescreationsde.celineinmyworldmedium.com\/"},{"@type":"ListItem","position":2,"name":"Comment suivre l&rsquo;\u00e9tat de ma commande ?"}]},{"@type":"WebSite","@id":"https:\/\/lescreationsde.celineinmyworldmedium.com\/#website","url":"https:\/\/lescreationsde.celineinmyworldmedium.com\/","name":"Les cr\u00e9ations de C\u00e9line Inmyworld","description":"Cr\u00e9ation de bijoux personnalis\u00e9s, sur-mesure, en pierres semi-pr\u00e9cieuses de qualit\u00e9. Bracelets, boucles d&#039;oreilles, colliers, sautoirs, malas, cha\u00eenes de cheville, bagues...\u2764","publisher":{"@id":"https:\/\/lescreationsde.celineinmyworldmedium.com\/#organization"},"potentialAction":[{"@type":"SearchAction","target":{"@type":"EntryPoint","urlTemplate":"https:\/\/lescreationsde.celineinmyworldmedium.com\/?s={search_term_string}"},"query-input":{"@type":"PropertyValueSpecification","valueRequired":true,"valueName":"search_term_string"}}],"inLanguage":"fr-FR"},{"@type":"Organization","@id":"https:\/\/lescreationsde.celineinmyworldmedium.com\/#organization","name":"Les cr\u00e9ations de C\u00e9line Inmyworld","url":"https:\/\/lescreationsde.celineinmyworldmedium.com\/","logo":{"@type":"ImageObject","inLanguage":"fr-FR","@id":"https:\/\/lescreationsde.celineinmyworldmedium.com\/#\/schema\/logo\/image\/","url":"https:\/\/lescreationsde.celineinmyworldmedium.com\/wp-content\/uploads\/2021\/03\/logo_creations3.png","contentUrl":"https:\/\/lescreationsde.celineinmyworldmedium.com\/wp-content\/uploads\/2021\/03\/logo_creations3.png","width":613,"height":190,"caption":"Les cr\u00e9ations de C\u00e9line Inmyworld"},"image":{"@id":"https:\/\/lescreationsde.celineinmyworldmedium.com\/#\/schema\/logo\/image\/"}}]}},"jetpack_sharing_enabled":true,"_links":{"self":[{"href":"https:\/\/lescreationsde.celineinmyworldmedium.com\/index.php\/wp-json\/wp\/v2\/pages\/3029","targetHints":{"allow":["GET"]}}],"collection":[{"href":"https:\/\/lescreationsde.celineinmyworldmedium.com\/index.php\/wp-json\/wp\/v2\/pages"}],"about":[{"href":"https:\/\/lescreationsde.celineinmyworldmedium.com\/index.php\/wp-json\/wp\/v2\/types\/page"}],"author":[{"embeddable":true,"href":"https:\/\/lescreationsde.celineinmyworldmedium.com\/index.php\/wp-json\/wp\/v2\/users\/1"}],"replies":[{"embeddable":true,"href":"https:\/\/lescreationsde.celineinmyworldmedium.com\/index.php\/wp-json\/wp\/v2\/comments?post=3029"}],"version-history":[{"count":4,"href":"https:\/\/lescreationsde.celineinmyworldmedium.com\/index.php\/wp-json\/wp\/v2\/pages\/3029\/revisions"}],"predecessor-version":[{"id":3035,"href":"https:\/\/lescreationsde.celineinmyworldmedium.com\/index.php\/wp-json\/wp\/v2\/pages\/3029\/revisions\/3035"}],"wp:attachment":[{"href":"https:\/\/lescreationsde.celineinmyworldmedium.com\/index.php\/wp-json\/wp\/v2\/media?parent=3029"}],"curies":[{"name":"wp","href":"https:\/\/api.w.org\/{rel}","templated":true}]}}