{"id":2527,"date":"2021-09-05T20:01:43","date_gmt":"2021-09-05T18:01:43","guid":{"rendered":"https:\/\/lescreationsde.celineinmyworldmedium.com\/?page_id=2527"},"modified":"2021-10-20T12:29:55","modified_gmt":"2021-10-20T10:29:55","slug":"comment-naviguer-dans-la-boutique-et-le-catalogue","status":"publish","type":"page","link":"https:\/\/lescreationsde.celineinmyworldmedium.com\/index.php\/comment-naviguer-dans-la-boutique-et-le-catalogue\/","title":{"rendered":"Comment naviguer dans la boutique et le catalogue ?"},"content":{"rendered":"\n<p class=\"has-drop-cap\">comment proc\u00e9der ?<\/p>\n\n\n\n<p>\u2022 Vous pouvez aller dans le menu, dans la rubrique \u00ab\u00a0<strong>Boutique<\/strong>\u00a0\u00bb et choisir un bijou d\u00e9j\u00e0 confectionn\u00e9. Le bijou sera peut-\u00eatre l\u00e9g\u00e8rement diff\u00e9rent de la photo, en fonction de la taille de votre poignet (mais \u00e9galement pour respecter le \u00ab\u00a0<strong>mod\u00e8le unique<\/strong>\u00a0\u00bb d\u00e9j\u00e0 cr\u00e9\u00e9).<\/p>\n\n\n\n<p>\u2022 Pour un mod\u00e8le unique, allez dans le menu, dans la rubrique \u00ab\u00a0<strong>Catalogue<\/strong>\u00a0\u00bb et choisissez vos pierres : Soit en fonction de leurs vertus (vous pouvez utiliser la loupe pour rechercher les vertus de votre choix. Exemple : Stress, protection, confiance en soi, etc), soit en fonction de l&rsquo;apparence (photo) de la pierre. Mais vous pouvez aussi me laisser carte-blanche dans le choix des pierres qui seront les meilleures pour vous. J&rsquo;entrerai alors en contact avec vos Guides Spirituels pour qu&rsquo;ils m&rsquo;indiquent ce qu&rsquo;il y a de mieux pour vous. Je vous contacterai par la suite pour vous proposer des accessoires (fermoirs, s\u00e9parateurs, charms, etc). Pour les mod\u00e8les uniques, le \u00ab\u00a0Forfait cr\u00e9ation\u00a0\u00bb d&rsquo;une valeur de 20\u20ac s&rsquo;ajoute au panier.<\/p>\n\n\n\n<p>\u2022 Pour un bijou simple (une seule sorte de pierre par bijou, sans accessoire), choisissez votre pierre dans le menu \u00ab\u00a0<strong>Catalogue<\/strong>\u00a0\u00bb .<\/p>\n\n\n\n<p>Il est \u00e9galement important que vous mesuriez avec pr\u00e9cision votre tour de poignet (pour les bracelets) sans ajouter de centim\u00e8tres \u00e0 votre mesure, afin de celui-ci vous aille comme un gant (voir \u00ab\u00a0<a href=\"https:\/\/lescreationsde.celineinmyworldmedium.com\/index.php\/mesurer-son-tour-de-poignet-pour-bracelets\/\"><strong>Comment mesurer son tour de poignet ?<\/strong><\/a>\u00a0\u00bb ).<\/p>\n\n\n\n<p>Lorsque vous souhaitez commander un bracelet, dans le menu du choix de votre tour de poignet, pensez ensuite \u00e0 s\u00e9lectionnez \u00ab\u00a0<strong>non<\/strong>\u00a0\u00bb \u00e0 la question \u00ab\u00a0<strong>longueur du collier<\/strong>\u00a0\u00bb pour activer le bouton \u00ab\u00a0<strong>AJOUTER AU PANIER<\/strong>\u00a0\u00bb .<\/p>\n\n\n\n<figure class=\"wp-block-image size-full\"><img loading=\"lazy\" decoding=\"async\" width=\"381\" height=\"205\" src=\"https:\/\/lescreationsde.celineinmyworldmedium.com\/wp-content\/uploads\/2021\/09\/longueur_du_collier_NON.jpg\" alt=\"\" class=\"wp-image-2531\" srcset=\"https:\/\/lescreationsde.celineinmyworldmedium.com\/wp-content\/uploads\/2021\/09\/longueur_du_collier_NON.jpg 381w, https:\/\/lescreationsde.celineinmyworldmedium.com\/wp-content\/uploads\/2021\/09\/longueur_du_collier_NON-64x34.jpg 64w, https:\/\/lescreationsde.celineinmyworldmedium.com\/wp-content\/uploads\/2021\/09\/longueur_du_collier_NON-300x161.jpg 300w, https:\/\/lescreationsde.celineinmyworldmedium.com\/wp-content\/uploads\/2021\/09\/longueur_du_collier_NON-112x60.jpg 112w\" sizes=\"auto, (max-width: 381px) 100vw, 381px\" \/><\/figure>\n\n\n\n<p>Pour d\u00e9couvrir comment entretenir vos bijoux pour le nettoyage et rechargement \u00e9nerg\u00e9tique de vos pierres, allez dans le menu \u00ab\u00a0<strong>Boutique<\/strong>\u00a0\u00bb et s\u00e9lectionnez les \u00ab\u00a0<strong>Purification des pierres<\/strong>\u00a0\u00bb .<\/p>\n","protected":false},"excerpt":{"rendered":"<p>comment proc\u00e9der ? \u2022 Vous pouvez aller dans le menu, dans la rubrique \u00ab\u00a0Boutique\u00a0\u00bb et choisir un bijou d\u00e9j\u00e0 confectionn\u00e9. Le bijou sera peut-\u00eatre l\u00e9g\u00e8rement diff\u00e9rent de la photo, en fonction de la taille de votre poignet (mais \u00e9galement pour respecter le \u00ab\u00a0mod\u00e8le unique\u00a0\u00bb d\u00e9j\u00e0 cr\u00e9\u00e9). \u2022 Pour un mod\u00e8le unique, allez dans le menu, [&hellip;]<\/p>\n","protected":false},"author":1,"featured_media":0,"parent":0,"menu_order":0,"comment_status":"closed","ping_status":"closed","template":"","meta":{"footnotes":""},"class_list":["post-2527","page","type-page","status-publish","hentry"],"yoast_head":"<!-- This site is optimized with the Yoast SEO plugin v27.2 - https:\/\/yoast.com\/product\/yoast-seo-wordpress\/ -->\n<title>La Boutique - Comment naviguer dans la boutique et le catalogue ?<\/title>\n<meta name=\"description\" content=\"Pour un bijou simple (une seule sorte de pierre par bijou, sans accessoire), choisissez votre pierre dans le menu &quot;Catalogue&quot;.\" \/>\n<meta name=\"robots\" content=\"index, follow, max-snippet:-1, max-image-preview:large, max-video-preview:-1\" \/>\n<link rel=\"canonical\" href=\"https:\/\/lescreationsde.celineinmyworldmedium.com\/index.php\/comment-naviguer-dans-la-boutique-et-le-catalogue\/\" \/>\n<meta property=\"og:locale\" content=\"fr_FR\" \/>\n<meta property=\"og:type\" content=\"article\" \/>\n<meta property=\"og:title\" content=\"La Boutique - Comment naviguer dans la boutique et le catalogue ?\" \/>\n<meta property=\"og:description\" content=\"Pour un bijou simple (une seule sorte de pierre par bijou, sans accessoire), choisissez votre pierre dans le menu &quot;Catalogue&quot;.\" \/>\n<meta property=\"og:url\" content=\"https:\/\/lescreationsde.celineinmyworldmedium.com\/index.php\/comment-naviguer-dans-la-boutique-et-le-catalogue\/\" \/>\n<meta property=\"og:site_name\" content=\"Les cr\u00e9ations de C\u00e9line Inmyworld\" \/>\n<meta property=\"article:modified_time\" content=\"2021-10-20T10:29:55+00:00\" \/>\n<meta property=\"og:image\" content=\"https:\/\/lescreationsde.celineinmyworldmedium.com\/wp-content\/uploads\/2021\/09\/longueur_du_collier_NON.jpg\" \/>\n<meta name=\"twitter:card\" content=\"summary_large_image\" \/>\n<meta name=\"twitter:label1\" content=\"Dur\u00e9e de lecture estim\u00e9e\" \/>\n\t<meta name=\"twitter:data1\" content=\"2 minutes\" \/>\n<script type=\"application\/ld+json\" class=\"yoast-schema-graph\">{\"@context\":\"https:\/\/schema.org\",\"@graph\":[{\"@type\":\"WebPage\",\"@id\":\"https:\/\/lescreationsde.celineinmyworldmedium.com\/index.php\/comment-naviguer-dans-la-boutique-et-le-catalogue\/\",\"url\":\"https:\/\/lescreationsde.celineinmyworldmedium.com\/index.php\/comment-naviguer-dans-la-boutique-et-le-catalogue\/\",\"name\":\"La Boutique - Comment naviguer dans la boutique et le catalogue ?\",\"isPartOf\":{\"@id\":\"https:\/\/lescreationsde.celineinmyworldmedium.com\/#website\"},\"primaryImageOfPage\":{\"@id\":\"https:\/\/lescreationsde.celineinmyworldmedium.com\/index.php\/comment-naviguer-dans-la-boutique-et-le-catalogue\/#primaryimage\"},\"image\":{\"@id\":\"https:\/\/lescreationsde.celineinmyworldmedium.com\/index.php\/comment-naviguer-dans-la-boutique-et-le-catalogue\/#primaryimage\"},\"thumbnailUrl\":\"https:\/\/lescreationsde.celineinmyworldmedium.com\/wp-content\/uploads\/2021\/09\/longueur_du_collier_NON.jpg\",\"datePublished\":\"2021-09-05T18:01:43+00:00\",\"dateModified\":\"2021-10-20T10:29:55+00:00\",\"description\":\"Pour un bijou simple (une seule sorte de pierre par bijou, sans accessoire), choisissez votre pierre dans le menu \\\"Catalogue\\\".\",\"breadcrumb\":{\"@id\":\"https:\/\/lescreationsde.celineinmyworldmedium.com\/index.php\/comment-naviguer-dans-la-boutique-et-le-catalogue\/#breadcrumb\"},\"inLanguage\":\"fr-FR\",\"potentialAction\":[{\"@type\":\"ReadAction\",\"target\":[\"https:\/\/lescreationsde.celineinmyworldmedium.com\/index.php\/comment-naviguer-dans-la-boutique-et-le-catalogue\/\"]}]},{\"@type\":\"ImageObject\",\"inLanguage\":\"fr-FR\",\"@id\":\"https:\/\/lescreationsde.celineinmyworldmedium.com\/index.php\/comment-naviguer-dans-la-boutique-et-le-catalogue\/#primaryimage\",\"url\":\"https:\/\/lescreationsde.celineinmyworldmedium.com\/wp-content\/uploads\/2021\/09\/longueur_du_collier_NON.jpg\",\"contentUrl\":\"https:\/\/lescreationsde.celineinmyworldmedium.com\/wp-content\/uploads\/2021\/09\/longueur_du_collier_NON.jpg\",\"width\":381,\"height\":205},{\"@type\":\"BreadcrumbList\",\"@id\":\"https:\/\/lescreationsde.celineinmyworldmedium.com\/index.php\/comment-naviguer-dans-la-boutique-et-le-catalogue\/#breadcrumb\",\"itemListElement\":[{\"@type\":\"ListItem\",\"position\":1,\"name\":\"Accueil\",\"item\":\"https:\/\/lescreationsde.celineinmyworldmedium.com\/\"},{\"@type\":\"ListItem\",\"position\":2,\"name\":\"Comment naviguer dans la boutique et le catalogue ?\"}]},{\"@type\":\"WebSite\",\"@id\":\"https:\/\/lescreationsde.celineinmyworldmedium.com\/#website\",\"url\":\"https:\/\/lescreationsde.celineinmyworldmedium.com\/\",\"name\":\"Les cr\u00e9ations de C\u00e9line Inmyworld\",\"description\":\"Cr\u00e9ation de bijoux personnalis\u00e9s, sur-mesure, en pierres semi-pr\u00e9cieuses de qualit\u00e9. Bracelets, boucles d&#039;oreilles, colliers, sautoirs, malas, cha\u00eenes de cheville, bagues...\u2764\",\"publisher\":{\"@id\":\"https:\/\/lescreationsde.celineinmyworldmedium.com\/#organization\"},\"potentialAction\":[{\"@type\":\"SearchAction\",\"target\":{\"@type\":\"EntryPoint\",\"urlTemplate\":\"https:\/\/lescreationsde.celineinmyworldmedium.com\/?s={search_term_string}\"},\"query-input\":{\"@type\":\"PropertyValueSpecification\",\"valueRequired\":true,\"valueName\":\"search_term_string\"}}],\"inLanguage\":\"fr-FR\"},{\"@type\":\"Organization\",\"@id\":\"https:\/\/lescreationsde.celineinmyworldmedium.com\/#organization\",\"name\":\"Les cr\u00e9ations de C\u00e9line Inmyworld\",\"url\":\"https:\/\/lescreationsde.celineinmyworldmedium.com\/\",\"logo\":{\"@type\":\"ImageObject\",\"inLanguage\":\"fr-FR\",\"@id\":\"https:\/\/lescreationsde.celineinmyworldmedium.com\/#\/schema\/logo\/image\/\",\"url\":\"https:\/\/lescreationsde.celineinmyworldmedium.com\/wp-content\/uploads\/2021\/03\/logo_creations3.png\",\"contentUrl\":\"https:\/\/lescreationsde.celineinmyworldmedium.com\/wp-content\/uploads\/2021\/03\/logo_creations3.png\",\"width\":613,\"height\":190,\"caption\":\"Les cr\u00e9ations de C\u00e9line Inmyworld\"},\"image\":{\"@id\":\"https:\/\/lescreationsde.celineinmyworldmedium.com\/#\/schema\/logo\/image\/\"}}]}<\/script>\n<!-- \/ Yoast SEO plugin. -->","yoast_head_json":{"title":"La Boutique - Comment naviguer dans la boutique et le catalogue ?","description":"Pour un bijou simple (une seule sorte de pierre par bijou, sans accessoire), choisissez votre pierre dans le menu \"Catalogue\".","robots":{"index":"index","follow":"follow","max-snippet":"max-snippet:-1","max-image-preview":"max-image-preview:large","max-video-preview":"max-video-preview:-1"},"canonical":"https:\/\/lescreationsde.celineinmyworldmedium.com\/index.php\/comment-naviguer-dans-la-boutique-et-le-catalogue\/","og_locale":"fr_FR","og_type":"article","og_title":"La Boutique - Comment naviguer dans la boutique et le catalogue ?","og_description":"Pour un bijou simple (une seule sorte de pierre par bijou, sans accessoire), choisissez votre pierre dans le menu \"Catalogue\".","og_url":"https:\/\/lescreationsde.celineinmyworldmedium.com\/index.php\/comment-naviguer-dans-la-boutique-et-le-catalogue\/","og_site_name":"Les cr\u00e9ations de C\u00e9line Inmyworld","article_modified_time":"2021-10-20T10:29:55+00:00","og_image":[{"url":"https:\/\/lescreationsde.celineinmyworldmedium.com\/wp-content\/uploads\/2021\/09\/longueur_du_collier_NON.jpg","type":"","width":"","height":""}],"twitter_card":"summary_large_image","twitter_misc":{"Dur\u00e9e de lecture estim\u00e9e":"2 minutes"},"schema":{"@context":"https:\/\/schema.org","@graph":[{"@type":"WebPage","@id":"https:\/\/lescreationsde.celineinmyworldmedium.com\/index.php\/comment-naviguer-dans-la-boutique-et-le-catalogue\/","url":"https:\/\/lescreationsde.celineinmyworldmedium.com\/index.php\/comment-naviguer-dans-la-boutique-et-le-catalogue\/","name":"La Boutique - Comment naviguer dans la boutique et le catalogue ?","isPartOf":{"@id":"https:\/\/lescreationsde.celineinmyworldmedium.com\/#website"},"primaryImageOfPage":{"@id":"https:\/\/lescreationsde.celineinmyworldmedium.com\/index.php\/comment-naviguer-dans-la-boutique-et-le-catalogue\/#primaryimage"},"image":{"@id":"https:\/\/lescreationsde.celineinmyworldmedium.com\/index.php\/comment-naviguer-dans-la-boutique-et-le-catalogue\/#primaryimage"},"thumbnailUrl":"https:\/\/lescreationsde.celineinmyworldmedium.com\/wp-content\/uploads\/2021\/09\/longueur_du_collier_NON.jpg","datePublished":"2021-09-05T18:01:43+00:00","dateModified":"2021-10-20T10:29:55+00:00","description":"Pour un bijou simple (une seule sorte de pierre par bijou, sans accessoire), choisissez votre pierre dans le menu \"Catalogue\".","breadcrumb":{"@id":"https:\/\/lescreationsde.celineinmyworldmedium.com\/index.php\/comment-naviguer-dans-la-boutique-et-le-catalogue\/#breadcrumb"},"inLanguage":"fr-FR","potentialAction":[{"@type":"ReadAction","target":["https:\/\/lescreationsde.celineinmyworldmedium.com\/index.php\/comment-naviguer-dans-la-boutique-et-le-catalogue\/"]}]},{"@type":"ImageObject","inLanguage":"fr-FR","@id":"https:\/\/lescreationsde.celineinmyworldmedium.com\/index.php\/comment-naviguer-dans-la-boutique-et-le-catalogue\/#primaryimage","url":"https:\/\/lescreationsde.celineinmyworldmedium.com\/wp-content\/uploads\/2021\/09\/longueur_du_collier_NON.jpg","contentUrl":"https:\/\/lescreationsde.celineinmyworldmedium.com\/wp-content\/uploads\/2021\/09\/longueur_du_collier_NON.jpg","width":381,"height":205},{"@type":"BreadcrumbList","@id":"https:\/\/lescreationsde.celineinmyworldmedium.com\/index.php\/comment-naviguer-dans-la-boutique-et-le-catalogue\/#breadcrumb","itemListElement":[{"@type":"ListItem","position":1,"name":"Accueil","item":"https:\/\/lescreationsde.celineinmyworldmedium.com\/"},{"@type":"ListItem","position":2,"name":"Comment naviguer dans la boutique et le catalogue ?"}]},{"@type":"WebSite","@id":"https:\/\/lescreationsde.celineinmyworldmedium.com\/#website","url":"https:\/\/lescreationsde.celineinmyworldmedium.com\/","name":"Les cr\u00e9ations de C\u00e9line Inmyworld","description":"Cr\u00e9ation de bijoux personnalis\u00e9s, sur-mesure, en pierres semi-pr\u00e9cieuses de qualit\u00e9. Bracelets, boucles d&#039;oreilles, colliers, sautoirs, malas, cha\u00eenes de cheville, bagues...\u2764","publisher":{"@id":"https:\/\/lescreationsde.celineinmyworldmedium.com\/#organization"},"potentialAction":[{"@type":"SearchAction","target":{"@type":"EntryPoint","urlTemplate":"https:\/\/lescreationsde.celineinmyworldmedium.com\/?s={search_term_string}"},"query-input":{"@type":"PropertyValueSpecification","valueRequired":true,"valueName":"search_term_string"}}],"inLanguage":"fr-FR"},{"@type":"Organization","@id":"https:\/\/lescreationsde.celineinmyworldmedium.com\/#organization","name":"Les cr\u00e9ations de C\u00e9line Inmyworld","url":"https:\/\/lescreationsde.celineinmyworldmedium.com\/","logo":{"@type":"ImageObject","inLanguage":"fr-FR","@id":"https:\/\/lescreationsde.celineinmyworldmedium.com\/#\/schema\/logo\/image\/","url":"https:\/\/lescreationsde.celineinmyworldmedium.com\/wp-content\/uploads\/2021\/03\/logo_creations3.png","contentUrl":"https:\/\/lescreationsde.celineinmyworldmedium.com\/wp-content\/uploads\/2021\/03\/logo_creations3.png","width":613,"height":190,"caption":"Les cr\u00e9ations de C\u00e9line Inmyworld"},"image":{"@id":"https:\/\/lescreationsde.celineinmyworldmedium.com\/#\/schema\/logo\/image\/"}}]}},"jetpack_sharing_enabled":true,"_links":{"self":[{"href":"https:\/\/lescreationsde.celineinmyworldmedium.com\/index.php\/wp-json\/wp\/v2\/pages\/2527","targetHints":{"allow":["GET"]}}],"collection":[{"href":"https:\/\/lescreationsde.celineinmyworldmedium.com\/index.php\/wp-json\/wp\/v2\/pages"}],"about":[{"href":"https:\/\/lescreationsde.celineinmyworldmedium.com\/index.php\/wp-json\/wp\/v2\/types\/page"}],"author":[{"embeddable":true,"href":"https:\/\/lescreationsde.celineinmyworldmedium.com\/index.php\/wp-json\/wp\/v2\/users\/1"}],"replies":[{"embeddable":true,"href":"https:\/\/lescreationsde.celineinmyworldmedium.com\/index.php\/wp-json\/wp\/v2\/comments?post=2527"}],"version-history":[{"count":11,"href":"https:\/\/lescreationsde.celineinmyworldmedium.com\/index.php\/wp-json\/wp\/v2\/pages\/2527\/revisions"}],"predecessor-version":[{"id":2542,"href":"https:\/\/lescreationsde.celineinmyworldmedium.com\/index.php\/wp-json\/wp\/v2\/pages\/2527\/revisions\/2542"}],"wp:attachment":[{"href":"https:\/\/lescreationsde.celineinmyworldmedium.com\/index.php\/wp-json\/wp\/v2\/media?parent=2527"}],"curies":[{"name":"wp","href":"https:\/\/api.w.org\/{rel}","templated":true}]}}